{"id":101,"date":"2021-06-21T20:25:26","date_gmt":"2021-06-21T23:25:26","guid":{"rendered":"https:\/\/palmas.uft.edu.br\/grad\/ccomp\/?page_id=101"},"modified":"2021-09-23T16:35:16","modified_gmt":"2021-09-23T19:35:16","slug":"corpo-tecnico","status":"publish","type":"page","link":"https:\/\/palmas.uft.edu.br\/grad\/ccomp\/?page_id=101","title":{"rendered":"Corpo T\u00e9cnico"},"content":{"rendered":"\n<p><strong>Corpo T\u00e9cnico Administrativo<\/strong>:<\/p>\n\n\n\n<p><strong>Andr\u00e9 Barcelos<\/strong><\/p>\n\n\n\n<p>Atua junto \u00e0 infraestrutura de tecnologia da informa\u00e7\u00e3o nos laborat\u00f3rios do curso. <\/p>\n\n\n\n<p><strong>E-mail:<\/strong>&nbsp;<a href=\"http:\/\/uft.edu.br\/comp\/comppalmas@uft.edu.br\">barcelos@uft.edu.br<\/a><\/p>\n\n\n\n<p><strong>Endere\u00e7o:<\/strong>&nbsp;UFT, Bloco 3, sala 4-B.<\/p>\n\n\n\n<p><strong>Fone:<\/strong>&nbsp;(63) 3232-8027<\/p>\n\n\n\n<p><strong>Fun\u00e7\u00e3o:<\/strong>&nbsp;T\u00e9cnico de T. I.<\/p>\n\n\n\n<p><\/p>\n\n\n\n<p><strong>Caio Cesar de Almeida Bonfim<\/strong><\/p>\n\n\n\n<p>Trata dos assuntos administrativos da coordena\u00e7\u00e3o.<\/p>\n\n\n\n<p><strong>E-mail:<\/strong>\u00a0<a href=\"http:\/\/uft.edu.br\/comp\/comppalmas@uft.edu.br\">comppalmas@uft.edu.br<\/a><\/p>\n\n\n\n<p><strong>Endere\u00e7o:<\/strong>&nbsp;UFT, Bloco 3, sala 4.<\/p>\n\n\n\n<p><strong>Fone:<\/strong>&nbsp;(63) 3232-8027<\/p>\n\n\n\n<p><strong>Fun\u00e7\u00e3o:<\/strong>&nbsp;Secret\u00e1rio.<\/p>\n\n\n\n<p><\/p>\n\n\n\n<p><strong>Elaynne Almeida<\/strong><\/p>\n\n\n\n<p>Desenvolve sistemas solicitados pelo curso.<\/p>\n\n\n\n<p><strong>E-mail:<\/strong>&nbsp;<a href=\"http:\/\/uft.edu.br\/comp\/comppalmas@uft.edu.br\">elaynnealmeida@uft.edu.br<\/a><\/p>\n\n\n\n<p><strong>Endere\u00e7o:<\/strong>&nbsp;UFT, Bloco 3, sala 4-B.<\/p>\n\n\n\n<p><strong>Fone:<\/strong>&nbsp;(63) 3232-8027<\/p>\n\n\n\n<p><strong>Fun\u00e7\u00e3o:<\/strong>&nbsp;Analista de T. I.<\/p>\n","protected":false},"excerpt":{"rendered":"<p>Corpo T\u00e9cnico Administrativo: Andr\u00e9 Barcelos Atua junto \u00e0 infraestrutura de tecnologia da informa\u00e7\u00e3o nos laborat\u00f3rios do curso. E-mail:&nbsp;barcelos@uft.edu.br Endere\u00e7o:&nbsp;UFT, Bloco &hellip; <\/p>\n","protected":false},"author":1,"featured_media":0,"parent":0,"menu_order":0,"comment_status":"closed","ping_status":"closed","template":"","meta":[],"_links":{"self":[{"href":"https:\/\/palmas.uft.edu.br\/grad\/ccomp\/index.php?rest_route=\/wp\/v2\/pages\/101"}],"collection":[{"href":"https:\/\/palmas.uft.edu.br\/grad\/ccomp\/index.php?rest_route=\/wp\/v2\/pages"}],"about":[{"href":"https:\/\/palmas.uft.edu.br\/grad\/ccomp\/index.php?rest_route=\/wp\/v2\/types\/page"}],"author":[{"embeddable":true,"href":"https:\/\/palmas.uft.edu.br\/grad\/ccomp\/index.php?rest_route=\/wp\/v2\/users\/1"}],"replies":[{"embeddable":true,"href":"https:\/\/palmas.uft.edu.br\/grad\/ccomp\/index.php?rest_route=%2Fwp%2Fv2%2Fcomments&post=101"}],"version-history":[{"count":7,"href":"https:\/\/palmas.uft.edu.br\/grad\/ccomp\/index.php?rest_route=\/wp\/v2\/pages\/101\/revisions"}],"predecessor-version":[{"id":477,"href":"https:\/\/palmas.uft.edu.br\/grad\/ccomp\/index.php?rest_route=\/wp\/v2\/pages\/101\/revisions\/477"}],"wp:attachment":[{"href":"https:\/\/palmas.uft.edu.br\/grad\/ccomp\/index.php?rest_route=%2Fwp%2Fv2%2Fmedia&parent=101"}],"curies":[{"name":"wp","href":"https:\/\/api.w.org\/{rel}","templated":true}]}}