{"id":214,"date":"2021-08-17T11:14:51","date_gmt":"2021-08-17T14:14:51","guid":{"rendered":"https:\/\/palmas.uft.edu.br\/grad\/ccomp\/?page_id=214"},"modified":"2021-08-17T11:15:26","modified_gmt":"2021-08-17T14:15:26","slug":"pos-graduacao","status":"publish","type":"page","link":"https:\/\/palmas.uft.edu.br\/grad\/ccomp\/?page_id=214","title":{"rendered":"P\u00f3s Gradua\u00e7\u00e3o"},"content":{"rendered":"\n<p><strong>Especializa\u00e7\u00e3o em An\u00e1lise de Dados<\/strong><\/p>\n\n\n\n<p>O curso de Especializa\u00e7\u00e3o em An\u00e1lise de Dados foi concebido para a forma\u00e7\u00e3o de servidores da Universidade Federal do Tocantins, institui\u00e7\u00f5es parceiras, nesse caso a Controladoria Geral da Uni\u00e3o (CGU) regional Tocantins, assim como, para a comunidade, para que os acad\u00eamicos possam propor e desenvolver projetos e prot\u00f3tipos de solu\u00e7\u00f5es em an\u00e1lise de dados no contexto do Universidade Federal do Tocantins e institui\u00e7\u00f5es \u00e0s quais est\u00e3o associados, a partir das metodologias, t\u00e9cnicas e ferramentas abordadas no curso.<\/p>\n\n\n\n<p><strong> Especializa\u00e7\u00e3o em An\u00e1lise de Dados de Controle<\/strong> <\/p>\n\n\n\n<p>O curso de Especializa\u00e7\u00e3o em An\u00e1lise de Dados de Controle foi concebido para a forma\u00e7\u00e3o de servidores do Tribunal de Contas do Tocantins e da Universidade Federal do Tocantins, para que os mesmos possam propor e desenvolver projetos e prot\u00f3tipos de solu\u00e7\u00f5es em an\u00e1lise de dados no contexto do Tribunal de Contas do Estado do Tocantins (TCE\/TO), a partir das metodologias, t\u00e9cnicas e ferramentas abordadas no curso.<\/p>\n","protected":false},"excerpt":{"rendered":"<p>Especializa\u00e7\u00e3o em An\u00e1lise de Dados O curso de Especializa\u00e7\u00e3o em An\u00e1lise de Dados foi concebido para a forma\u00e7\u00e3o de servidores &hellip; <\/p>\n","protected":false},"author":1,"featured_media":0,"parent":0,"menu_order":0,"comment_status":"closed","ping_status":"closed","template":"","meta":[],"_links":{"self":[{"href":"https:\/\/palmas.uft.edu.br\/grad\/ccomp\/index.php?rest_route=\/wp\/v2\/pages\/214"}],"collection":[{"href":"https:\/\/palmas.uft.edu.br\/grad\/ccomp\/index.php?rest_route=\/wp\/v2\/pages"}],"about":[{"href":"https:\/\/palmas.uft.edu.br\/grad\/ccomp\/index.php?rest_route=\/wp\/v2\/types\/page"}],"author":[{"embeddable":true,"href":"https:\/\/palmas.uft.edu.br\/grad\/ccomp\/index.php?rest_route=\/wp\/v2\/users\/1"}],"replies":[{"embeddable":true,"href":"https:\/\/palmas.uft.edu.br\/grad\/ccomp\/index.php?rest_route=%2Fwp%2Fv2%2Fcomments&post=214"}],"version-history":[{"count":2,"href":"https:\/\/palmas.uft.edu.br\/grad\/ccomp\/index.php?rest_route=\/wp\/v2\/pages\/214\/revisions"}],"predecessor-version":[{"id":216,"href":"https:\/\/palmas.uft.edu.br\/grad\/ccomp\/index.php?rest_route=\/wp\/v2\/pages\/214\/revisions\/216"}],"wp:attachment":[{"href":"https:\/\/palmas.uft.edu.br\/grad\/ccomp\/index.php?rest_route=%2Fwp%2Fv2%2Fmedia&parent=214"}],"curies":[{"name":"wp","href":"https:\/\/api.w.org\/{rel}","templated":true}]}}