{"id":221,"date":"2021-08-17T11:26:27","date_gmt":"2021-08-17T14:26:27","guid":{"rendered":"https:\/\/palmas.uft.edu.br\/grad\/ccomp\/?page_id=221"},"modified":"2021-09-23T16:40:38","modified_gmt":"2021-09-23T19:40:38","slug":"centro-academico","status":"publish","type":"page","link":"https:\/\/palmas.uft.edu.br\/grad\/ccomp\/?page_id=221","title":{"rendered":"Centro Acad\u00eamico"},"content":{"rendered":"\n<h1><\/h1>\n\n\n\n<p>Os estudantes do curso t\u00eam como espa\u00e7o de intera\u00e7\u00e3o social e acad\u00eamica o Centro&nbsp;Acad\u00eamico. As diretorias do CA est\u00e3o sempre em contato direto com os docentes inclusive com representa\u00e7\u00e3o &nbsp;de &nbsp;um &nbsp;quinto &nbsp;do &nbsp;n\u00famero &nbsp;de &nbsp;docentes &nbsp;no &nbsp;colegiado &nbsp;de &nbsp;curso.<\/p>\n\n\n\n<p>P\u00e1gina do C.A. no Facebook:&nbsp;<a href=\"https:\/\/www.facebook.com\/caccompuft\">https:\/\/www.facebook.com\/caccompuft<\/a><\/p>\n\n\n\n<p>Twiiter do CA:&nbsp;<a href=\"https:\/\/twitter.com\/CACCOMP\">https:\/\/twitter.com\/CACCOMP&nbsp;<\/a><\/p>\n\n\n\n<p>Abaixo &nbsp;\u00e9 apresentado o hist\u00f3rico do CA.<\/p>\n\n\n\n<p>O Centro Acad\u00eamico de Ci\u00eancia da Computa\u00e7\u00e3o foi criado na Assembl\u00e9ia Geral de&nbsp;23 de junho de 2004 teve seus primeiros dirigentes escolhidos na pr\u00f3pria Assembl\u00e9ia. Nessa mesma reuni\u00e3o, os estudantes decidiram os rumos que a entidade deveria seguir, aprovando o Estatuto Social do CA que foi amplamente discutido nesse dia.<\/p>\n\n\n\n<hr class=\"wp-block-separator\"\/>\n\n\n\n<p>\u2022 &nbsp; &nbsp;DIRETORIA \u2013 2016 \u2013 Presidente: Leonardo Rezende Costa; Vice-Presidente: Caio Fernando Barbosa Fran\u00e7a de Moraes; Tesoureiro:Matheus Aguiar Fagundes; 1 \u00ba Secret\u00e1rio: Paulo S\u00e9rgio Atavila J\u00fanior; 2 \u00ba Secret\u00e1rio: Felipe Reis Macedo Barbosa; Dire\u00e7\u00e3o de ensino, Pesquisa e Extens\u00e3o: Kleyson Morais de Sousa; Dire\u00e7\u00e3o de Eventos: Iago T\u00edbor da Cunha Pinheiro; Dire\u00e7\u00e3o de Imprensa e Divulga\u00e7\u00e3o: Osmir Mariano; Dire\u00e7\u00e3o de Assuntos Estudantis: Maur\u00edcio de Souza.<\/p>\n\n\n\n<hr class=\"wp-block-separator\"\/>\n\n\n\n<p>\u2022 &nbsp; &nbsp;DIRETORIA \u2013 2015 \u2013 Presidente: Wandro Beckman Maciel; Vice-Presidente: Tiago Baltazar dos Santos; Tesoureiro:&nbsp;Idnilson Nunes de Aguiar; 1 \u00ba Secret\u00e1rio: Jhonatan Sousa Santiago; 2 \u00ba Secret\u00e1rio: Adrianne Alves da Silva; Dire\u00e7\u00e3o de ensino, Pesquisa e Extens\u00e3o: Felipe Barboza; Dire\u00e7\u00e3o de Eventos: Thiago Parente; Dire\u00e7\u00e3o de Imprensa e Divulga\u00e7\u00e3o: Murillo Dourado Bastos; Dire\u00e7\u00e3o de Assuntos Estudantis: Vin\u00edcius Aires Barros.<\/p>\n\n\n\n<hr class=\"wp-block-separator\"\/>\n\n\n\n<p>\u2022&nbsp;&nbsp;&nbsp; SEXTA &nbsp;DIRETORIA \u2013 2010 \u2013 Presidente: Fernando Bezerra Chagas; Vice-Presidente: Thayllon Gomes Abreu; Tesoureiro: Igor Barreto Rodrigues; 1 \u00ba Secret\u00e1rio: Hudson Miranda Sousa; 2 \u00ba Secret\u00e1rio: Paulo Henrique Lima Co\u00ealho; Dire\u00e7\u00e3o de ensino, Pesquisa e Extens\u00e3o: Francisco Glaubos Nunes Climaco; Dire\u00e7\u00e3o de Eventos: Marcos Le\u00e3o Pereira Moura; Dire\u00e7\u00e3o de Imprensa e Divulga\u00e7\u00e3o: Marcelo Claudio Sousa Araujo; Dire\u00e7\u00e3o de Cultura e Esportes: Dyego Santos Morais; Dire\u00e7\u00e3o de Assuntos Estudantis: Pedro Henrique Silva Mendes dos Reis.<\/p>\n\n\n\n<hr class=\"wp-block-separator\"\/>\n\n\n\n<p>No dia 29 de Setembro de 2008 houve a refunda\u00e7\u00e3o do Centro Acad\u00eamico, com registro de Pessoa Jur\u00eddica.<\/p>\n\n\n\n<p>\u2022&nbsp;&nbsp;&nbsp; QUINTA&nbsp;&nbsp; &nbsp;DIRETORIA \u2013 2008 \u2013 Presidente: Felipe Fernandes de Albuquerque; Vice: Renan Portela; 1\u00ba Secret\u00e1ria: Jacqueline Hungria; 2\u00ba Secret\u00e1rio: Daniel Ara\u00fajo; Tesoureiro: Edcarllos &nbsp;Gon\u00e7alves; Diretor de Eventos: Luis Silv\u00e9rio; Diretor de Imprensa: Ennio Willian; Diretor de Esportes: Frederico Pires; Diretor Ensino: Tito Evangelista; Diretor Estudantil: Willian Lunardi.<\/p>\n\n\n\n<hr class=\"wp-block-separator\"\/>\n\n\n\n<p>\u2022&nbsp;&nbsp;&nbsp; QUARTA&nbsp;&nbsp; &nbsp;DIRETORIA \u2013 2007 \u2013 Presidente: Felipe Fernandes de Albuquerque; Vice: &nbsp;Renan Portela de Sousa; 1\u00ba &nbsp;Secret\u00e1ria:&nbsp; Josanna Hanna; 2\u00ba Secret\u00e1rio: Thaniel Alves; 1\u00ba Tesoureiro: Guilherme Batista Ferreira; 2\u00ba Tesoureiro: Marcos de Melo; Coord. &nbsp;Imprensa: Renato Uch\u00f4a; Coord. &nbsp;Cultura, Coord. Ensino: J\u00e2nio Silva; Coord. Estudantis: Fl\u00e1vio Henrich. Tanilson Dias.<\/p>\n\n\n\n<hr class=\"wp-block-separator\"\/>\n\n\n\n<p>\u2022&nbsp;&nbsp;&nbsp; TERCEIRA DIRETORIA \u2013 FINAL DE 2006 \u2013 Presidente: Belmiro Reis; Vice: Luis Ar\u00e3o; 1\u00ba Secret\u00e1rio: Daiene &nbsp;Ferreira; 2\u00ba Secret\u00e1rio:&nbsp; Marciano de Sousa Ribeiro; 1\u00ba Tesoureiro: Guilherme&nbsp; &nbsp;Batista; 2\u00ba Tesoureiro: Evandro Alves de Almeida; Coord. Imprensa: Felipe F. de Albuquerque; Coord. Cultural: Jefferson de Almeida; Coord. Ensino: Sofia Larissa; Coord Estudantil: Vin\u00edcius Prado.<\/p>\n\n\n\n<hr class=\"wp-block-separator\"\/>\n\n\n\n<p>\u2022&nbsp;&nbsp;&nbsp; SEGUNDA DIRETORIA \u2013 INICIO DE 2006 \u2013 Presidente: Elencarlos Soares; Vice: Jonas Naponuceno; 1\u00ba Secret\u00e1rio: Anderson Pinto; 2\u00ba Secret\u00e1rio: Edson Faustino; 1\u00ba Tesoureiro: Patrik&nbsp;&nbsp;&nbsp;&nbsp;&nbsp; &nbsp;Guedes; 2\u00ba Tesoureiro Jonas de Macedo; Coord. Imprensa: Leonardo Silva Sousa; Coord. Cultural: Fl\u00e1vio Ara\u00fajo; Coord. Ensino: Hellen Vieira; Coord Estudantil: Gabriel Eug\u00eanio.<\/p>\n\n\n\n<hr class=\"wp-block-separator\"\/>\n\n\n\n<p>\u2022&nbsp;&nbsp;&nbsp; PRIMEIRA DIRETORIA \u2013 FINAL DE 2004 \u2013 Presidente Ivan Xavier; Vice: Sani Jair; 1\u00ba Secret\u00e1rio: Edivano de Sousa; 2\u00ba Secret\u00e1rio, 1\u00ba Tesoureiro: Rafael Lima; 2\u00ba Tesoureiro: Lucas&nbsp;&nbsp;&nbsp;&nbsp;&nbsp;&nbsp; &nbsp;Emmanoel; Coord.Imprensa, Coord.Cultural: Pedro Renan; Coord. Ensino: Paulo Canedo; Coord Estudantil: Michel Almeida; Frederick Labre; Vagner Parente.<\/p>\n\n\n\n<hr class=\"wp-block-separator\"\/>\n\n\n\n<p>\u2022&nbsp;&nbsp;&nbsp; DIRETORIA PROVIS\u00d3RIA DE 2004: Presidente da Diretoria Provis\u00f3ria: Telmo&nbsp;Lucas Silveira<\/p>\n","protected":false},"excerpt":{"rendered":"<p>Os estudantes do curso t\u00eam como espa\u00e7o de intera\u00e7\u00e3o social e acad\u00eamica o Centro&nbsp;Acad\u00eamico. As diretorias do CA est\u00e3o sempre &hellip; <\/p>\n","protected":false},"author":1,"featured_media":0,"parent":0,"menu_order":0,"comment_status":"closed","ping_status":"closed","template":"","meta":[],"_links":{"self":[{"href":"https:\/\/palmas.uft.edu.br\/grad\/ccomp\/index.php?rest_route=\/wp\/v2\/pages\/221"}],"collection":[{"href":"https:\/\/palmas.uft.edu.br\/grad\/ccomp\/index.php?rest_route=\/wp\/v2\/pages"}],"about":[{"href":"https:\/\/palmas.uft.edu.br\/grad\/ccomp\/index.php?rest_route=\/wp\/v2\/types\/page"}],"author":[{"embeddable":true,"href":"https:\/\/palmas.uft.edu.br\/grad\/ccomp\/index.php?rest_route=\/wp\/v2\/users\/1"}],"replies":[{"embeddable":true,"href":"https:\/\/palmas.uft.edu.br\/grad\/ccomp\/index.php?rest_route=%2Fwp%2Fv2%2Fcomments&post=221"}],"version-history":[{"count":2,"href":"https:\/\/palmas.uft.edu.br\/grad\/ccomp\/index.php?rest_route=\/wp\/v2\/pages\/221\/revisions"}],"predecessor-version":[{"id":478,"href":"https:\/\/palmas.uft.edu.br\/grad\/ccomp\/index.php?rest_route=\/wp\/v2\/pages\/221\/revisions\/478"}],"wp:attachment":[{"href":"https:\/\/palmas.uft.edu.br\/grad\/ccomp\/index.php?rest_route=%2Fwp%2Fv2%2Fmedia&parent=221"}],"curies":[{"name":"wp","href":"https:\/\/api.w.org\/{rel}","templated":true}]}}