{"id":228,"date":"2021-08-17T12:01:36","date_gmt":"2021-08-17T15:01:36","guid":{"rendered":"https:\/\/palmas.uft.edu.br\/grad\/ccomp\/?page_id=228"},"modified":"2021-08-17T12:01:37","modified_gmt":"2021-08-17T15:01:37","slug":"grupos-de-pesquisa","status":"publish","type":"page","link":"https:\/\/palmas.uft.edu.br\/grad\/ccomp\/?page_id=228","title":{"rendered":"Grupos de Pesquisa"},"content":{"rendered":"\n<p>O curso de Ci\u00eancia da Computa\u00e7\u00e3o conta atualmente com 08 (oito) grupos de pesquisa que estudam tem\u00e1ticas relacionando as linhas de pesquisa da \u00e1rea de Ci\u00eancia da Computa\u00e7\u00e3o com as \u00e1reas priorit\u00e1rias definidas no PDI da UFT. Desta forma, os grupos agregam um car\u00e1ter interdisciplinar nas pesquisas, envolvendo a computa\u00e7\u00e3o como meio de desenvolver a ci\u00eancia, tecnologia e inova\u00e7\u00e3o na UFT. Os grupos de pesquisa s\u00e3o listados e descritos nos pr\u00f3ximos par\u00e1grafos. S\u00e3o apresentadas as listas de docentes vinculados a cada grupo.<\/p>\n\n\n\n<p><strong>Grupo de An\u00e1lises Inteligentes de Dados (AID)<\/strong><\/p>\n\n\n\n<p>Desenvolver pesquisas voltadas para o \u00e2mbito da Ci\u00eancia da Computa\u00e7\u00e3o com o prop\u00f3sito de investigar e desenvolver m\u00e9todos, t\u00e9cnicas, abordagens e ferramentas que possam propiciar an\u00e1lises inteligentes sobre grande volume de dados e para o apoio \u00e0 tomada de decis\u00e3o. Este grupo \u00e9 composto pelos seguintes professores: David Nadler Prata, Marcelo Lisboa Rocha e Wosley da Costa Arruda.<\/p>\n\n\n\n<p><strong>L\u00edder: Edeilson Milhomem da Silva.<\/strong><\/p>\n\n\n\n<p><strong>Grupo de Computa\u00e7\u00e3o Aplicada \u00e0 Arqueologia (CAA)<\/strong><\/p>\n\n\n\n<p>O objetivo \u00e9 desenvolver aplica\u00e7\u00f5es da Tecnologia da Informa\u00e7\u00e3o para Arqueologia, por exemplo: o desenvolvimento de aplica\u00e7\u00f5es em Sistemas de Informa\u00e7\u00e3o Geogr\u00e1fica (SIG) voltados para a arqueologia; a adequa\u00e7\u00e3o de programas de gerenciamento de SIG\u2019s para a problemas arqueol\u00f3gicos; o desenvolvimento de aplica\u00e7\u00f5es para aquisi\u00e7\u00e3o e gerenciamento de dados arqueol\u00f3gicos; desenvolvimento de produtos para gest\u00e3o patrimonial, etc.<\/p>\n\n\n\n<p><strong>L\u00edder: Andreas Kneip.<\/strong><\/p>\n\n\n\n<p><strong>Grupo de Computa\u00e7\u00e3o Cient\u00edfica (GCC)<\/strong><\/p>\n\n\n\n<p>O GCC \u00e9 transdisciplinar reunindo conhecimentos da matem\u00e1tica, ci\u00eancia da computa\u00e7\u00e3o e campo de aplica\u00e7\u00e3o. O grupo tem por objetivo estudar\/desenvolver um conjunto abrangente de habilidades que est\u00e3o em alta demanda, tanto na ind\u00fastria quanto na academia, tais como: habilidades de desenvolvimento de software profissionais, conhecimento das t\u00e9cnicas utilizadas em computa\u00e7\u00e3o de alto desempenho, a compreens\u00e3o e a capacidade de aplicar uma ampla gama de m\u00e9todos num\u00e9ricos e otimiza\u00e7\u00e3o num\u00e9rica. Al\u00e9m disso, o estudo re\u00fane pr\u00e1ticas atuais da computa\u00e7\u00e3o no intuito de preencher uma lacuna de computa\u00e7\u00e3o em programas de ci\u00eancia, engenharia e matem\u00e1tica tradicionais. Este grupo \u00e9 composto pelos seguintes professores: Ary Henrique Morais de Oliveira, Glenda Michele Botelho, Rafael Lima de Carvalho, Tiago da Silva Almeida e Wosley Costa Arruda<\/p>\n\n\n\n<p><strong>L\u00edder: Warley Gramacho.<\/strong><\/p>\n\n\n\n<p><strong>Grupo de Redes Avan\u00e7adas e Multim\u00eddia (RAM)<\/strong><\/p>\n\n\n\n<p>O grupo de Redes Avan\u00e7adas e Multim\u00eddia (RAM) trata de pesquisas em redes de comunica\u00e7\u00e3o de alta velocidade, como a Internet 2, e os recursos multim\u00eddia utilizados por elas. Atualmente, o grupo destaca-se pelo desenvolvimento de pesquisas no Projeto da Rede Comunit\u00e1ria Metropolitana de Educa\u00e7\u00e3o e Pesquisa de Palmas (METROTINS) que \u00e9 uma parceria com a Rede Nacional de Pesquisa (RNP) e o Minist\u00e9rio de Ci\u00eancia e Tecnologia (MCT). Este grupo \u00e9 composto pelos seguintes professores: David Nadler Prata, Marcelo Lisboa Rocha, George Lauro Ribeiro de Brito.<\/p>\n\n\n\n<p><strong>L\u00edderes: Gentil Veloso Barbosa e Patrick Letouz\u00e9 Moreira.<\/strong><\/p>\n\n\n\n<p><strong>Sistem\u00e1tica Biol\u00f3gica Virtual<\/strong><\/p>\n\n\n\n<p>O grupo tem como objetivo a virtualiza\u00e7\u00e3o de informa\u00e7\u00f5es sobre esp\u00e9cies amaz\u00f4nicas. O principal foco \u00e9 a viabiliza\u00e7\u00e3o da acessibilidade e constru\u00e7\u00e3o de um banco de dados e de usu\u00e1rios. Atualmente encontra-se em fase de implanta\u00e7\u00e3o do banco de dados, escaneamento tridimensional de aves e constru\u00e7\u00e3o do portal de acesso. Os principais desafios s\u00e3o relatados \u00e0 m\u00eddias. Reconstru\u00e7\u00e3o tridimensional via luza estruturada, busca por imagens e sons. Os integrantes: David Nadler Prata, Eduardo Ferreira Ribeiro, Renato Torres Pinheiro e Gentil Veloso Barbosa.<\/p>\n\n\n\n<p><strong>L\u00edder: Marcelo Leineker Costa.<\/strong><\/p>\n\n\n\n<p><strong>Modelagem e An\u00e1lise Interdisciplinar de Sistemas (MAIS)<\/strong><\/p>\n\n\n\n<p>A linha de pesquisa principal consiste no desenvolvimento de Sistemas de Ger\u00eancia da Informa\u00e7\u00e3o, especialmente em Educa\u00e7\u00e3o e Sa\u00fade, baseados em Ger\u00eancia de Projetos (IRPM \u2013 Interdisciplinary Research Project Management; m\u00e9todo desenvolvido pelo professor Patrick), com centralidade no aluno numa Rede Social contemplando os conceitos de Web 2.0 (MVC EA-IRPM, Model-View-Controler Evolutionary Acquisition IRPM; m\u00e9todo desenvolvido pelo professor Patrick) e com a modelagem IBICT (Internet-Based Information Consumer Theory; modelagem desenvolvido pelo professor Patrick) que \u00e9 fundamentada no Sistema de Valor de Objetos de Jean Baudrillard. Assim, com o uso de m\u00e9tricas de redes complexas para identifica\u00e7\u00e3o de agrupamentos (clusteriza\u00e7\u00e3o) e de centralidade (medi\u00e7\u00e3o do fluxo da informa\u00e7\u00e3o, maior concentrador ou prov\u00e1vel multiplicador), m\u00e9todos estat\u00edsticos, minera\u00e7\u00e3o de dados, de teoria matricial (decomposi\u00e7\u00e3o em valores singulares) e otimiza\u00e7\u00e3o. Os integrantes do grupo s\u00e3o: Marcelo Lisboa Rocha e George Lauro Ribeiro de Brito.<\/p>\n\n\n\n<p><strong>L\u00edderes: Patrick Letouz\u00e9 Moreira e Gentil Veloso Barbosa.<\/strong><\/p>\n\n\n\n<p><strong>Grupo de Modelagem Matem\u00e1tica e Computacional (MMC)<\/strong><\/p>\n\n\n\n<p>O grupo MMC tem por objetivo abordar problemas de forma a obter sua Modelagem Matem\u00e1tica e Computacional. Essa abordagem visa atender as necessidades multidisciplinares do Estado do Tocantins e da Universidade Federal do Tocantins (UFT) do ponto de vista matem\u00e1tico-computacional fornecendo ferramentas, an\u00e1lises e simula\u00e7\u00f5es para uma grande variedade de problemas. Espera-se que o trabalho do grupo auxilie o desenvolvimento do estado e o crescimento das diversas \u00e1reas da UFT. Um dos focos do grupo \u00e9 a pesquisa em inform\u00e1tica m\u00e9dica, particularmente sistemas de gest\u00e3o da informa\u00e7\u00e3o em sa\u00fade. Este grupo \u00e9 composto pelos seguintes professores: Leandro Guimar\u00e3es Garcia, Ary Henrique Morais de Oliveira Marcelo Lisboa Rocha, Gentil Veloso Barbosa, Patrick Letouze Moreira, George Lauro Ribeiro de Brito, Hellena Christina Apolin\u00e1rio, Rog\u00e9rio Azevedo da Rocha.<\/p>\n\n\n\n<p><strong>L\u00edder: Warley Gramacho.<\/strong><\/p>\n\n\n\n<p><strong>Grupo de Otimiza\u00e7\u00e3o e Algoritmos (GOAL)<\/strong><\/p>\n\n\n\n<p>O objetivo do GOAL \u00e9 o estudo de problemas de alta complexidade, a modelagem de tais problemas atrav\u00e9s de grafos e formula\u00e7\u00f5es matem\u00e1ticas, o desenvolvimento, implementa\u00e7\u00e3o, avalia\u00e7\u00e3o e an\u00e1lise de algoritmos eficientes com aplica\u00e7\u00f5es em outras \u00e1reas, o estudo de heur\u00edsticas e caracter\u00edsticas de meta-heur\u00edsticas e a paraleliza\u00e7\u00e3o de m\u00e9todos e algoritmos de otimiza\u00e7\u00e3o. Este grupo \u00e9 composto pelos seguintes professores: Ary Henrique Morais de Oliveira, Dayse Silveira de Almeida, Glenda Michele Botelho, Gl\u00eandara Aparecida de Souza Martins, Rafael Lima de Carvalho, Tanilson Dias dos Santos e Warley Gramacho da Silva.<\/p>\n\n\n\n<p><strong>L\u00edderes: Warley Gramacho da Silva e Ary Henrique Morais de Oliveira.<\/strong><\/p>\n\n\n\n<p><\/p>\n","protected":false},"excerpt":{"rendered":"<p>O curso de Ci\u00eancia da Computa\u00e7\u00e3o conta atualmente com 08 (oito) grupos de pesquisa que estudam tem\u00e1ticas relacionando as linhas &hellip; <\/p>\n","protected":false},"author":1,"featured_media":0,"parent":0,"menu_order":0,"comment_status":"closed","ping_status":"closed","template":"","meta":[],"_links":{"self":[{"href":"https:\/\/palmas.uft.edu.br\/grad\/ccomp\/index.php?rest_route=\/wp\/v2\/pages\/228"}],"collection":[{"href":"https:\/\/palmas.uft.edu.br\/grad\/ccomp\/index.php?rest_route=\/wp\/v2\/pages"}],"about":[{"href":"https:\/\/palmas.uft.edu.br\/grad\/ccomp\/index.php?rest_route=\/wp\/v2\/types\/page"}],"author":[{"embeddable":true,"href":"https:\/\/palmas.uft.edu.br\/grad\/ccomp\/index.php?rest_route=\/wp\/v2\/users\/1"}],"replies":[{"embeddable":true,"href":"https:\/\/palmas.uft.edu.br\/grad\/ccomp\/index.php?rest_route=%2Fwp%2Fv2%2Fcomments&post=228"}],"version-history":[{"count":1,"href":"https:\/\/palmas.uft.edu.br\/grad\/ccomp\/index.php?rest_route=\/wp\/v2\/pages\/228\/revisions"}],"predecessor-version":[{"id":229,"href":"https:\/\/palmas.uft.edu.br\/grad\/ccomp\/index.php?rest_route=\/wp\/v2\/pages\/228\/revisions\/229"}],"wp:attachment":[{"href":"https:\/\/palmas.uft.edu.br\/grad\/ccomp\/index.php?rest_route=%2Fwp%2Fv2%2Fmedia&parent=228"}],"curies":[{"name":"wp","href":"https:\/\/api.w.org\/{rel}","templated":true}]}}