{"id":236,"date":"2021-08-17T14:51:25","date_gmt":"2021-08-17T17:51:25","guid":{"rendered":"https:\/\/palmas.uft.edu.br\/grad\/ccomp\/?page_id=236"},"modified":"2021-08-17T14:51:26","modified_gmt":"2021-08-17T17:51:26","slug":"apresentacao","status":"publish","type":"page","link":"https:\/\/palmas.uft.edu.br\/grad\/ccomp\/?page_id=236","title":{"rendered":"Apresenta\u00e7\u00e3o"},"content":{"rendered":"\n<p>As atividades de pesquisa da Universidade Federal do Tocantins s\u00e3o geridas pela Pr\u00f3-Reitoria de Pesquisa e P\u00f3s-Gradua\u00e7\u00e3o (PROPESQ), cuja miss\u00e3o \u00e9 apoiar os processos inerentes \u00e0 pesquisa e \u00e0 p\u00f3s-gradua\u00e7\u00e3o, objetivando proporcionar a produ\u00e7\u00e3o do conhecimento cient\u00edfico como base indutora das problem\u00e1ticas regionais, em especial daquelas voltadas para a Amaz\u00f4nia, sem, contudo, a perda do car\u00e1ter universal do conhecimento. A PROPESQ possui como principais eixos norteadores:<\/p>\n\n\n\n<ol type=\"I\"><li>Melhoria e amplia\u00e7\u00e3o da inicia\u00e7\u00e3o cient\u00edfica (Pibic);<\/li><li>Fortalecimento e expans\u00e3o da p\u00f3s-gradua\u00e7\u00e3o Stricto Sensu;<\/li><li>Apoio \u00e0 participa\u00e7\u00e3o em eventos e \u00e0 divulga\u00e7\u00e3o da produ\u00e7\u00e3o cientifica da UFT;<\/li><li>Promo\u00e7\u00e3o de Capacita\u00e7\u00e3o pessoal docente e de t\u00e9cnico-administrativos;<\/li><li>Apoio aos comit\u00eas t\u00e9cnico-cient\u00edficos e de \u00e9tica (PAC);<\/li><li>Implanta\u00e7\u00e3o de programa de avalia\u00e7\u00e3o interna dos projetos de pesquisa e cursos de p\u00f3s-gradua\u00e7\u00e3o, como integrante dos projetos pedag\u00f3gicos dos cursos e projetos;<\/li><li>Tradu\u00e7\u00e3o de artigos.<\/li><\/ol>\n\n\n\n<p>Em termos de pesquisa, a PROPOESQ atua juntamente com os comit\u00eas cient\u00edficos, n\u00facleos, grupos e projetos de pesquisa, apoiando as diversas a\u00e7\u00f5es nos diversos c\u00e2mpus da UFT. Al\u00e9m disso, atua juntamente com a Editora da Universidade Federal do Tocantins na publica\u00e7\u00e3o de material produzido pelo seu corpo de servidores e acad\u00eamicos.<\/p>\n\n\n\n<h3>Comit\u00ea de \u00c9tica em Pesquisa<\/h3>\n\n\n\n<p>A UFT conta com tr\u00eas comit\u00eas vinculados com as atividades de pesquisa: Comit\u00ea T\u00e9cnico Cient\u00edfico (CTC), Comit\u00ea de \u00c9tica em Pesquisas Humanas (CEPH) e o Comit\u00ea de \u00c9tica no uso de Animais (CEUA). O CTC\/UFT, institu\u00eddo dia 12 de julho de 2004, tem como fun\u00e7\u00e3o assessorar a UFT em quest\u00f5es relacionadas a pesquisa, p\u00f3s-gradua\u00e7\u00e3o e assuntos cient\u00edficos de forma geral. O CTC \u00e9 formado por professores de diversas \u00e1reas do conhecimento e representantes da PROPESQ, sendo composto por sete membros titulares e tr\u00eas membros suplentes. O CEP e o CEUA s\u00e3o colegiados distintos, multi e transdisciplinares, independentes, que devem existir nas institui\u00e7\u00f5es que realizam pesquisa envolvendo, respectivamente, seres humanos e animais no Brasil. O CEP foi criado para defender os interesses dos sujeitos da pesquisa em sua integridade e dignidade e para contribuir no desenvolvimento da pesquisa dentro de padr\u00f5es \u00e9ticos, conforme a Resolu\u00e7\u00e3o n\u00ba 196\/96 Conselho Nacional de Sa\u00fade. O CEUA tem como atribui\u00e7\u00e3o promover a \u00e9tica de toda e qualquer proposta de atividade de ensino, pesquisa e extens\u00e3o que envolva, de algum modo, o uso de animais n\u00e3o-humanos pertencentes ao Filo Chordata, Sub-Filo Vertebrata como determina a Lei n\u00b0 11.794, de 8 de outubro de 2008 e as Resolu\u00e7\u00f5es Normativas editadas e reformuladas pelo Conselho Nacional de Controle de Experimenta\u00e7\u00e3o Animal (Concea).<\/p>\n\n\n\n<h3>N\u00facleos de Pesquisa e Extens\u00e3o<\/h3>\n\n\n\n<p>O Curso de Ci\u00eancia da Computa\u00e7\u00e3o possui o N\u00facleo de Desenvolvimento de Software da UFT (NDS) vinculado \u00e0 Pro-reitoria de Extens\u00e3o da UFT. O NDS \u00e9 coordenado pelo prof. Dr. Patrick Letouze Palmas. Atualmente, os n\u00facleos de Ensino, Pesquisa e Extens\u00e3o s\u00e3o criados e regulamentados na UFT pela Resolu\u00e7\u00e3o CONSEPE 02\/2005. Os N\u00facleos s\u00e3o unidades criadas para apoiar, planejar, organizar, elaborar e executar programas e projetos relativos \u00e0 pesquisa e extens\u00e3o visando complementar as atividades dos cursos de gradua\u00e7\u00e3o e p\u00f3s-gradua\u00e7\u00e3o. Segundo a resolu\u00e7\u00e3o, as a\u00e7\u00f5es desenvolvidas dever\u00e3o ser prioritariamente de car\u00e1ter multi e interdisciplinar com o envolvimento de docentes pertencentes aos cursos da UFT e que podem contar com parcerias de docentes e\/ou pesquisadores oriundos de outras institui\u00e7\u00f5es nacionais ou internacionais mediante conv\u00eanio. Os Alunos de Gradua\u00e7\u00e3o e P\u00f3s-Gradua\u00e7\u00e3o participantes de programas ou projetos de pesquisa e\/ou extens\u00e3o da UFT desenvolvidos pelos n\u00facleos ficam a eles vinculados.<\/p>\n\n\n\n<p><strong>N\u00facleo de Computa\u00e7\u00e3o Aplicada (NCA)<\/strong><\/p>\n\n\n\n<p>Unidade acad\u00eamica ligada ao Curso de Ci\u00eancia da Computa\u00e7\u00e3o orientado segundo o cen\u00e1rio econ\u00f4mico, social, ambiental e regional do estado do Tocantins. O n\u00facleo busca atender as especificidades da realidade tocantinense, considerando inclusive a localiza\u00e7\u00e3o privilegiada do Tocantins na Amaz\u00f4nia Legal, e tem o objetivo de propor solu\u00e7\u00f5es computacionais inovadoras para lidar com as demandas dos munic\u00edpios e do pr\u00f3prio estado do Tocantins. Em seu primeiro ano de funcionamento, o n\u00facleo foi respons\u00e1vel pela realiza\u00e7\u00e3o da Maratona de Programa\u00e7\u00e3o e VIII Semana Acad\u00eamica do Curso de Ci\u00eancia da Computa\u00e7\u00e3o. Al\u00e9m disso, possui projetos de automa\u00e7\u00e3o de reserva de espa\u00e7o f\u00edsico e laborat\u00f3rios na UFT, sistema de gest\u00e3o de servi\u00e7os em parceria com a Dire\u00e7\u00e3o do Campus Universit\u00e1rio de Palmas, e projetos na \u00e1rea da sa\u00fade envolvendo georeferenciamento e processamento de imagens, como \u00e9 o caso do sistema de gest\u00e3o de contatos de portadores de Hansen\u00edase, sistema para processamento de imagens para identifica\u00e7\u00e3o de n\u00f3dulos na mama, sistema de processamento de imagens para caracteriza\u00e7\u00e3o de Alzheimer. O NCA \u00e9 vinculado ao Instituto de Aten\u00e7\u00e3o \u00e0s Cidades (IAC\/UFT), agregando a expertise na \u00e1rea de tecnologia da informa\u00e7\u00e3o e comunica\u00e7\u00e3o como um dos eixos principais do insituto. Atualmente, o NCA conta com a parceria da empresa de desenvolvimento de software ConsisTI, e portanto, sua sede fica nas instala\u00e7\u00f5es desta \u00faltima. Os componentes do n\u00facleo s\u00e3o os professores: Anna Paula Rodrigues, Ary Henrique Morais de Oliveira, Glenda Michele Botelho, Rafael Lima, Tiago da Silva Almeida e Warley Gramacho. A presid\u00eancia do N\u00facleo \u00e9 exercida pela professora Glenda Michele Botelho.<\/p>\n\n\n\n<p><strong>N\u00facleo de Desenvolvimento de Software (NDS)<\/strong><\/p>\n\n\n\n<p>Unidade acad\u00eamica ligada ao Curso de Ci\u00eancia da Computa\u00e7\u00e3o que tem por finalidade desenvolver sistemas tanto para pesquisa e educa\u00e7\u00e3o quanto de cunho comercial. Em particular, os projetos do n\u00facleo visam atuar em problemas de alta complexidade e\/ou multidisciplinaridade. Atualmente, est\u00e3o sendo desenvolvidos dois softwares. O primeiro consiste num software de gest\u00e3o para transplantes baseado no trabalho aceito no VII Congresso Luso-Brasileiro de Transplanta\u00e7\u00e3o (2008) e submetido ao \u201cTransplantation Proceedings\u201d cujo t\u00edtulo \u00e9 \u201cProject Based Transplant Management as a Research Statistical Support\u201d. J\u00e1 o segundo consiste num software educativo baseado no trabalho \u201cC\u00e1lculo de Estruturas de Prote\u00ednas\u201d apresentado no XL Simp\u00f3sio Brasileiro de Pesquisa Operacional (2008). Atualmente, o NDS conta com a parceria do N\u00facleo Estadual do Minist\u00e9rio da Sa\u00fade, e portanto, sua sede fica nas instala\u00e7\u00f5es deste \u00faltimo. Os componentes do n\u00facleo s\u00e3o os professores: \u00c1lvaro Prestes, Ary Morais, Gentil Veloso Barbosa, George Lauro Ribeiro de Brito, Patrick Letouz\u00e9, Rafael Lima e Warley Gramacho. A presid\u00eancia do N\u00facleo \u00e9 exercida pelo professor Patrick Letouz\u00e9 Moreira.<\/p>\n","protected":false},"excerpt":{"rendered":"<p>As atividades de pesquisa da Universidade Federal do Tocantins s\u00e3o geridas pela Pr\u00f3-Reitoria de Pesquisa e P\u00f3s-Gradua\u00e7\u00e3o (PROPESQ), cuja miss\u00e3o &hellip; <\/p>\n","protected":false},"author":1,"featured_media":0,"parent":0,"menu_order":0,"comment_status":"closed","ping_status":"closed","template":"","meta":[],"_links":{"self":[{"href":"https:\/\/palmas.uft.edu.br\/grad\/ccomp\/index.php?rest_route=\/wp\/v2\/pages\/236"}],"collection":[{"href":"https:\/\/palmas.uft.edu.br\/grad\/ccomp\/index.php?rest_route=\/wp\/v2\/pages"}],"about":[{"href":"https:\/\/palmas.uft.edu.br\/grad\/ccomp\/index.php?rest_route=\/wp\/v2\/types\/page"}],"author":[{"embeddable":true,"href":"https:\/\/palmas.uft.edu.br\/grad\/ccomp\/index.php?rest_route=\/wp\/v2\/users\/1"}],"replies":[{"embeddable":true,"href":"https:\/\/palmas.uft.edu.br\/grad\/ccomp\/index.php?rest_route=%2Fwp%2Fv2%2Fcomments&post=236"}],"version-history":[{"count":1,"href":"https:\/\/palmas.uft.edu.br\/grad\/ccomp\/index.php?rest_route=\/wp\/v2\/pages\/236\/revisions"}],"predecessor-version":[{"id":237,"href":"https:\/\/palmas.uft.edu.br\/grad\/ccomp\/index.php?rest_route=\/wp\/v2\/pages\/236\/revisions\/237"}],"wp:attachment":[{"href":"https:\/\/palmas.uft.edu.br\/grad\/ccomp\/index.php?rest_route=%2Fwp%2Fv2%2Fmedia&parent=236"}],"curies":[{"name":"wp","href":"https:\/\/api.w.org\/{rel}","templated":true}]}}