{"id":279,"date":"2021-08-17T16:39:41","date_gmt":"2021-08-17T19:39:41","guid":{"rendered":"https:\/\/palmas.uft.edu.br\/grad\/ccomp\/?page_id=279"},"modified":"2023-03-02T06:11:01","modified_gmt":"2023-03-02T09:11:01","slug":"laboratorios","status":"publish","type":"page","link":"https:\/\/palmas.uft.edu.br\/grad\/ccomp\/?page_id=279","title":{"rendered":"Laborat\u00f3rios Geral"},"content":{"rendered":"\n<p><strong>Laborat\u00f3rios de Ensino, Pesquisa e Extens\u00e3o<\/strong><\/p>\n\n\n\n<p>O Curso de Ci\u00eancia da Computa\u00e7\u00e3o conta, atualmente, com 05 (cinco) laborat\u00f3rios espec\u00edficos de ensino, pesquisa e extens\u00e3o implantados destinados a cada linha de pesquisa e 02 (dois) laborat\u00f3rios de uso geral dos acad\u00eamicos do curso de Ci\u00eancia da Computa\u00e7\u00e3o. Os laborat\u00f3rios de uso geral encontram-se atualmente em implanta\u00e7\u00e3o. A utiliza\u00e7\u00e3o dos laborat\u00f3rios da Ci\u00eancia da Computa\u00e7\u00e3o deve ser norteada pelo Regimento dos Laborat\u00f3rios.<\/p>\n\n\n\n<p><strong>Laborat\u00f3rio de Banco de Dados e Engenharia de Software<\/strong><\/p>\n\n\n\n<p>O laborat\u00f3rio desenvolve atividades relacionadas com as linhas de pesquisa em banco de dados, engenharia de software e sistemas de informa\u00e7\u00e3o. O laborat\u00f3rio \u00e9 voltado para o estudo, avalia\u00e7\u00e3o e defini\u00e7\u00e3o de novas tecnologias aplicando as metodologias, t\u00e9cnicas, ferramentas e aplica\u00e7\u00f5es estudados para a produ\u00e7\u00e3o de tecnologias inovadoras para o desenvolvimento da ci\u00eancia da computa\u00e7\u00e3o. Em banco de dados s\u00e3o pesquisadas as melhorias nos sistemas gerenciadores de bancos de dados, al\u00e9m disso s\u00e3o estudadas as diferentes aplica\u00e7\u00f5es que envolvem o uso de grandes volumes de dados, tais como bioinform\u00e1tica e sa\u00fade, aplica\u00e7\u00f5es corporativas e processos de neg\u00f3cio, redes sociais e aplica\u00e7\u00f5es governamentais. As principais tem\u00e1ticas de trabalho s\u00e3o Big Data, NoSql, Business Intelligence, Data Warehouse, Indexa\u00e7\u00e3o e Recupera\u00e7\u00e3o de Dados, Data Provenance, An\u00e1lise de Redes Sociais. Em engenharia de software.<\/p>\n\n\n\n<p><strong>Laborat\u00f3rio de Computa\u00e7\u00e3o Aplicada (LCA)<\/strong><\/p>\n\n\n\n<p>O Laborat\u00f3rio de Computa\u00e7\u00e3o Aplicada (LCA) tem como objetivo atender as demandas de solu\u00e7\u00f5es computacionais, tendo como foco principal a uso de Intelig\u00eancia Artificial, Otimiza\u00e7\u00e3o, Matem\u00e1tica da Computa\u00e7\u00e3o aplicados \u00e0s demais \u00e1reas do conhecimento, tais como: Ci\u00eancias Exatas e da Terra, Engenharias, Ci\u00eancias Agr\u00e1rias e Ci\u00eancias Biol\u00f3gicas e da Sa\u00fade.<\/p>\n\n\n\n<p><strong>Laborat\u00f3rio de Computa\u00e7\u00e3o Gr\u00e1fica e Processamento de Imagens<\/strong><\/p>\n\n\n\n<p>Neste laborat\u00f3rio s\u00e3o realizados estudos sobre os processos ou t\u00e9cnicas computacionais que envolvem modelos geom\u00e9tricos, imagens digitais e v\u00eddeos. Os projetos nesta \u00e1rea de conhecimento envolvem a transforma\u00e7\u00e3o de dados geom\u00e9tricos em imagens, a transforma\u00e7\u00e3o de imagens em dados diversos, o estudo de formas eficientes para apresentar visualmente grandes volumes de dados, o desenvolvimento de algoritmos para auxiliar na descoberta de estruturas de interesse presentes em imagens e v\u00eddeos, o estudo de formas de representa\u00e7\u00e3o e manipula\u00e7\u00e3o de modelos geom\u00e9tricos tridimensionais. Al\u00e9m disso, trabalha com uso de m\u00e9todos de Intelig\u00eancia Artificial para realizar classifica\u00e7\u00e3o, agrupamento, recupera\u00e7\u00e3o e predi\u00e7\u00e3o de imagens. Enfim, esse laborat\u00f3rio engloba a realiza\u00e7\u00e3o de atividades de ensino, pesquisa e desenvolvimento nas \u00e1reas de Processamento de Imagens, Computa\u00e7\u00e3o Gr\u00e1fica, Vis\u00e3o Computacional, Visualiza\u00e7\u00e3o de Dados\/Imagens, Busca e Recupera\u00e7\u00e3o em Imagens e V\u00eddeos, Reconhecimento de Padr\u00f5es em Imagens, Multim\u00eddia e Interface Homem M\u00e1quina. Atualmente, desenvolve pesquisas na \u00e1rea de processamento de imagens de sat\u00e9lite para monitoramento ambiental e, tamb\u00e9m, an\u00e1lise de imagens m\u00e9dicas, principalmente relacionadas ao c\u00e2ncer de pele e mama.<\/p>\n\n\n\n<p><strong>Laborat\u00f3rio de Hardware e Arquitetura de Computadores (LHAC)<\/strong><\/p>\n\n\n\n<p>O laborat\u00f3rio de hardware tem por finalidade dar suporte \u00e0s atividades do curso de Ci\u00eancia da Computa\u00e7\u00e3o em \u00e2mbito pr\u00e1tico das \u00e1reas correlatas ao hardware de sistemas de computa\u00e7\u00e3o. Como \u00e1reas correlatas, entende-se: hardware (de um modo geral), Organiza\u00e7\u00e3o e Sistemas de Computadores e Redes de Computadores. Atualmente, s\u00e3o ministradas as disciplinas obrigat\u00f3rias de Sistemas Digitais, onde s\u00e3o ministrados conceitos b\u00e1sicos de projeto de hardware em estruturas l\u00f3gicas combinacionais e sequencias e aplica\u00e7\u00e3o dos conceitos em prot\u00f3tipos e em softwares de simula\u00e7\u00e3o, Redes de Computadores, onde s\u00e3o ministrados no\u00e7\u00f5es de redes de computadores e seus componentes, modelos e topologias e aplica\u00e7\u00e3o dos conceitos e pequenos modelos, Organiza\u00e7\u00e3o de Computadores \u2013 onde s\u00e3o ministrados conceitos das arquiteturas existentes, componentes utilizados em sistemas de computadores, bem como no\u00e7\u00f5es de programa\u00e7\u00e3o em n\u00edveis mais baixos de abstra\u00e7\u00e3o e a aplica\u00e7\u00e3o dos conceitos em simuladores, Sistemas Operacionais, que s\u00e3o ministrados conceitos de gerenciamento dos recursos de hardware, controle de processos, impasses, e aplica\u00e7\u00e3o dos conceitos em prot\u00f3tipos feitos por programa\u00e7\u00e3o. Al\u00e9m das atividades de ensino, o laborat\u00f3rio de hardware tamb\u00e9m fornece recurso necess\u00e1rio para execu\u00e7\u00e3o de atividades de extens\u00e3o e pesquisa em hor\u00e1rios n\u00e3o reservados para ensino. O recurso existente pode ser caracterizado como material de prototipagem (fontes chaveada, oscilosc\u00f3pio, mult\u00edmetro, protoboard, bancada el\u00e9trica, kit de did\u00e1tico de prototipagem, soldas e ferramentas diversas), material de programa\u00e7\u00e3o e simula\u00e7\u00e3o (computadores), componentes discretos (resistores, capacitores, transistores, trimpot, potenci\u00f4metros etc.) e componentes digitais (circuitos integrados de portas l\u00f3gicas, contadores, multiplexadores, ULA, mem\u00f3rias, conversores etc.).<\/p>\n\n\n\n<p><strong>Laborat\u00f3rio de Redes Avan\u00e7adas e Multim\u00eddia (LabRAM)<\/strong><\/p>\n\n\n\n<p>O laborat\u00f3rio de Redes Avan\u00e7adas e Multim\u00eddia \u00e9 destinado ao apoio em pesquisas nas \u00e1reas de rede de computadores, seguran\u00e7a da informa\u00e7\u00e3o, sistemas de bancos de dados, clusteriza\u00e7\u00e3o, minera\u00e7\u00e3o de dados, gest\u00e3o de tecnologia da informa\u00e7\u00e3o e em diversas \u00e1reas de pesquisa em Tecnologia da Informa\u00e7\u00e3o e Comunica\u00e7\u00e3o que demande um ambiente de pesquisa flex\u00edvel e din\u00e2mico. O LABRAM disp\u00f5e de uma rede de computadores pr\u00f3pria sendo respons\u00e1vel pela gest\u00e3o da Metrotins, rede metropolitana de alta velocidade, vinculada a Rede Nacional de Pesquisa (RNP).<\/p>\n","protected":false},"excerpt":{"rendered":"<p>Laborat\u00f3rios de Ensino, Pesquisa e Extens\u00e3o O Curso de Ci\u00eancia da Computa\u00e7\u00e3o conta, atualmente, com 05 (cinco) laborat\u00f3rios espec\u00edficos de &hellip; <\/p>\n","protected":false},"author":1,"featured_media":0,"parent":0,"menu_order":0,"comment_status":"closed","ping_status":"closed","template":"","meta":[],"_links":{"self":[{"href":"https:\/\/palmas.uft.edu.br\/grad\/ccomp\/index.php?rest_route=\/wp\/v2\/pages\/279"}],"collection":[{"href":"https:\/\/palmas.uft.edu.br\/grad\/ccomp\/index.php?rest_route=\/wp\/v2\/pages"}],"about":[{"href":"https:\/\/palmas.uft.edu.br\/grad\/ccomp\/index.php?rest_route=\/wp\/v2\/types\/page"}],"author":[{"embeddable":true,"href":"https:\/\/palmas.uft.edu.br\/grad\/ccomp\/index.php?rest_route=\/wp\/v2\/users\/1"}],"replies":[{"embeddable":true,"href":"https:\/\/palmas.uft.edu.br\/grad\/ccomp\/index.php?rest_route=%2Fwp%2Fv2%2Fcomments&post=279"}],"version-history":[{"count":3,"href":"https:\/\/palmas.uft.edu.br\/grad\/ccomp\/index.php?rest_route=\/wp\/v2\/pages\/279\/revisions"}],"predecessor-version":[{"id":612,"href":"https:\/\/palmas.uft.edu.br\/grad\/ccomp\/index.php?rest_route=\/wp\/v2\/pages\/279\/revisions\/612"}],"wp:attachment":[{"href":"https:\/\/palmas.uft.edu.br\/grad\/ccomp\/index.php?rest_route=%2Fwp%2Fv2%2Fmedia&parent=279"}],"curies":[{"name":"wp","href":"https:\/\/api.w.org\/{rel}","templated":true}]}}