{"id":284,"date":"2021-08-17T16:57:32","date_gmt":"2021-08-17T19:57:32","guid":{"rendered":"https:\/\/palmas.uft.edu.br\/grad\/ccomp\/?page_id=284"},"modified":"2021-09-23T17:55:28","modified_gmt":"2021-09-23T20:55:28","slug":"apresentacao-2","status":"publish","type":"page","link":"https:\/\/palmas.uft.edu.br\/grad\/ccomp\/?page_id=284","title":{"rendered":"Apresenta\u00e7\u00e3o"},"content":{"rendered":"\n<p>As atividades de Extens\u00e3o Universit\u00e1ria s\u00e3o geridas pela Pr\u00f3-Reitoria de Extens\u00e3o (PROEX) com base na Resolu\u00e7\u00e3o n<sup>o<\/sup> 15 de 22 de Mar\u00e7o de 2017, Disp\u00f5e sobre o Regulamento das A\u00e7\u00f5es de Extens\u00e3o da Universidade Federal do Tocantins. Conforme a unidade, a extens\u00e3o \u00e9 um processo educativo, cultural e cient\u00edfico que articula o Ensino e a Pesquisa de forma indissoci\u00e1vel e viabiliza a rela\u00e7\u00e3o transformadora entre Universidade e Sociedade. Por meio da extens\u00e3o, a comunidade acad\u00eamica encontra na sociedade a oportunidade de colocar em pr\u00e1tica o conhecimento acad\u00eamico. Al\u00e9m disso, no retorno \u00e0 Universidade, docentes e discentes trazem um aprendizado que, submetido \u00e0 reflex\u00e3o te\u00f3rica, \u00e9 acrescido \u00e0quele conhecimento. O Curso de Ci\u00eancia da Computa\u00e7\u00e3o busca realizar as atividades de extens\u00e3o norteadas pela pol\u00edtica de extens\u00e3o da UFT, que est\u00e1 pautada em tr\u00eas eixos principais: Promo\u00e7\u00e3o da cidadania, apoio a diversidade \u00e9tnico-cultural e promo\u00e7\u00e3o a arte e cultura.<\/p>\n\n\n\n<p>O Curso de Bacharelado em Ci\u00eancia da Computa\u00e7\u00e3o possui um conjunto de atividades cont\u00ednuas de extens\u00e3o anualmente previstas.<\/p>\n","protected":false},"excerpt":{"rendered":"<p>As atividades de Extens\u00e3o Universit\u00e1ria s\u00e3o geridas pela Pr\u00f3-Reitoria de Extens\u00e3o (PROEX) com base na Resolu\u00e7\u00e3o no 15 de 22 &hellip; <\/p>\n","protected":false},"author":1,"featured_media":0,"parent":0,"menu_order":0,"comment_status":"closed","ping_status":"closed","template":"","meta":[],"_links":{"self":[{"href":"https:\/\/palmas.uft.edu.br\/grad\/ccomp\/index.php?rest_route=\/wp\/v2\/pages\/284"}],"collection":[{"href":"https:\/\/palmas.uft.edu.br\/grad\/ccomp\/index.php?rest_route=\/wp\/v2\/pages"}],"about":[{"href":"https:\/\/palmas.uft.edu.br\/grad\/ccomp\/index.php?rest_route=\/wp\/v2\/types\/page"}],"author":[{"embeddable":true,"href":"https:\/\/palmas.uft.edu.br\/grad\/ccomp\/index.php?rest_route=\/wp\/v2\/users\/1"}],"replies":[{"embeddable":true,"href":"https:\/\/palmas.uft.edu.br\/grad\/ccomp\/index.php?rest_route=%2Fwp%2Fv2%2Fcomments&post=284"}],"version-history":[{"count":2,"href":"https:\/\/palmas.uft.edu.br\/grad\/ccomp\/index.php?rest_route=\/wp\/v2\/pages\/284\/revisions"}],"predecessor-version":[{"id":487,"href":"https:\/\/palmas.uft.edu.br\/grad\/ccomp\/index.php?rest_route=\/wp\/v2\/pages\/284\/revisions\/487"}],"wp:attachment":[{"href":"https:\/\/palmas.uft.edu.br\/grad\/ccomp\/index.php?rest_route=%2Fwp%2Fv2%2Fmedia&parent=284"}],"curies":[{"name":"wp","href":"https:\/\/api.w.org\/{rel}","templated":true}]}}