{"id":286,"date":"2021-08-17T16:59:44","date_gmt":"2021-08-17T19:59:44","guid":{"rendered":"https:\/\/palmas.uft.edu.br\/grad\/ccomp\/?page_id=286"},"modified":"2021-08-17T16:59:45","modified_gmt":"2021-08-17T19:59:45","slug":"taekwondo-universitario","status":"publish","type":"page","link":"https:\/\/palmas.uft.edu.br\/grad\/ccomp\/?page_id=286","title":{"rendered":"Taekwondo Universit\u00e1rio"},"content":{"rendered":"\n<p>Respons\u00e1vel: Prof. Dr. Wosley da Costa Arruda<\/p>\n\n\n\n<p>Este projeto tem como principal objetivo mostrar atrav\u00e9s do esporte a disciplina aplicada no desenvolvimento das atividades e a educa\u00e7\u00e3o das regras no Taekwondo, envolvendo a popula\u00e7\u00e3o Acad\u00eamica da Universidade Federal do Tocantins no Campus de Palmas, juntamente com a comunidade da cidade de Palmas. O Taekwondo oferece momentos de muita alegria e divers\u00e3o. \u00c9 um esporte que proporciona o aperfei\u00e7oamento das habilidades motoras, autoconfian\u00e7a e ensina a autodefesa consciente, o fortalecimento muscular, favorece o estabelecimento de inter-rela\u00e7\u00f5es saud\u00e1veis, o esp\u00edrito de equipe, e o aprendizado de regras do esporte que se aplica \u00e0 conviv\u00eancia em sociedade. Visando assim trabalhar na promo\u00e7\u00e3o\/manuten\u00e7\u00e3o da sa\u00fade, e forma\u00e7\u00e3o de futuros atletas universit\u00e1rios na Universidade Federal do Tocantins &#8211; UFT.<\/p>\n","protected":false},"excerpt":{"rendered":"<p>Respons\u00e1vel: Prof. Dr. Wosley da Costa Arruda Este projeto tem como principal objetivo mostrar atrav\u00e9s do esporte a disciplina aplicada &hellip; <\/p>\n","protected":false},"author":1,"featured_media":0,"parent":0,"menu_order":0,"comment_status":"closed","ping_status":"closed","template":"","meta":[],"_links":{"self":[{"href":"https:\/\/palmas.uft.edu.br\/grad\/ccomp\/index.php?rest_route=\/wp\/v2\/pages\/286"}],"collection":[{"href":"https:\/\/palmas.uft.edu.br\/grad\/ccomp\/index.php?rest_route=\/wp\/v2\/pages"}],"about":[{"href":"https:\/\/palmas.uft.edu.br\/grad\/ccomp\/index.php?rest_route=\/wp\/v2\/types\/page"}],"author":[{"embeddable":true,"href":"https:\/\/palmas.uft.edu.br\/grad\/ccomp\/index.php?rest_route=\/wp\/v2\/users\/1"}],"replies":[{"embeddable":true,"href":"https:\/\/palmas.uft.edu.br\/grad\/ccomp\/index.php?rest_route=%2Fwp%2Fv2%2Fcomments&post=286"}],"version-history":[{"count":1,"href":"https:\/\/palmas.uft.edu.br\/grad\/ccomp\/index.php?rest_route=\/wp\/v2\/pages\/286\/revisions"}],"predecessor-version":[{"id":287,"href":"https:\/\/palmas.uft.edu.br\/grad\/ccomp\/index.php?rest_route=\/wp\/v2\/pages\/286\/revisions\/287"}],"wp:attachment":[{"href":"https:\/\/palmas.uft.edu.br\/grad\/ccomp\/index.php?rest_route=%2Fwp%2Fv2%2Fmedia&parent=286"}],"curies":[{"name":"wp","href":"https:\/\/api.w.org\/{rel}","templated":true}]}}