{"id":288,"date":"2021-08-17T17:00:18","date_gmt":"2021-08-17T20:00:18","guid":{"rendered":"https:\/\/palmas.uft.edu.br\/grad\/ccomp\/?page_id=288"},"modified":"2021-08-17T17:00:19","modified_gmt":"2021-08-17T20:00:19","slug":"ciclo-de-seminarios-e-palestras","status":"publish","type":"page","link":"https:\/\/palmas.uft.edu.br\/grad\/ccomp\/?page_id=288","title":{"rendered":"Ciclo de Semin\u00e1rios e Palestras"},"content":{"rendered":"\n<p>Respons\u00e1vel: Profa. Ma. Juliana Leit\u00e3o Dutra<\/p>\n\n\n\n<p>Trata-se de uma atividade de extens\u00e3o cujo foco \u00e9 trazer assuntos relacionados com a administra\u00e7\u00e3o, ensino, pesquisa e extens\u00e3o desenvolvidos pelos discentes, docentes e t\u00e9cnicos administrativos da Universidade Federal do Tocantins, e comunidade em geral. Os semin\u00e1rios e palestras devem alternar entre quatro focos principais, destacando assuntos relacionados a administra\u00e7\u00e3o da universidade, temas relativos ao ensino, e trabalhos de pesquisa e extens\u00e3o relacionados com os docentes e discentes, principalmente os que est\u00e3o envolvidos com projetos de inicia\u00e7\u00e3o cient\u00edfica, extens\u00e3o, est\u00e1gio supervisionado e trabalhos de conclus\u00e3o de curso.<\/p>\n","protected":false},"excerpt":{"rendered":"<p>Respons\u00e1vel: Profa. Ma. Juliana Leit\u00e3o Dutra Trata-se de uma atividade de extens\u00e3o cujo foco \u00e9 trazer assuntos relacionados com a &hellip; <\/p>\n","protected":false},"author":1,"featured_media":0,"parent":0,"menu_order":0,"comment_status":"closed","ping_status":"closed","template":"","meta":[],"_links":{"self":[{"href":"https:\/\/palmas.uft.edu.br\/grad\/ccomp\/index.php?rest_route=\/wp\/v2\/pages\/288"}],"collection":[{"href":"https:\/\/palmas.uft.edu.br\/grad\/ccomp\/index.php?rest_route=\/wp\/v2\/pages"}],"about":[{"href":"https:\/\/palmas.uft.edu.br\/grad\/ccomp\/index.php?rest_route=\/wp\/v2\/types\/page"}],"author":[{"embeddable":true,"href":"https:\/\/palmas.uft.edu.br\/grad\/ccomp\/index.php?rest_route=\/wp\/v2\/users\/1"}],"replies":[{"embeddable":true,"href":"https:\/\/palmas.uft.edu.br\/grad\/ccomp\/index.php?rest_route=%2Fwp%2Fv2%2Fcomments&post=288"}],"version-history":[{"count":1,"href":"https:\/\/palmas.uft.edu.br\/grad\/ccomp\/index.php?rest_route=\/wp\/v2\/pages\/288\/revisions"}],"predecessor-version":[{"id":289,"href":"https:\/\/palmas.uft.edu.br\/grad\/ccomp\/index.php?rest_route=\/wp\/v2\/pages\/288\/revisions\/289"}],"wp:attachment":[{"href":"https:\/\/palmas.uft.edu.br\/grad\/ccomp\/index.php?rest_route=%2Fwp%2Fv2%2Fmedia&parent=288"}],"curies":[{"name":"wp","href":"https:\/\/api.w.org\/{rel}","templated":true}]}}