{"id":292,"date":"2021-08-17T17:02:05","date_gmt":"2021-08-17T20:02:05","guid":{"rendered":"https:\/\/palmas.uft.edu.br\/grad\/ccomp\/?page_id=292"},"modified":"2021-09-23T21:01:33","modified_gmt":"2021-09-24T00:01:33","slug":"olimpiada-brasileira-de-robotica","status":"publish","type":"page","link":"https:\/\/palmas.uft.edu.br\/grad\/ccomp\/?page_id=292","title":{"rendered":"Olimp\u00edada Brasileira de Rob\u00f3tica"},"content":{"rendered":"\n<p>Respons\u00e1vel: Prof. Dr. Alexandre Tadeu Rossini da Silva<\/p>\n\n\n\n<p>A Olimp\u00edada Brasileira de Rob\u00f3tica (OBR) \u00e9 um evento promovido pela Sociedade Brasileira de Computa\u00e7\u00e3o (SBC) e da Sociedade Brasileira de Autom\u00e1tica (SBA), que conta com o apoio do governo federal, atrav\u00e9s do Minist\u00e9rio da Ci\u00eancia e Tecnologia e do Minist\u00e9rio da Educa\u00e7\u00e3o. Conta ainda com o apoio do Conselho Nacional de Desenvolvimento Cient\u00edfico e Tecnol\u00f3gico (CNPq) e da Coordena\u00e7\u00e3o de Aperfei\u00e7oamento de Pessoal de N\u00edvel Superior (Capes). Apesar da&nbsp; iniciativa e das tentativas de conseguir apoio para organizar a OBR come\u00e7ar em 2004, a primeira OBR s\u00f3 foi realizada anos depois por falta de apoio oficial. Apenas em 2007 os professores Jackson Matsura (ITA), organizador, e Luiz Marcos Garcia Gon\u00e7alves (UFRN), co-organizador, decidiram realizar a OBR de qualquer modo, mesmo sem o tal financiamento oficial desejado. Desse modo, Matsuura e Gon\u00e7alves conseguiram realizar a primeira edi\u00e7\u00e3o da OBR, cuja final nacional ocorreu em Florian\u00f3polis-SC. A OBR destina-se a todos os alunos de qualquer escola p\u00fablica ou privada do ensino fundamental, m\u00e9dio ou t\u00e9cnico em todo o territ\u00f3rio nacional, e \u00e9 uma iniciativa p\u00fablica, gratuita e sem fins lucrativos.<\/p>\n\n\n\n<p>A organiza\u00e7\u00e3o da OBR tem um s\u00edtio web (http:\/\/www.obr.org.br) em que divulga as informa\u00e7\u00f5es sobre o evento, bem como as representa\u00e7\u00f5es estaduais da organiza\u00e7\u00e3o do evento. A Representa\u00e7\u00e3o Estadual compreende um representante e sua institui\u00e7\u00e3o de ensino formalmente&nbsp; autorizada pelo Conselho Superior a representar a OBR no Estado. O representante estadual, atuam diretamente com a Coordena\u00e7\u00e3o Geral da OBR por interm\u00e9dio do Coordenador da Modalidade Pr\u00e1tica, sendo respons\u00e1veis pelo sucesso da Olimp\u00edada em seus Estados. Os Representantes Estaduais devem ser professores de Universidades Brasileiras ligados diretamente ou indiretamente \u00e0 \u00e1rea de Rob\u00f3tica.<\/p>\n\n\n\n<p>Os grandes objetivos da OBR s\u00e3o: (1) despertar e estimular o interesse pela rob\u00f3tica e \u00e1reas afins; (2) promover a difus\u00e3o de conhecimentos b\u00e1sicos sobre rob\u00f3tica de forma l\u00fadica e cooperativa; (3) promover a introdu\u00e7\u00e3o da rob\u00f3tica nas escolas de ensino m\u00e9dio e fundamental; (4) proporcionar novos desafios aos estudantes; (5) aproximar a universidade dos ensinos m\u00e9dio e fundamental; (6) identificar os grandes talentos e voca\u00e7\u00f5es em Rob\u00f3tica de forma a melhor instru\u00ed-los e estimul\u00e1-los a seguir carreiras cient\u00edfico-tecnol\u00f3gicas. A OBR procura ainda colaborar no desenvolvimento e aperfei\u00e7oamento dos professores e&nbsp; colaborar com a melhoria do ensino em geral. O representante estadual no Tocantins \u00e9, desde 2013, o prof. Alexandre Tadeu Rossini da Silva (vide documento anexo), da Universidade Federal do Tocantins. Todavia, a primeira edi\u00e7\u00e3o da OBR no Tocantins, denominada Olimp\u00edada Brasileira de Rob\u00f3tica \u2013 Estadual Tocantins, s\u00f3 foi realizada em 2014 e com participa\u00e7\u00e3o de quatro equipes de Palmas e Aragua\u00edna na modalidade pr\u00e1tica n\u00edvel dois.<\/p>\n","protected":false},"excerpt":{"rendered":"<p>Respons\u00e1vel: Prof. Dr. Alexandre Tadeu Rossini da Silva A Olimp\u00edada Brasileira de Rob\u00f3tica (OBR) \u00e9 um evento promovido pela Sociedade &hellip; <\/p>\n","protected":false},"author":1,"featured_media":0,"parent":0,"menu_order":0,"comment_status":"closed","ping_status":"closed","template":"","meta":[],"_links":{"self":[{"href":"https:\/\/palmas.uft.edu.br\/grad\/ccomp\/index.php?rest_route=\/wp\/v2\/pages\/292"}],"collection":[{"href":"https:\/\/palmas.uft.edu.br\/grad\/ccomp\/index.php?rest_route=\/wp\/v2\/pages"}],"about":[{"href":"https:\/\/palmas.uft.edu.br\/grad\/ccomp\/index.php?rest_route=\/wp\/v2\/types\/page"}],"author":[{"embeddable":true,"href":"https:\/\/palmas.uft.edu.br\/grad\/ccomp\/index.php?rest_route=\/wp\/v2\/users\/1"}],"replies":[{"embeddable":true,"href":"https:\/\/palmas.uft.edu.br\/grad\/ccomp\/index.php?rest_route=%2Fwp%2Fv2%2Fcomments&post=292"}],"version-history":[{"count":1,"href":"https:\/\/palmas.uft.edu.br\/grad\/ccomp\/index.php?rest_route=\/wp\/v2\/pages\/292\/revisions"}],"predecessor-version":[{"id":293,"href":"https:\/\/palmas.uft.edu.br\/grad\/ccomp\/index.php?rest_route=\/wp\/v2\/pages\/292\/revisions\/293"}],"wp:attachment":[{"href":"https:\/\/palmas.uft.edu.br\/grad\/ccomp\/index.php?rest_route=%2Fwp%2Fv2%2Fmedia&parent=292"}],"curies":[{"name":"wp","href":"https:\/\/api.w.org\/{rel}","templated":true}]}}