{"id":294,"date":"2021-08-17T17:03:20","date_gmt":"2021-08-17T20:03:20","guid":{"rendered":"https:\/\/palmas.uft.edu.br\/grad\/ccomp\/?page_id=294"},"modified":"2021-09-23T21:00:49","modified_gmt":"2021-09-24T00:00:49","slug":"olimpiada-brasileira-de-informatica-obi","status":"publish","type":"page","link":"https:\/\/palmas.uft.edu.br\/grad\/ccomp\/?page_id=294","title":{"rendered":"Olimp\u00edada Brasileira de Inform\u00e1tica (OBI)"},"content":{"rendered":"\n<p>Respons\u00e1vel: Prof. Dr. Alexandre Tadeu Rossini da Silva<\/p>\n\n\n\n<p>A Olimp\u00edada Brasileira de Inform\u00e1tica (OBI) \u00e9 uma competi\u00e7\u00e3o organizada pela Sociedade Brasileira de Computa\u00e7\u00e3o (SBC) nos moldes das outras olimp\u00edadas cient\u00edficas brasileiras, como Matem\u00e1tica, F\u00edsica e Astronomia. O objetivo da OBI \u00e9 despertar nos alunos o interesse por uma ci\u00eancia importante na forma\u00e7\u00e3o b\u00e1sica hoje em dia (no caso, ci\u00eancia da computa\u00e7\u00e3o), atrav\u00e9s de uma atividade que envolve desafio, engenhosidade e uma saud\u00e1vel dose de competi\u00e7\u00e3o. A organiza\u00e7\u00e3o da OBI est\u00e1 cargo do <a href=\"http:\/\/www.ic.unicamp.br\/\">Instituto de Computa\u00e7\u00e3o<\/a>&nbsp;da&nbsp;<a href=\"http:\/\/www.unicamp.br\/\">UNICAMP<\/a>. A OBI est\u00e1 organizada em tr\u00eas modalidades:<\/p>\n\n\n\n<ul><li>Modalidade Inicia\u00e7\u00e3o:<\/li><li>N\u00edvel 1, para alunos at\u00e9 s\u00e9timo ano do Ensino Fundamental e<\/li><li>N\u00edvel 2, para alunos at\u00e9 nono ano do Ensino Fundamental.<\/li><\/ul>\n\n\n\n<ul><li>Modalidade Programa\u00e7\u00e3o:<\/li><li>N\u00edvel J\u00fanior, para alunos do ensino fundamental,<\/li><li>N\u00edvel 1, para alunos at\u00e9 o segundo ano do ensino m\u00e9dio e<\/li><li>N\u00edvel 2, para alunos at\u00e9 o terceiro ano do ensino m\u00e9dio.<\/li><\/ul>\n\n\n\n<ul><li>Modalidade Universit\u00e1ria:<\/li><li>Para alunos que estejam cursando, pela primeira vez, o primeiro ano de um curso de gradua\u00e7\u00e3o.<\/li><\/ul>\n\n\n\n<p>Em todas as modalidades os alunos competem individualmente. Cada aluno poder\u00e1 estar inscrito&nbsp;em apenas uma modalidade. A prova da modalidade Universit\u00e1ria exige conhecimento em programa\u00e7\u00e3o; \u00e9 necess\u00e1rio prover computadores para os participantes, na ocasi\u00e3o da prova. A prova \u00e9 composta de tarefas de programa\u00e7\u00e3o com n\u00edveis variados de dificuldade: h\u00e1 tarefas mais f\u00e1ceis, em que um conhecimento m\u00ednimo de programa\u00e7\u00e3o \u00e9 suficiente, e algumas tarefas mais dif\u00edceis, que exigem um conhecimento um pouco mais avan\u00e7ado de programa\u00e7\u00e3o, com no\u00e7\u00f5es de estruturas de dados, em um n\u00edvel normalmente ensinado em bons col\u00e9gios t\u00e9cnicos, ou no primeiro ano de cursos superiores de computa\u00e7\u00e3o ou engenharia.<\/p>\n\n\n\n<p>Na premia\u00e7\u00e3o todos os participantes recebem certificados de participa\u00e7\u00e3o. Os melhores colocados de cada modalidade receber\u00e3o ainda medalhas de ouro, prata e bronze. Os melhores colocados das modalidades Inicia\u00e7\u00e3o e Programa\u00e7\u00e3o ser\u00e3o convidados para uma semana de cursos no Instituto de Computa\u00e7\u00e3o da UNICAMP. Os alunos da modalidade Inicia\u00e7\u00e3o participam de Cursos de Introdu\u00e7\u00e3o \u00e0 Programa\u00e7\u00e3o; os alunos da modalidade Programa\u00e7\u00e3o participar\u00e3o de Cursos de Programa\u00e7\u00e3o Avan\u00e7ada. Os cursos s\u00e3o ministrados no Instituto de Computa\u00e7\u00e3o da UNICAMP. Para os alunos da modalidade Programa\u00e7\u00e3o n\u00edvel 2, haver\u00e1, durante o Curso de Programa\u00e7\u00e3o Avan\u00e7ada, uma sele\u00e7\u00e3o para escolher os quatro alunos integrantes da equipe brasileira na Olimp\u00edada Internacional de Inform\u00e1tica, que conta com a participa\u00e7\u00e3o de equipes de mais de 70 pa\u00edses.<\/p>\n","protected":false},"excerpt":{"rendered":"<p>Respons\u00e1vel: Prof. Dr. Alexandre Tadeu Rossini da Silva A Olimp\u00edada Brasileira de Inform\u00e1tica (OBI) \u00e9 uma competi\u00e7\u00e3o organizada pela Sociedade &hellip; <\/p>\n","protected":false},"author":1,"featured_media":0,"parent":0,"menu_order":0,"comment_status":"closed","ping_status":"closed","template":"","meta":[],"_links":{"self":[{"href":"https:\/\/palmas.uft.edu.br\/grad\/ccomp\/index.php?rest_route=\/wp\/v2\/pages\/294"}],"collection":[{"href":"https:\/\/palmas.uft.edu.br\/grad\/ccomp\/index.php?rest_route=\/wp\/v2\/pages"}],"about":[{"href":"https:\/\/palmas.uft.edu.br\/grad\/ccomp\/index.php?rest_route=\/wp\/v2\/types\/page"}],"author":[{"embeddable":true,"href":"https:\/\/palmas.uft.edu.br\/grad\/ccomp\/index.php?rest_route=\/wp\/v2\/users\/1"}],"replies":[{"embeddable":true,"href":"https:\/\/palmas.uft.edu.br\/grad\/ccomp\/index.php?rest_route=%2Fwp%2Fv2%2Fcomments&post=294"}],"version-history":[{"count":1,"href":"https:\/\/palmas.uft.edu.br\/grad\/ccomp\/index.php?rest_route=\/wp\/v2\/pages\/294\/revisions"}],"predecessor-version":[{"id":295,"href":"https:\/\/palmas.uft.edu.br\/grad\/ccomp\/index.php?rest_route=\/wp\/v2\/pages\/294\/revisions\/295"}],"wp:attachment":[{"href":"https:\/\/palmas.uft.edu.br\/grad\/ccomp\/index.php?rest_route=%2Fwp%2Fv2%2Fmedia&parent=294"}],"curies":[{"name":"wp","href":"https:\/\/api.w.org\/{rel}","templated":true}]}}