{"id":296,"date":"2021-08-17T17:04:30","date_gmt":"2021-08-17T20:04:30","guid":{"rendered":"https:\/\/palmas.uft.edu.br\/grad\/ccomp\/?page_id=296"},"modified":"2021-09-23T21:02:01","modified_gmt":"2021-09-24T00:02:01","slug":"semana-academica-da-ciencia-da-computacao-secomp","status":"publish","type":"page","link":"https:\/\/palmas.uft.edu.br\/grad\/ccomp\/?page_id=296","title":{"rendered":"Semana Acad\u00eamica da Ci\u00eancia da Computa\u00e7\u00e3o (Secomp)"},"content":{"rendered":"\n<p>Respons\u00e1vel: Colegiado e Centro Acad\u00eamico do Curso de Ci\u00eancia da Computa\u00e7\u00e3o<\/p>\n\n\n\n<p>A Semana Acad\u00eamica de Ci\u00eancia da Computa\u00e7\u00e3o \u00e9 um evento que ocorre com periodicidade anual, sendo promovido pelo curso de Ci\u00eancia da Computa\u00e7\u00e3o da UFT. Ao longo dos anos, este evento cient\u00edfico em computa\u00e7\u00e3o vem ganhando cada vez mais import\u00e2ncia e respeito, agregando grande parte da comunidade regional cujo interesse em tecnologia e computa\u00e7\u00e3o seja proveniente do meio acad\u00eamico ou do meio empresarial e industrial. As \u00faltimas edi\u00e7\u00f5es da Semana Acad\u00eamica realizadas anualmente no campus de Palmas da UFT foram um sucesso, contando com mais de 200 participantes. Al\u00e9m disso, a coopera\u00e7\u00e3o de todos os docentes do curso, al\u00e9m de profissionais do mercado de trabalho e de professores de outras institui\u00e7\u00f5es, tornou poss\u00edvel a realiza\u00e7\u00e3o de um evento com qualidade, efici\u00eancia e efic\u00e1cia.<\/p>\n\n\n\n<p>A Universidade Federal do Tocantins (UFT) \u00e9 respons\u00e1vel por gerar e disseminar conhecimento, fomentando o desenvolvimento tecnol\u00f3gico do estado do Tocantins. Logo, cabe \u00e0 UFT propiciar o desenvolvimento de solu\u00e7\u00f5es e sistemas de informa\u00e7\u00e3o que n\u00e3o somente atendam as demandas p\u00fablicas do estado como tamb\u00e9m as demandas privadas, e \u00e0 medida do poss\u00edvel, fomente a transfer\u00eancia de tecnologia do meio acad\u00eamico para a comunidade tocantinense. Diante disso, o desenvolvimento de projetos de extens\u00e3o s\u00e3o de extrema import\u00e2ncia. Considerando o cont\u00ednuo e din\u00e2mico progresso em comunica\u00e7\u00e3o, tecnologia e computa\u00e7\u00e3o, \u00e9 um desafio constante manter os profissionais atualizados, sendo fundamental a promo\u00e7\u00e3o de eventos que tratem do desenvolvimento de solu\u00e7\u00f5es tecnol\u00f3gicas atuais e de inova\u00e7\u00e3o, promovendo a qualifica\u00e7\u00e3o profissional e, consequentemente, o avan\u00e7o tecnol\u00f3gico de nossa regi\u00e3o. Nesse contexto, a VIII Semana Acad\u00eamica da Ci\u00eancia da Computa\u00e7\u00e3o \u00e9 uma oportunidade para integra\u00e7\u00e3o, discuss\u00e3o e difus\u00e3o do conhecimento entre profissionais qualificados e estudantes.<\/p>\n\n\n\n<p>O objetivo geral da Semana Acad\u00eamica \u00e9 incentivar a participa\u00e7\u00e3o de acad\u00eamicos e profissionais de \u00e1reas ligadas a tecnologia e a computa\u00e7\u00e3o, al\u00e9m de fomentar projetos cient\u00edficos de pesquisa, extens\u00e3o e para o desenvolvimento de produtos e ferramentas que possam trazer ganhos para a sociedade, profissionais e empresas participantes. Tamb\u00e9m objetiva-se promover a integra\u00e7\u00e3o entre os acad\u00eamicos e os profissionais de computa\u00e7\u00e3o, como forma de estreitar rela\u00e7\u00f5es e diminuir as dificuldades, os medos e os mitos quanto a inser\u00e7\u00e3o dos acad\u00eamicos no mercado de trabalho. Tem-se ainda o objetivo de trazer para o p\u00fablico o que h\u00e1 de mais novo em rela\u00e7\u00e3o a tecnologia para o desenvolvimento de sistemas e softwares, mostrando ferramentas atualmente utilizadas por empresas para aumentar a efic\u00e1cia durante o desenvolvimento de seus produtos, assim como pesquisadores de renome durante palestras e debates mostrando aos participantes a import\u00e2ncia das universidades no processo de forma\u00e7\u00e3o de profissionais e na produ\u00e7\u00e3o cient\u00edfica para o Brasil.<\/p>\n","protected":false},"excerpt":{"rendered":"<p>Respons\u00e1vel: Colegiado e Centro Acad\u00eamico do Curso de Ci\u00eancia da Computa\u00e7\u00e3o A Semana Acad\u00eamica de Ci\u00eancia da Computa\u00e7\u00e3o \u00e9 um &hellip; <\/p>\n","protected":false},"author":1,"featured_media":0,"parent":0,"menu_order":0,"comment_status":"closed","ping_status":"closed","template":"","meta":[],"_links":{"self":[{"href":"https:\/\/palmas.uft.edu.br\/grad\/ccomp\/index.php?rest_route=\/wp\/v2\/pages\/296"}],"collection":[{"href":"https:\/\/palmas.uft.edu.br\/grad\/ccomp\/index.php?rest_route=\/wp\/v2\/pages"}],"about":[{"href":"https:\/\/palmas.uft.edu.br\/grad\/ccomp\/index.php?rest_route=\/wp\/v2\/types\/page"}],"author":[{"embeddable":true,"href":"https:\/\/palmas.uft.edu.br\/grad\/ccomp\/index.php?rest_route=\/wp\/v2\/users\/1"}],"replies":[{"embeddable":true,"href":"https:\/\/palmas.uft.edu.br\/grad\/ccomp\/index.php?rest_route=%2Fwp%2Fv2%2Fcomments&post=296"}],"version-history":[{"count":1,"href":"https:\/\/palmas.uft.edu.br\/grad\/ccomp\/index.php?rest_route=\/wp\/v2\/pages\/296\/revisions"}],"predecessor-version":[{"id":297,"href":"https:\/\/palmas.uft.edu.br\/grad\/ccomp\/index.php?rest_route=\/wp\/v2\/pages\/296\/revisions\/297"}],"wp:attachment":[{"href":"https:\/\/palmas.uft.edu.br\/grad\/ccomp\/index.php?rest_route=%2Fwp%2Fv2%2Fmedia&parent=296"}],"curies":[{"name":"wp","href":"https:\/\/api.w.org\/{rel}","templated":true}]}}