{"id":298,"date":"2021-08-17T17:05:12","date_gmt":"2021-08-17T20:05:12","guid":{"rendered":"https:\/\/palmas.uft.edu.br\/grad\/ccomp\/?page_id=298"},"modified":"2021-09-23T21:02:27","modified_gmt":"2021-09-24T00:02:27","slug":"maratona-de-programacao","status":"publish","type":"page","link":"https:\/\/palmas.uft.edu.br\/grad\/ccomp\/?page_id=298","title":{"rendered":"Maratona de Programa\u00e7\u00e3o"},"content":{"rendered":"\n<p>Respons\u00e1veis: Prof. Rafael Lima de Carvalho e Prof. Wosley da Costa Arruda<\/p>\n\n\n\n<p>A Maratona de Programa\u00e7\u00e3o \u00e9 um evento da Sociedade Brasileira de Computa\u00e7\u00e3o (SBC) que existe desde o ano de 1996. A Maratona nasceu das competi\u00e7\u00f5es regionais classificat\u00f3rias para as finais mundiais do concurso de programa\u00e7\u00e3o da ACM International Collegiate Programming Contest, e \u00e9 parte da regional sul-americana do concurso. Ela \u00e9 destinada a alunos de gradua\u00e7\u00e3o e in\u00edcio de p\u00f3s-gradua\u00e7\u00e3o na \u00e1rea de Computa\u00e7\u00e3o e afins . A competi\u00e7\u00e3o promove a criatividade, a capacidade de trabalho em equipe, a busca de novas solu\u00e7\u00f5es de software e a habilidade de resolver problemas sob press\u00e3o. Tem-se observado que as institui\u00e7\u00f5es e principalmente as grandes empresas da \u00e1rea t\u00eam valorizado os alunos que participam da Maratona.<\/p>\n\n\n\n<p>As competi\u00e7\u00f5es se d\u00e3o atrav\u00e9s de times compostos por tr\u00eas alunos, que tentar\u00e3o resolver durante 5 horas o maior n\u00famero poss\u00edvel dos 8 ou mais problemas que s\u00e3o entregues no in\u00edcio da competi\u00e7\u00e3o. Estes alunos t\u00eam \u00e0 sua disposi\u00e7\u00e3o apenas um computador e material impresso (livros, listagens, manuais) para vencer a batalha contra o rel\u00f3gio e os problemas propostos. Os competidores do time devem colaborar para descobrir os problemas mais f\u00e1ceis, projetar os testes, e construir as solu\u00e7\u00f5es que sejam aprovadas pelos ju\u00edzes da competi\u00e7\u00e3o. Alguns problemas requerem apenas compreens\u00e3o, outros conhecimento de t\u00e9cnicas mais sofisticadas, e alguns podem ser realmente muito dif\u00edceis de serem resolvidos.<\/p>\n\n\n\n<p>O p\u00fablico-alvo da maratona \u00e9 composto por alunos dos cursos de gradua\u00e7\u00e3o e in\u00edcio de p\u00f3s-gradua\u00e7\u00e3o na \u00e1rea de Computa\u00e7\u00e3o e afins (Ci\u00eancia da Computa\u00e7\u00e3o, Engenharia de Computa\u00e7\u00e3o, Sistemas de Informa\u00e7\u00e3o, Matem\u00e1tica, etc).Os principais objetivos deste projeto s\u00e3o: (1) capacitar alunos a desenvolverem solu\u00e7\u00f5es computacionais a partir de problemas; (2) habilitar alunos ao trabalho em grupo e com limita\u00e7\u00e3o de tempo; (3) promover nos alunos a criatividade; e (4) buscar novas solu\u00e7\u00f5es de programa\u00e7\u00e3o.<\/p>\n","protected":false},"excerpt":{"rendered":"<p>Respons\u00e1veis: Prof. Rafael Lima de Carvalho e Prof. Wosley da Costa Arruda A Maratona de Programa\u00e7\u00e3o \u00e9 um evento da &hellip; <\/p>\n","protected":false},"author":1,"featured_media":0,"parent":0,"menu_order":0,"comment_status":"closed","ping_status":"closed","template":"","meta":[],"_links":{"self":[{"href":"https:\/\/palmas.uft.edu.br\/grad\/ccomp\/index.php?rest_route=\/wp\/v2\/pages\/298"}],"collection":[{"href":"https:\/\/palmas.uft.edu.br\/grad\/ccomp\/index.php?rest_route=\/wp\/v2\/pages"}],"about":[{"href":"https:\/\/palmas.uft.edu.br\/grad\/ccomp\/index.php?rest_route=\/wp\/v2\/types\/page"}],"author":[{"embeddable":true,"href":"https:\/\/palmas.uft.edu.br\/grad\/ccomp\/index.php?rest_route=\/wp\/v2\/users\/1"}],"replies":[{"embeddable":true,"href":"https:\/\/palmas.uft.edu.br\/grad\/ccomp\/index.php?rest_route=%2Fwp%2Fv2%2Fcomments&post=298"}],"version-history":[{"count":1,"href":"https:\/\/palmas.uft.edu.br\/grad\/ccomp\/index.php?rest_route=\/wp\/v2\/pages\/298\/revisions"}],"predecessor-version":[{"id":299,"href":"https:\/\/palmas.uft.edu.br\/grad\/ccomp\/index.php?rest_route=\/wp\/v2\/pages\/298\/revisions\/299"}],"wp:attachment":[{"href":"https:\/\/palmas.uft.edu.br\/grad\/ccomp\/index.php?rest_route=%2Fwp%2Fv2%2Fmedia&parent=298"}],"curies":[{"name":"wp","href":"https:\/\/api.w.org\/{rel}","templated":true}]}}