{"id":312,"date":"2021-08-17T17:28:13","date_gmt":"2021-08-17T20:28:13","guid":{"rendered":"https:\/\/palmas.uft.edu.br\/grad\/ccomp\/?page_id=312"},"modified":"2021-09-23T21:10:43","modified_gmt":"2021-09-24T00:10:43","slug":"apresentacao-3","status":"publish","type":"page","link":"https:\/\/palmas.uft.edu.br\/grad\/ccomp\/?page_id=312","title":{"rendered":"Apresenta\u00e7\u00e3o"},"content":{"rendered":"\n<p>Os cursos de Bacharelados e de Licenciatura da \u00e1rea de Computa\u00e7\u00e3o s\u00e3o orientados para que seus egressos assumam fun\u00e7\u00f5es do mercado de trabalho, incluindo a \u00e1rea acad\u00eamica. Algumas das fun\u00e7\u00f5es dos egressos dos cursos de Bacharelados e de Licenciatura da \u00e1rea de Computa\u00e7\u00e3o s\u00e3o predominantemente orientadas para realizar atividades de processos e outras para transformar processos, com o desenvolvimento de novas tecnologias. Para os cursos orientados para realizar atividades de processos \u00e9 fortemente recomendado que seus alunos realizem est\u00e1gio e conhe\u00e7am, previamente, o ambiente onde s\u00e3o realizadas as atividades de trabalho para as quais eles est\u00e3o sendo preparados. Trata-se de uma inicia\u00e7\u00e3o \u00e0 profissionaliza\u00e7\u00e3o.<\/p>\n\n\n\n<p>O est\u00e1gio supervisionado \u00e9 um ato escolar educativo desenvolvido no ambiente de trabalho. A atividade n\u00e3o cria v\u00ednculo empregat\u00edcio e seu objetivo \u00e9 preparar o estudante para o mercado de trabalho, por meio do desenvolvimento de compet\u00eancias inerentes \u00e0 atividade profissional e da contextualiza\u00e7\u00e3o curricular. Por meio de est\u00e1gio, os estudantes podem conhecer previamente o ambiente onde s\u00e3o desenvolvidas as atividades de trabalho para as quais eles est\u00e3o sendo preparados, como forma de inicia\u00e7\u00e3o \u00e0 profissionaliza\u00e7\u00e3o.<\/p>\n\n\n\n<p>O Curso de Ci\u00eancia da Computa\u00e7\u00e3o da UFT possui duas modalidades de est\u00e1gio supervisionado, o obrigat\u00f3rio e o n\u00e3o obrigat\u00f3rio. O&nbsp;est\u00e1gio curricular obrigat\u00f3rio deve proporcionar ao estudante experi\u00eancias pr\u00e1ticas na sua linha de forma\u00e7\u00e3o, favorecendo a articula\u00e7\u00e3o do ensino com a pesquisa e extens\u00e3o. A carga hor\u00e1ria dessa modalidade de est\u00e1gio deve ser cumprida para que haja a integraliza\u00e7\u00e3o do curso. O&nbsp;est\u00e1gio curricular n\u00e3o obrigat\u00f3rio, por sua vez, visa \u00e0 amplia\u00e7\u00e3o da forma\u00e7\u00e3o profissional do estudante por meio das viv\u00eancias e experi\u00eancias pr\u00f3prias da situa\u00e7\u00e3o profissional expressas no projeto pedag\u00f3gico do curso. O est\u00e1gio deve ser desenvolvido sob a orienta\u00e7\u00e3o de um Supervisor de Est\u00e1gio da \u00e1rea de computa\u00e7\u00e3o, com o acompanhamento da Central de Est\u00e1gios do Campus de Palmas e a colabora\u00e7\u00e3o de profissionais qualificados da \u00e1rea de tecnologia da informa\u00e7\u00e3o e comunica\u00e7\u00e3o.<\/p>\n\n\n\n<p>Para mais informa\u00e7\u00f5es acesse os links abaixo: <\/p>\n\n\n\n<p><strong>P\u00e1gina da Central de Est\u00e1gios da UFT:<\/strong><\/p>\n\n\n\n<p><a href=\"https:\/\/ww2.uft.edu.br\/index.php\/estagios-menuprincipal\/estagios-apresentacao\">https:\/\/ww2.uft.edu.br\/index.php\/estagios-menuprincipal\/estagios-apresentacao<\/a><\/p>\n\n\n\n<p><strong>Resolu\u00e7\u00e3o de Est\u00e1gios da UFT:<\/strong><\/p>\n\n\n\n<p><a href=\"https:\/\/docs.uft.edu.br\/share\/s\/3HuGk0JQSiCNyQLPRUzWrQ\">https:\/\/docs.uft.edu.br\/share\/s\/3HuGk0JQSiCNyQLPRUzWrQ<\/a><\/p>\n","protected":false},"excerpt":{"rendered":"<p>Os cursos de Bacharelados e de Licenciatura da \u00e1rea de Computa\u00e7\u00e3o s\u00e3o orientados para que seus egressos assumam fun\u00e7\u00f5es do &hellip; <\/p>\n","protected":false},"author":1,"featured_media":0,"parent":0,"menu_order":0,"comment_status":"closed","ping_status":"closed","template":"","meta":[],"_links":{"self":[{"href":"https:\/\/palmas.uft.edu.br\/grad\/ccomp\/index.php?rest_route=\/wp\/v2\/pages\/312"}],"collection":[{"href":"https:\/\/palmas.uft.edu.br\/grad\/ccomp\/index.php?rest_route=\/wp\/v2\/pages"}],"about":[{"href":"https:\/\/palmas.uft.edu.br\/grad\/ccomp\/index.php?rest_route=\/wp\/v2\/types\/page"}],"author":[{"embeddable":true,"href":"https:\/\/palmas.uft.edu.br\/grad\/ccomp\/index.php?rest_route=\/wp\/v2\/users\/1"}],"replies":[{"embeddable":true,"href":"https:\/\/palmas.uft.edu.br\/grad\/ccomp\/index.php?rest_route=%2Fwp%2Fv2%2Fcomments&post=312"}],"version-history":[{"count":5,"href":"https:\/\/palmas.uft.edu.br\/grad\/ccomp\/index.php?rest_route=\/wp\/v2\/pages\/312\/revisions"}],"predecessor-version":[{"id":488,"href":"https:\/\/palmas.uft.edu.br\/grad\/ccomp\/index.php?rest_route=\/wp\/v2\/pages\/312\/revisions\/488"}],"wp:attachment":[{"href":"https:\/\/palmas.uft.edu.br\/grad\/ccomp\/index.php?rest_route=%2Fwp%2Fv2%2Fmedia&parent=312"}],"curies":[{"name":"wp","href":"https:\/\/api.w.org\/{rel}","templated":true}]}}