{"id":314,"date":"2021-08-17T17:30:14","date_gmt":"2021-08-17T20:30:14","guid":{"rendered":"https:\/\/palmas.uft.edu.br\/grad\/ccomp\/?page_id=314"},"modified":"2021-09-23T21:15:08","modified_gmt":"2021-09-24T00:15:08","slug":"estagio-supervisionado-nao-obrigatorio","status":"publish","type":"page","link":"https:\/\/palmas.uft.edu.br\/grad\/ccomp\/?page_id=314","title":{"rendered":"Est\u00e1gio Supervisionado N\u00e3o-obrigat\u00f3rio"},"content":{"rendered":"\n<p>O est\u00e1gio curricular n\u00e3o-obrigat\u00f3rio \u00e9 um ato educativo escolar supervisionado, de car\u00e1ter te\u00f3rico-pr\u00e1tico, que tem por objetivo principal proporcionar ao estudante a aproxima\u00e7\u00e3o com a realidade profissional, com vistas ao aperfei\u00e7oamento t\u00e9cnico, cultural, cient\u00edfico e pedag\u00f3gico de sua forma\u00e7\u00e3o acad\u00eamica. As atividades desenvolvidas como est\u00e1gio curricular n\u00e3o obrigat\u00f3rio devem estar relacionadas com a \u00e1rea de estudo do Curso em que o estagi\u00e1rio estiver matriculado e com frequ\u00eancia regular.<\/p>\n\n\n\n<p>O estudante dever\u00e1 ser selecionado para vaga de est\u00e1gio n\u00e3o-obrigat\u00f3rio atrav\u00e9s de Edital espec\u00edfico elaborado e publicado pela Unidade Concedente. S\u00e3o oferecidas bolsas mensais e aux\u00edlio transporte para est\u00e1gios com carga hor\u00e1ria que variam de 20 a 30 horas semanais, pelo per\u00edodo de seis meses, sendo poss\u00edvel a renova\u00e7\u00e3o at\u00e9 dois anos conforme a Lei 11.788. O estudante deve ser selecionado para vaga de est\u00e1gio n\u00e3o-obrigat\u00f3rio por meio de edital espec\u00edfico elaborado e publicado pela Unidade Concedente.<\/p>\n\n\n\n<p><\/p>\n","protected":false},"excerpt":{"rendered":"<p>O est\u00e1gio curricular n\u00e3o-obrigat\u00f3rio \u00e9 um ato educativo escolar supervisionado, de car\u00e1ter te\u00f3rico-pr\u00e1tico, que tem por objetivo principal proporcionar ao &hellip; <\/p>\n","protected":false},"author":1,"featured_media":0,"parent":0,"menu_order":0,"comment_status":"closed","ping_status":"closed","template":"","meta":[],"_links":{"self":[{"href":"https:\/\/palmas.uft.edu.br\/grad\/ccomp\/index.php?rest_route=\/wp\/v2\/pages\/314"}],"collection":[{"href":"https:\/\/palmas.uft.edu.br\/grad\/ccomp\/index.php?rest_route=\/wp\/v2\/pages"}],"about":[{"href":"https:\/\/palmas.uft.edu.br\/grad\/ccomp\/index.php?rest_route=\/wp\/v2\/types\/page"}],"author":[{"embeddable":true,"href":"https:\/\/palmas.uft.edu.br\/grad\/ccomp\/index.php?rest_route=\/wp\/v2\/users\/1"}],"replies":[{"embeddable":true,"href":"https:\/\/palmas.uft.edu.br\/grad\/ccomp\/index.php?rest_route=%2Fwp%2Fv2%2Fcomments&post=314"}],"version-history":[{"count":1,"href":"https:\/\/palmas.uft.edu.br\/grad\/ccomp\/index.php?rest_route=\/wp\/v2\/pages\/314\/revisions"}],"predecessor-version":[{"id":315,"href":"https:\/\/palmas.uft.edu.br\/grad\/ccomp\/index.php?rest_route=\/wp\/v2\/pages\/314\/revisions\/315"}],"wp:attachment":[{"href":"https:\/\/palmas.uft.edu.br\/grad\/ccomp\/index.php?rest_route=%2Fwp%2Fv2%2Fmedia&parent=314"}],"curies":[{"name":"wp","href":"https:\/\/api.w.org\/{rel}","templated":true}]}}