{"id":316,"date":"2021-08-17T18:03:04","date_gmt":"2021-08-17T21:03:04","guid":{"rendered":"https:\/\/palmas.uft.edu.br\/grad\/ccomp\/?page_id=316"},"modified":"2021-08-18T11:38:36","modified_gmt":"2021-08-18T14:38:36","slug":"estagio-supervisionado-obrigatorio","status":"publish","type":"page","link":"https:\/\/palmas.uft.edu.br\/grad\/ccomp\/?page_id=316","title":{"rendered":"Est\u00e1gio Supervisionado Obrigat\u00f3rio"},"content":{"rendered":"\n<p>O est\u00e1gio supervisionado obrigat\u00f3rio deve ser realizado pelo acad\u00eamico ap\u00f3s a conclus\u00e3o de 50% das disciplinas da matriz curricular do Curso de Ci\u00eancia da Computa\u00e7\u00e3o. Ele deve ser realizado com uma carga hor\u00e1ria de 200 horas em institui\u00e7\u00f5es conveniadas com o Curso de Ci\u00eancia da Computa\u00e7\u00e3o e Universidade Federal do Tocantins. O est\u00e1gio tem validade somente se realizado em institui\u00e7\u00f5es conveniadas. O est\u00e1gio supervisionado obrigat\u00f3rio deve ser coordenado por um professor do colegiado do Curso de Ci\u00eancia da Computa\u00e7\u00e3o com forma\u00e7\u00e3o na \u00e1rea de computa\u00e7\u00e3o (an\u00e1lise de sistemas, sistemas de informa\u00e7\u00e3o, ci\u00eancia da computa\u00e7\u00e3o, engenharia da computa\u00e7\u00e3o e tecn\u00f3logos da \u00e1rea de tecnologia da informa\u00e7\u00e3o). Os procedimentos documentais do est\u00e1gio supervisionado s\u00e3o gerenciados pela Central de Est\u00e1gios do Campus de Palmas da UFT. As informa\u00e7\u00f5es sobre o est\u00e1gio podem ser obtidas no site da Central de Est\u00e1gios, atrav\u00e9s do link http:\/\/ww2.uft.edu.br\/ensino\/graduacao\/estagios.<\/p>\n\n\n\n<p>Todos os acad\u00eamicos matriculados no est\u00e1gio devem estar segurados com seguro de vida e de acidentes pessoais. O seguro deve ser informado pela Central de Est\u00e1gio e deve estar contido no termo de compromisso do est\u00e1gio. Os acad\u00eamicos devem preencher os documentos do est\u00e1gio, coletar as assinaturas dos supervisores e entregar todas as vias na Central de Est\u00e1gio. S\u00e3o documentos obrigat\u00f3rios: Termo de Compromisso, Plano de Atividades, Relat\u00f3rios, Ficha de Avalia\u00e7\u00e3o e Termo de Realiza\u00e7\u00e3o.<\/p>\n\n\n\n<h2>Resolu\u00e7\u00e3o de Est\u00e1gio de Ci\u00eancia da Computa\u00e7\u00e3o<\/h2>\n\n\n\n<div class=\"wp-block-file\"><object class=\"wp-block-file__embed\" data=\"https:\/\/palmas.uft.edu.br\/grad\/ccomp\/wp-content\/uploads\/2021\/08\/regimento_estagio_comp.pdf\" type=\"application\/pdf\" style=\"width:100%;height:600px\" aria-label=\"Incorporado de regimento_estagio_comp.\"><\/object><a href=\"https:\/\/palmas.uft.edu.br\/grad\/ccomp\/wp-content\/uploads\/2021\/08\/regimento_estagio_comp.pdf\">regimento_estagio_comp<\/a><a href=\"https:\/\/palmas.uft.edu.br\/grad\/ccomp\/wp-content\/uploads\/2021\/08\/regimento_estagio_comp.pdf\" class=\"wp-block-file__button\" download>Baixar<\/a><\/div>\n","protected":false},"excerpt":{"rendered":"<p>O est\u00e1gio supervisionado obrigat\u00f3rio deve ser realizado pelo acad\u00eamico ap\u00f3s a conclus\u00e3o de 50% das disciplinas da matriz curricular do &hellip; <\/p>\n","protected":false},"author":1,"featured_media":0,"parent":0,"menu_order":0,"comment_status":"closed","ping_status":"closed","template":"","meta":[],"_links":{"self":[{"href":"https:\/\/palmas.uft.edu.br\/grad\/ccomp\/index.php?rest_route=\/wp\/v2\/pages\/316"}],"collection":[{"href":"https:\/\/palmas.uft.edu.br\/grad\/ccomp\/index.php?rest_route=\/wp\/v2\/pages"}],"about":[{"href":"https:\/\/palmas.uft.edu.br\/grad\/ccomp\/index.php?rest_route=\/wp\/v2\/types\/page"}],"author":[{"embeddable":true,"href":"https:\/\/palmas.uft.edu.br\/grad\/ccomp\/index.php?rest_route=\/wp\/v2\/users\/1"}],"replies":[{"embeddable":true,"href":"https:\/\/palmas.uft.edu.br\/grad\/ccomp\/index.php?rest_route=%2Fwp%2Fv2%2Fcomments&post=316"}],"version-history":[{"count":2,"href":"https:\/\/palmas.uft.edu.br\/grad\/ccomp\/index.php?rest_route=\/wp\/v2\/pages\/316\/revisions"}],"predecessor-version":[{"id":374,"href":"https:\/\/palmas.uft.edu.br\/grad\/ccomp\/index.php?rest_route=\/wp\/v2\/pages\/316\/revisions\/374"}],"wp:attachment":[{"href":"https:\/\/palmas.uft.edu.br\/grad\/ccomp\/index.php?rest_route=%2Fwp%2Fv2%2Fmedia&parent=316"}],"curies":[{"name":"wp","href":"https:\/\/api.w.org\/{rel}","templated":true}]}}