{"id":320,"date":"2021-08-17T17:56:21","date_gmt":"2021-08-17T20:56:21","guid":{"rendered":"https:\/\/palmas.uft.edu.br\/grad\/ccomp\/?page_id=320"},"modified":"2021-09-23T21:22:46","modified_gmt":"2021-09-24T00:22:46","slug":"estude-na-uft","status":"publish","type":"page","link":"https:\/\/palmas.uft.edu.br\/grad\/ccomp\/?page_id=320","title":{"rendered":"Estude na UFT"},"content":{"rendered":"\n<p>Oferecer um Ensino Superior de qualidade, tanto no n\u00edvel de gradua\u00e7\u00e3o quanto de p\u00f3s-gradua\u00e7\u00e3o, \u00e9 um dos principais compromissos da UFT com a sociedade. Ao longo de nossa hist\u00f3ria, a viabiliza\u00e7\u00e3o de mais e melhores cursos sempre foi uma constante, para que pud\u00e9ssemos oferecer oportunidades de forma\u00e7\u00e3o e crescimento nas mais diversas \u00e1reas do conhecimento.<\/p>\n\n\n\n<p>Somos uma institui\u00e7\u00e3o nova, por\u00e9m j\u00e1 consolidada ao longo de mais de 15 anos de hist\u00f3ria, e considerada a terceira melhor institui\u00e7\u00e3o p\u00fablica de Ensino Superior do Norte do pa\u00eds na avalia\u00e7\u00e3o do Guia do Estudante (2016).<\/p>\n\n\n\n<p>Estamos comprometidos com a forma\u00e7\u00e3o de profissionais cidad\u00e3os e com a produ\u00e7\u00e3o de conhecimentos voltados para o desenvolvimento socioambiental do Estado, da Regi\u00e3o Norte e da Amaz\u00f4nia Legal, uma miss\u00e3o que se reflete em nossas atividades de ensino, pesquisa, extens\u00e3o e gest\u00e3o.<\/p>\n\n\n\n<p>S\u00e3o oferecidos mais de 50 cursos presenciais de gradua\u00e7\u00e3o, entre licenciaturas, bacharelados e tecnol\u00f3gicos, cinco cursos a dist\u00e2ncia e ainda cursos na modalidade semipresencial para forma\u00e7\u00e3o de professores (Parfor), al\u00e9m de Programas de P\u00f3s-Gradua\u00e7\u00e3o\u00a0<em>stricto sensu<\/em>\u00a0&#8211; com 31 cursos de mestrado (19 acad\u00eamicos e 12 profissionais) e seis doutorados -, e diversas op\u00e7\u00f5es de p\u00f3s-gradua\u00e7\u00e3o\u00a0<em>lato sensu<\/em>\u00a0(especializa\u00e7\u00f5es e MBAs).<\/p>\n\n\n\n<p>Somos uma universidade com valores s\u00f3lidos, que preza pelo respeito \u00e0 vida e \u00e0 diversidade, pela transpar\u00eancia, pela qualidade, pela criatividade e inova\u00e7\u00e3o, pela responsabilidade social e pela equidade.<\/p>\n\n\n\n<p>Contamos com um quadro de servidores docentes e t\u00e9cnicos-administrativos qualificado, com mais de 550 professores doutores e quase 400 mestres em diversas \u00e1reas de conhecimento.<\/p>\n\n\n\n<p>Temos uma infraestrutura ampla, com espa\u00e7os administrativos, laborat\u00f3rios, bibliotecas, audit\u00f3rios, salas de aula e \u00e1reas de conv\u00edvio em sete campus, localizados de norte a sul do Tocantins.<\/p>\n\n\n\n<p>Priorizando uma perspectiva integrada, desenvolvemos diversas atividades de pesquisa e extens\u00e3o que possibilitam aos estudantes experi\u00eancias pr\u00e1ticas que envolvem a presta\u00e7\u00e3o de servi\u00e7os relevantes e favorecem a troca de conhecimentos com a comunidade. Al\u00e9m das atividades em sala de aula, oferecemos&nbsp;diversos projetos e programas (como programas de monitoria, inicia\u00e7\u00e3o \u00e0 doc\u00eancia, inicia\u00e7\u00e3o cient\u00edfica, incentivo \u00e0 participa\u00e7\u00e3o em eventos, pesquisa e outros) com o objetivo de enriquecer a experi\u00eancia acad\u00eamica de nossos alunos.<\/p>\n\n\n\n<p>Ademais, somos uma universidade receptiva e aberta para o mundo, com conv\u00eanios e programas de mobilidade com diversas outras institui\u00e7\u00f5es de ensino do Brasil e do exterior, que possibilitam aos alunos ampliar seus horizontes de estudos, estabelecer contatos e ainda conhecer outras culturas e costumes.<\/p>\n\n\n\n<p>Somos a universidade brasileira pioneira na implanta\u00e7\u00e3o de cotas para estudantes ind\u00edgenas e quilombolas em processos seletivos. Al\u00e9m disso, por meio de a\u00e7\u00f5es afirmativas, bolsas e outros programas e projetos de assist\u00eancia estudantil, buscamos proporcionar condi\u00e7\u00f5es equ\u00e2nimes de acesso e perman\u00eancia no Ensino Superior, especialmente \u00e0 popula\u00e7\u00e3o de baixa renda e em condi\u00e7\u00f5es de vulnerabilidade social.<\/p>\n\n\n\n<p>Estamos atentos \u00e0s demandas sociais, e buscamos estabelecer parcerias que possam proporcionar uma atua\u00e7\u00e3o cada vez mais efetiva, coerente&nbsp;com a nossa miss\u00e3o de &#8220;formar cidad\u00e3os e profissionais qualificados, comprometidos com o desenvolvimento sustent\u00e1vel da Amaz\u00f4nia&#8221;.<\/p>\n\n\n\n<p>Fazemos parte da hist\u00f3ria estado do Tocantins e da forma\u00e7\u00e3o de mais de 12 mil profissionais graduados.&nbsp;Por tudo isso, se voc\u00ea tem um sonho, quem sabe o caminho para realiz\u00e1-lo n\u00e3o passa pela UFT?<\/p>\n\n\n\n<p>Para saber mais clique no link a seguir:<br><br><a href=\"https:\/\/ww2.uft.edu.br\/index.php\/estude-na-uft-principal\/estude-na-uft-item\">https:\/\/ww2.uft.edu.br\/index.php\/estude-na-uft-principal\/estude-na-uft-item<\/a><\/p>\n","protected":false},"excerpt":{"rendered":"<p>Oferecer um Ensino Superior de qualidade, tanto no n\u00edvel de gradua\u00e7\u00e3o quanto de p\u00f3s-gradua\u00e7\u00e3o, \u00e9 um dos principais compromissos da &hellip; <\/p>\n","protected":false},"author":1,"featured_media":0,"parent":0,"menu_order":0,"comment_status":"closed","ping_status":"closed","template":"","meta":[],"_links":{"self":[{"href":"https:\/\/palmas.uft.edu.br\/grad\/ccomp\/index.php?rest_route=\/wp\/v2\/pages\/320"}],"collection":[{"href":"https:\/\/palmas.uft.edu.br\/grad\/ccomp\/index.php?rest_route=\/wp\/v2\/pages"}],"about":[{"href":"https:\/\/palmas.uft.edu.br\/grad\/ccomp\/index.php?rest_route=\/wp\/v2\/types\/page"}],"author":[{"embeddable":true,"href":"https:\/\/palmas.uft.edu.br\/grad\/ccomp\/index.php?rest_route=\/wp\/v2\/users\/1"}],"replies":[{"embeddable":true,"href":"https:\/\/palmas.uft.edu.br\/grad\/ccomp\/index.php?rest_route=%2Fwp%2Fv2%2Fcomments&post=320"}],"version-history":[{"count":3,"href":"https:\/\/palmas.uft.edu.br\/grad\/ccomp\/index.php?rest_route=\/wp\/v2\/pages\/320\/revisions"}],"predecessor-version":[{"id":490,"href":"https:\/\/palmas.uft.edu.br\/grad\/ccomp\/index.php?rest_route=\/wp\/v2\/pages\/320\/revisions\/490"}],"wp:attachment":[{"href":"https:\/\/palmas.uft.edu.br\/grad\/ccomp\/index.php?rest_route=%2Fwp%2Fv2%2Fmedia&parent=320"}],"curies":[{"name":"wp","href":"https:\/\/api.w.org\/{rel}","templated":true}]}}