{"id":322,"date":"2021-08-17T17:56:57","date_gmt":"2021-08-17T20:56:57","guid":{"rendered":"https:\/\/palmas.uft.edu.br\/grad\/ccomp\/?page_id=322"},"modified":"2021-09-23T21:24:42","modified_gmt":"2021-09-24T00:24:42","slug":"acesso-a-informacao","status":"publish","type":"page","link":"https:\/\/palmas.uft.edu.br\/grad\/ccomp\/?page_id=322","title":{"rendered":"Acesso \u00e0 Informa\u00e7\u00e3o"},"content":{"rendered":"\n<p><\/p>\n\n\n\n<p><\/p>\n\n\n\n<p>Para saber mais sobre contatos institucionais, programas, planos, a\u00e7\u00f5es, e relat\u00f3rios institucionais, clique no link a seguir:<\/p>\n\n\n\n<p><a href=\"https:\/\/ww2.uft.edu.br\/index.php\/acessoainformacao\">https:\/\/ww2.uft.edu.br\/index.php\/acessoainformacao<\/a><\/p>\n","protected":false},"excerpt":{"rendered":"<p>Para saber mais sobre contatos institucionais, programas, planos, a\u00e7\u00f5es, e relat\u00f3rios institucionais, clique no link a seguir: https:\/\/ww2.uft.edu.br\/index.php\/acessoainformacao<\/p>\n","protected":false},"author":1,"featured_media":0,"parent":0,"menu_order":0,"comment_status":"closed","ping_status":"closed","template":"","meta":[],"_links":{"self":[{"href":"https:\/\/palmas.uft.edu.br\/grad\/ccomp\/index.php?rest_route=\/wp\/v2\/pages\/322"}],"collection":[{"href":"https:\/\/palmas.uft.edu.br\/grad\/ccomp\/index.php?rest_route=\/wp\/v2\/pages"}],"about":[{"href":"https:\/\/palmas.uft.edu.br\/grad\/ccomp\/index.php?rest_route=\/wp\/v2\/types\/page"}],"author":[{"embeddable":true,"href":"https:\/\/palmas.uft.edu.br\/grad\/ccomp\/index.php?rest_route=\/wp\/v2\/users\/1"}],"replies":[{"embeddable":true,"href":"https:\/\/palmas.uft.edu.br\/grad\/ccomp\/index.php?rest_route=%2Fwp%2Fv2%2Fcomments&post=322"}],"version-history":[{"count":3,"href":"https:\/\/palmas.uft.edu.br\/grad\/ccomp\/index.php?rest_route=\/wp\/v2\/pages\/322\/revisions"}],"predecessor-version":[{"id":491,"href":"https:\/\/palmas.uft.edu.br\/grad\/ccomp\/index.php?rest_route=\/wp\/v2\/pages\/322\/revisions\/491"}],"wp:attachment":[{"href":"https:\/\/palmas.uft.edu.br\/grad\/ccomp\/index.php?rest_route=%2Fwp%2Fv2%2Fmedia&parent=322"}],"curies":[{"name":"wp","href":"https:\/\/api.w.org\/{rel}","templated":true}]}}