{"id":329,"date":"2021-08-17T18:03:37","date_gmt":"2021-08-17T21:03:37","guid":{"rendered":"https:\/\/palmas.uft.edu.br\/grad\/ccomp\/?page_id=329"},"modified":"2021-08-17T18:03:37","modified_gmt":"2021-08-17T21:03:37","slug":"apresentacao-4","status":"publish","type":"page","link":"https:\/\/palmas.uft.edu.br\/grad\/ccomp\/?page_id=329","title":{"rendered":"Apresenta\u00e7\u00e3o"},"content":{"rendered":"\n<p>O corpo docente deve estar consciente da responsabilidade pela efetiva\u00e7\u00e3o do Projeto Pol\u00edtico Pedag\u00f3gico, assumindo comportamentos e atitudes no desempenho de suas fun\u00e7\u00f5es, visando atingir os objetivos do Curso de Ci\u00eancia da Computa\u00e7\u00e3o. Tratando-se de um curso da Universidade Federal do Tocantins, deve-se partir do pressuposto da indissociabilidade entre o ensino, pesquisa e extens\u00e3o, com rela\u00e7\u00e3o \u00e0 metodologia e atitudes do corpo docente, destacando-se a import\u00e2ncia da promo\u00e7\u00e3o:<\/p>\n\n\n\n<ul><li>Da intera\u00e7\u00e3o entre os objetivos da UFT e do Curso de Ci\u00eancia da Computa\u00e7\u00e3o, atrav\u00e9s de a\u00e7\u00f5es devidamente articuladas e cooperativas, visando a efetiva\u00e7\u00e3o do Projeto Pedag\u00f3gico do Curso;<\/li><li>Capacita\u00e7\u00e3o e atualiza\u00e7\u00e3o cient\u00edfica e did\u00e1tico pedag\u00f3gica;<\/li><li>Compreens\u00e3o do ser humano como princ\u00edpio e fim do processo educativo;<\/li><li>Inser\u00e7\u00e3o do curso na comunidade cient\u00edfica profissional, atrav\u00e9s da participa\u00e7\u00e3o em comiss\u00f5es cient\u00edficas, movimentos associativos, grupos de pesquisa, eventos cient\u00edficos e profissionais;<\/li><li>Integra\u00e7\u00e3o com corpo discente atrav\u00e9s das pr\u00e1ticas pedag\u00f3gicas, de orienta\u00e7\u00e3o acad\u00eamicas, da inicia\u00e7\u00e3o cientifica, de est\u00e1gios e monitorias;<\/li><li>Divulga\u00e7\u00e3o e socializa\u00e7\u00e3o do saber atrav\u00e9s de produ\u00e7\u00f5es cient\u00edficas, t\u00e9cnicas e culturais;<\/li><li>Inser\u00e7\u00e3o do curso no contexto institucional, participando da gest\u00e3o acad\u00eamica e administrativa;<\/li><li>Inser\u00e7\u00e3o do curso no contexto social atrav\u00e9s de pr\u00e1ticas extensionistas, a\u00e7\u00f5es comunit\u00e1rias e integra\u00e7\u00e3o com a comunidade e grupos de pesquisa;<\/li><li>Valoriza\u00e7\u00e3o e \u00eanfase da dimens\u00e3o interdisciplinar e do trabalho multiprofissional, bem como da inter-rela\u00e7\u00e3o das disciplinas do curr\u00edculo do curso;<\/li><li>Valoriza\u00e7\u00e3o e uso dos resultados do processo de avalia\u00e7\u00e3o institucional como meio de promover a melhoria do ensino no \u00e2mbito do Curso de Ci\u00eancia da Computa\u00e7\u00e3o.<\/li><\/ul>\n","protected":false},"excerpt":{"rendered":"<p>O corpo docente deve estar consciente da responsabilidade pela efetiva\u00e7\u00e3o do Projeto Pol\u00edtico Pedag\u00f3gico, assumindo comportamentos e atitudes no desempenho &hellip; <\/p>\n","protected":false},"author":1,"featured_media":0,"parent":0,"menu_order":0,"comment_status":"closed","ping_status":"closed","template":"","meta":[],"_links":{"self":[{"href":"https:\/\/palmas.uft.edu.br\/grad\/ccomp\/index.php?rest_route=\/wp\/v2\/pages\/329"}],"collection":[{"href":"https:\/\/palmas.uft.edu.br\/grad\/ccomp\/index.php?rest_route=\/wp\/v2\/pages"}],"about":[{"href":"https:\/\/palmas.uft.edu.br\/grad\/ccomp\/index.php?rest_route=\/wp\/v2\/types\/page"}],"author":[{"embeddable":true,"href":"https:\/\/palmas.uft.edu.br\/grad\/ccomp\/index.php?rest_route=\/wp\/v2\/users\/1"}],"replies":[{"embeddable":true,"href":"https:\/\/palmas.uft.edu.br\/grad\/ccomp\/index.php?rest_route=%2Fwp%2Fv2%2Fcomments&post=329"}],"version-history":[{"count":1,"href":"https:\/\/palmas.uft.edu.br\/grad\/ccomp\/index.php?rest_route=\/wp\/v2\/pages\/329\/revisions"}],"predecessor-version":[{"id":330,"href":"https:\/\/palmas.uft.edu.br\/grad\/ccomp\/index.php?rest_route=\/wp\/v2\/pages\/329\/revisions\/330"}],"wp:attachment":[{"href":"https:\/\/palmas.uft.edu.br\/grad\/ccomp\/index.php?rest_route=%2Fwp%2Fv2%2Fmedia&parent=329"}],"curies":[{"name":"wp","href":"https:\/\/api.w.org\/{rel}","templated":true}]}}