{"id":342,"date":"2021-08-17T20:22:14","date_gmt":"2021-08-17T23:22:14","guid":{"rendered":"https:\/\/palmas.uft.edu.br\/grad\/ccomp\/?page_id=342"},"modified":"2021-08-25T21:32:42","modified_gmt":"2021-08-26T00:32:42","slug":"monitoria","status":"publish","type":"page","link":"https:\/\/palmas.uft.edu.br\/grad\/ccomp\/?page_id=342","title":{"rendered":"Monitoria"},"content":{"rendered":"\n<h2>Programa Institucional de Inova\u00e7\u00e3o Pedag\u00f3gica (PIIP) Projeto de Inova\u00e7\u00e3o Pedag\u00f3gica (PIP) do Curso de Ci\u00eancia da Computa\u00e7\u00e3o &#8211; UFT<\/h2>\n\n\n\n<p><strong>Nome do Projeto:<\/strong> O Fascinante Mundo da Programa\u00e7\u00e3o<br><strong>Coordenador:<\/strong> prof Dr. Tanilson Dias dos Santos<br><strong>Colaboradores:<\/strong> profa Dra Hellena Christina Fernandes Apolin\u00e1rio, profa Ma Juliana Leit\u00e3o Dutra<\/p>\n\n\n\n<p><strong>Tutor:<\/strong> Humberto da Costa Frizzera<br><strong>Resumo:<\/strong> O projeto de inova\u00e7\u00e3o pedag\u00f3gica \u201cO Fascinante Mundo da Programa\u00e7\u00e3o\u201d \u00e9 um projeto que conta com o apoio de 6 monitores de gradua\u00e7\u00e3o, 1 tutor de p\u00f3s-gradua\u00e7\u00e3o, 1 coordenador e 2 professores colaboradores. A atua\u00e7\u00e3o do projeto \u00e9 ampla e apoia desde tarefas acad\u00eamicas, de ensino, pesquisa at\u00e9, tamb\u00e9m, tarefas administrativas e de extens\u00e3o. No ensino, os monitores atuam como suporte em disciplinas cujo acompanhamento discente se faz necess\u00e1rio. Nas atividades acad\u00eamicas em geral, os monitores podem auxiliar seus colegas em tarefas e d\u00favidas gerais sobre o curso e sobre a UFT. Na extens\u00e3o, os monitores auxiliam em projetos que est\u00e3o sendo<br>desenvolvidos pelos professores do curso. Com rela\u00e7\u00e3o a tarefas administrativas, os monitores tamb\u00e9m atuam desenvolvendo materiais para redes sociais do curso e material para o apoio aos alunos ingressantes. O principal forte do programa de inova\u00e7\u00e3o pedag\u00f3gica, talvez, seja o fato de a atua\u00e7\u00e3o mais flex\u00edvel dos monitores, reduzindo<br>assim a ociosidade que ocorria antes, no modelo de monitoria tradicional, quando os monitores eram dedicados exclusivamente para uma disciplina. O tutor trabalha como auxiliar direto do coordenador do projeto e organiza\u00e7\u00e3o de tarefas administrativas.<\/p>\n\n\n\n<h2>Monitores:<\/h2>\n\n\n\n<p><strong>Edson Gustavo Rodrigues Miranda<\/strong><br>Curso: Medicina<br>Per\u00edodo: 5o per\u00edodo<br>Atividade desenvolvida: Monitor da disciplina Liguagem de Programa\u00e7\u00e3o da Turma A.<br>Hor\u00e1rio: Segunda, das 18:00 \u00e0s 20:00 e sexta das 10:00 \u00e0s 12:00 e das 14:00 \u00e0s 16h.<\/p>\n\n\n\n<p><br><strong>Jackson Pereira dos Santos<\/strong><br>Curso: Ci\u00eancia da Computa\u00e7\u00e3o<br>Per\u00edodo: 12o per\u00edodo<br>Atividade desenvolvida: Monitor no projeto de extens\u00e3o \u201cO Fascinante Mundo da Programa\u00e7\u00e3o\u201d<br>Hor\u00e1rio: Sexta \u00e0s 15:00 at\u00e9 18:00, S\u00e1bado 15:00 at\u00e9 19:00 e Domingo das 08:00 at\u00e9 12:00<\/p>\n\n\n\n<p><br><strong>Luana Lorena de Matos Tavares<\/strong><br>Curso: Ci\u00eancia da Computa\u00e7\u00e3o<br>Per\u00edodo: 3o per\u00edodo<br>Atividade desenvolvida: Monitora da disciplina de C\u00e1lculo Diferencial e Integral I<br>Hor\u00e1rio: Quarta \u00e0s 18:00 at\u00e9 20:00, Quinta 18:00 at\u00e9 20:00 e s\u00e1bado das 14:00 at\u00e9 16:00.<\/p>\n\n\n\n<p><strong>Tha\u00eds Faustino Calixto<\/strong><br>Curso: Ci\u00eancia da Computa\u00e7\u00e3o<br>Per\u00edodo: 6o per\u00edodo<br>Atividade desenvolvida: Monitora da disciplina de L\u00f3gica de Programa\u00e7\u00e3o da Turma A.<br>Hor\u00e1rio: segunda \u00e0 quarta, das 19h \u00e0s 21h.<\/p>\n\n\n\n<p><br><strong>Yuri de Sousa Nascimento<\/strong><br>Curso: Ci\u00eancia da Computa\u00e7\u00e3o<br>Per\u00edodo: 3o per\u00edodo<br>Atividade desenvolvida: Monitor da disciplina Linguagem de Programa\u00e7\u00e3o da Turma B.<br>Hor\u00e1rio: Domingo \u00e0s 10:00hs.<\/p>\n\n\n\n<p><br><strong>Daniel de Jesus Guimar\u00e3es<\/strong><br>Curso: Ci\u00eancia da Computa\u00e7\u00e3o<br>Per\u00edodo: 6o per\u00edodo<br>Atividade desenvolvida: Monitor da disciplina Linguagem de Programa\u00e7\u00e3o da Turma B.<br>Hor\u00e1rio: Domingo \u00e0s 10:00hs<\/p>\n\n\n\n<p><br><strong>Wanderson Rodrigues Alves<\/strong><br>Curso: Ci\u00eancia da Computa\u00e7\u00e3o<br>Per\u00edodo: 8o per\u00edodo<br>Atividade desenvolvida: Monitor no projeto de extens\u00e3o \u201cO Fascinante Mundo da Programa\u00e7\u00e3o\u201d<br>Hor\u00e1rio: Segunda das 08:00 at\u00e9 12:00, Quinta das 8:00 at\u00e9 11:00, Sexta das 09:00 at\u00e9 10:00 e s\u00e1bado das 14:00 at\u00e9 17:00.<\/p>\n","protected":false},"excerpt":{"rendered":"<p>Programa Institucional de Inova\u00e7\u00e3o Pedag\u00f3gica (PIIP) Projeto de Inova\u00e7\u00e3o Pedag\u00f3gica (PIP) do Curso de Ci\u00eancia da Computa\u00e7\u00e3o &#8211; UFT Nome &hellip; <\/p>\n","protected":false},"author":1,"featured_media":0,"parent":0,"menu_order":0,"comment_status":"closed","ping_status":"closed","template":"","meta":[],"_links":{"self":[{"href":"https:\/\/palmas.uft.edu.br\/grad\/ccomp\/index.php?rest_route=\/wp\/v2\/pages\/342"}],"collection":[{"href":"https:\/\/palmas.uft.edu.br\/grad\/ccomp\/index.php?rest_route=\/wp\/v2\/pages"}],"about":[{"href":"https:\/\/palmas.uft.edu.br\/grad\/ccomp\/index.php?rest_route=\/wp\/v2\/types\/page"}],"author":[{"embeddable":true,"href":"https:\/\/palmas.uft.edu.br\/grad\/ccomp\/index.php?rest_route=\/wp\/v2\/users\/1"}],"replies":[{"embeddable":true,"href":"https:\/\/palmas.uft.edu.br\/grad\/ccomp\/index.php?rest_route=%2Fwp%2Fv2%2Fcomments&post=342"}],"version-history":[{"count":2,"href":"https:\/\/palmas.uft.edu.br\/grad\/ccomp\/index.php?rest_route=\/wp\/v2\/pages\/342\/revisions"}],"predecessor-version":[{"id":428,"href":"https:\/\/palmas.uft.edu.br\/grad\/ccomp\/index.php?rest_route=\/wp\/v2\/pages\/342\/revisions\/428"}],"wp:attachment":[{"href":"https:\/\/palmas.uft.edu.br\/grad\/ccomp\/index.php?rest_route=%2Fwp%2Fv2%2Fmedia&parent=342"}],"curies":[{"name":"wp","href":"https:\/\/api.w.org\/{rel}","templated":true}]}}