{"id":346,"date":"2021-08-17T20:27:49","date_gmt":"2021-08-17T23:27:49","guid":{"rendered":"https:\/\/palmas.uft.edu.br\/grad\/ccomp\/?page_id=346"},"modified":"2021-08-17T20:27:49","modified_gmt":"2021-08-17T23:27:49","slug":"atletica","status":"publish","type":"page","link":"https:\/\/palmas.uft.edu.br\/grad\/ccomp\/?page_id=346","title":{"rendered":"Atl\u00e9tica"},"content":{"rendered":"\n<p>Al\u00e9m dos&nbsp;<a href=\"https:\/\/ww2.uft.edu.br\/ultimas-noticias\/17639-cas-das-e-dce-sao-espacos-abertos-de-luta-politica-e-social-pelos-direitos-dos-estudantes\">Centros Acad\u00eamicos, Diret\u00f3rios Acad\u00eamicos e Diret\u00f3rio Central dos Estudantes (DCE)<\/a>, os alunos da Universidade Federal do Tocantins (UFT), tamb\u00e9m podem contar com mais uma entidade de representa\u00e7\u00e3o estudantil: as Atl\u00e9ticas de seus cursos.<\/p>\n\n\n\n<p>A Atl\u00e9tica \u00e9 uma associa\u00e7\u00e3o acad\u00eamica respons\u00e1vel pela promo\u00e7\u00e3o de eventos de intera\u00e7\u00e3o entre os estudantes, al\u00e9m de estar diretamente ligada \u00e0s quest\u00f5es esportivas no \u00e2mbito da universidade. Cada curso tem sua pr\u00f3pria atl\u00e9tica, com caracter\u00edsticas e funcionamento bem espec\u00edficos.<\/p>\n\n\n\n<p>A atl\u00e9tica do curso de Ci\u00eancia da Computa\u00e7\u00e3o \u00e9 a atl\u00e9tica cibern\u00e9tica e pode ser encontrada atrav\u00e9s do link: <a href=\"https:\/\/www.facebook.com\/pg\/atleticacibernetica\/posts\/?ref=page_internal\">https:\/\/www.facebook.com\/pg\/atleticacibernetica\/posts\/?ref=page_internal<\/a> .<\/p>\n","protected":false},"excerpt":{"rendered":"<p>Al\u00e9m dos&nbsp;Centros Acad\u00eamicos, Diret\u00f3rios Acad\u00eamicos e Diret\u00f3rio Central dos Estudantes (DCE), os alunos da Universidade Federal do Tocantins (UFT), tamb\u00e9m &hellip; <\/p>\n","protected":false},"author":1,"featured_media":0,"parent":0,"menu_order":0,"comment_status":"closed","ping_status":"closed","template":"","meta":[],"_links":{"self":[{"href":"https:\/\/palmas.uft.edu.br\/grad\/ccomp\/index.php?rest_route=\/wp\/v2\/pages\/346"}],"collection":[{"href":"https:\/\/palmas.uft.edu.br\/grad\/ccomp\/index.php?rest_route=\/wp\/v2\/pages"}],"about":[{"href":"https:\/\/palmas.uft.edu.br\/grad\/ccomp\/index.php?rest_route=\/wp\/v2\/types\/page"}],"author":[{"embeddable":true,"href":"https:\/\/palmas.uft.edu.br\/grad\/ccomp\/index.php?rest_route=\/wp\/v2\/users\/1"}],"replies":[{"embeddable":true,"href":"https:\/\/palmas.uft.edu.br\/grad\/ccomp\/index.php?rest_route=%2Fwp%2Fv2%2Fcomments&post=346"}],"version-history":[{"count":1,"href":"https:\/\/palmas.uft.edu.br\/grad\/ccomp\/index.php?rest_route=\/wp\/v2\/pages\/346\/revisions"}],"predecessor-version":[{"id":347,"href":"https:\/\/palmas.uft.edu.br\/grad\/ccomp\/index.php?rest_route=\/wp\/v2\/pages\/346\/revisions\/347"}],"wp:attachment":[{"href":"https:\/\/palmas.uft.edu.br\/grad\/ccomp\/index.php?rest_route=%2Fwp%2Fv2%2Fmedia&parent=346"}],"curies":[{"name":"wp","href":"https:\/\/api.w.org\/{rel}","templated":true}]}}