{"id":352,"date":"2021-08-17T20:44:52","date_gmt":"2021-08-17T23:44:52","guid":{"rendered":"https:\/\/palmas.uft.edu.br\/grad\/ccomp\/?page_id=352"},"modified":"2022-03-29T08:17:37","modified_gmt":"2022-03-29T11:17:37","slug":"horario-de-atendimento","status":"publish","type":"page","link":"https:\/\/palmas.uft.edu.br\/grad\/ccomp\/?page_id=352","title":{"rendered":"Hor\u00e1rio de Atendimento"},"content":{"rendered":"\n<p><strong>Hor\u00e1rio de Atendimento dos Professores 2022.1<\/strong><\/p>\n\n\n\n<table id=\"tablepress-15\" class=\"tablepress tablepress-id-15\">\n<thead>\n<tr class=\"row-1 odd\">\n\t<th class=\"column-1\">Nome do Docente<\/th><th class=\"column-2\">Disciplina<\/th><th class=\"column-3\">E-mail institucional<\/th><th class=\"column-4\">Local:<\/th><th class=\"column-5\">Dia da Semana e<br \/>\nHor\u00e1rio<\/th>\n<\/tr>\n<\/thead>\n<tbody class=\"row-hover\">\n<tr class=\"row-2 even\">\n\t<td class=\"column-1\">Tanilson Dias dos Santos<\/td><td class=\"column-2\">Teoria dos Grafos\/Teoria da Computa\u00e7\u00e3o<\/td><td class=\"column-3\">tanilson.dias@mail.uft.edu.br<\/td><td class=\"column-4\">coordena\u00e7\u00e3o de curso ou sala 212<\/td><td class=\"column-5\">6\u00aa feira (dia todo)<\/td>\n<\/tr>\n<tr class=\"row-3 odd\">\n\t<td class=\"column-1\">Marcelo Lisboa Rocha<\/td><td class=\"column-2\">Sistemas Distribu\u00eddos\/Programa\u00e7\u00e3o Orientada a Objetos<\/td><td class=\"column-3\">mlisboa@uft.edu,br<\/td><td class=\"column-4\">meet.google.com\/nxa-rerc-khc (remoto)<\/td><td class=\"column-5\">2\u00aa Feira (14 \u00e0s 16)<\/td>\n<\/tr>\n<tr class=\"row-4 even\">\n\t<td class=\"column-1\">Ary Henrique Morais de Oliveira<\/td><td class=\"column-2\">Banco de Dados\/Projeto de Banco de Dados<\/td><td class=\"column-3\">aryhenrique@uft.edu.br<\/td><td class=\"column-4\">meet.google.com\/spz-ekpi-hoe (Remoto)<\/td><td class=\"column-5\">S\u00e1bado (09:00 - 11:00)<\/td>\n<\/tr>\n<tr class=\"row-5 odd\">\n\t<td class=\"column-1\">Hellena Christina Fernandes Apolin\u00e1rio<\/td><td class=\"column-2\">C\u00e1lculo I \/ \u00c1lgebra Linear<\/td><td class=\"column-3\">hellena@uft.edu.br<\/td><td class=\"column-4\">Sala 27- Bloco 2 (presencial)<br \/>\nhttps:\/\/meet.google.com\/qxi-oybt-see<br \/>\n(remoto)<\/td><td class=\"column-5\">4\u00aa feira (9h - 11h) -presencial<br \/>\n5\u00aa feira(19h - 20h) - remoto<\/td>\n<\/tr>\n<tr class=\"row-6 even\">\n\t<td class=\"column-1\">Andreas Kneip<\/td><td class=\"column-2\">FTE I\/FTE II<\/td><td class=\"column-3\">andreas@uft.edu.br<\/td><td class=\"column-4\">meet.google.com\/gxy-pmde-wkj<br \/>\n(Remoto)<\/td><td class=\"column-5\">5\u00aa feira das 10:00 \u00e0s 11:30 e das 16:00 \u00e0s 17:30<\/td>\n<\/tr>\n<tr class=\"row-7 odd\">\n\t<td class=\"column-1\">Rog\u00e9rio Azevedo Rocha<\/td><td class=\"column-2\">C\u00e1lculo II \/ C\u00e1lculo Num\u00e9rico<\/td><td class=\"column-3\">azevedo@uft.edu.br<\/td><td class=\"column-4\">meet.google.com\/sgi-rgbf-int <br \/>\n(Remoto)<\/td><td class=\"column-5\">5\u00aa Feira das 08:00 \u00e0s 12:00<\/td>\n<\/tr>\n<tr class=\"row-8 even\">\n\t<td class=\"column-1\">Marcos Raylan<\/td><td class=\"column-2\">Introdu\u00e7\u00e3o a Ci\u00eancia da Computa\u00e7\u00e3o<br \/>\nComputa\u00e7\u00e3o Gr\u00e1fica<br \/>\nInterface Humano Computador<br \/>\nOrganiza\u00e7\u00e3o de Computadores<\/td><td class=\"column-3\">marcos_raylan@mail.uft.edu.br<\/td><td class=\"column-4\">meet.google.com\/waq-amdt-ufv<br \/>\n(Remoto)<\/td><td class=\"column-5\">4\u00aa 08:00 - 12:00 e 14:00 - 18:00<\/td>\n<\/tr>\n<tr class=\"row-9 odd\">\n\t<td class=\"column-1\">Marcelo Leineker Costa<\/td><td class=\"column-2\">Linguagens Formais e Aut\u00f4matos<br \/>\nMatem\u00e1tica Discreta<\/td><td class=\"column-3\">leineker@uft.edu.br<\/td><td class=\"column-4\">https:\/\/meet.google.com\/hba-eocr-khe (remoto)<\/td><td class=\"column-5\">sexta-feira das 08:00 \u00e0s 10:00 e das 16:00 \u00e0s 18:00<\/td>\n<\/tr>\n<tr class=\"row-10 even\">\n\t<td class=\"column-1\">Alexandre Tadeu Rossini da Silva<\/td><td class=\"column-2\">Compiladores \/ <br \/>\nModelagem e Projeto de Algoritmos para Mercado Financeiro<\/td><td class=\"column-3\">arossini@uft.edu.br<\/td><td class=\"column-4\">Sala 212 do Bloco III ou remoto mediante demanda<\/td><td class=\"column-5\">quarta-feira das 9h00 \u00e0s 11h00<\/td>\n<\/tr>\n<tr class=\"row-11 odd\">\n\t<td class=\"column-1\">Glenda Michele Botelho<\/td><td class=\"column-2\">Intelig\u00eancia Artificial\/Processamento de Imagens<\/td><td class=\"column-3\">glendabotelho@uft.edu.br<\/td><td class=\"column-4\">Remoto (agendar via e-mail ou whatsapp)<\/td><td class=\"column-5\">ter\u00e7a-feira pela manh\u00e3<\/td>\n<\/tr>\n<tr class=\"row-12 even\">\n\t<td class=\"column-1\">Warley Gramacho da Silva<\/td><td class=\"column-2\">Projeto e An\u00e1lise de Algoritmos, Pesquisa Operacional e Est\u00e1gio Supervisionado<\/td><td class=\"column-3\">wgramacho@uft.edu.br<\/td><td class=\"column-4\">Sala 217 do bloco III ou remoto mediante demanda<\/td><td class=\"column-5\">Sextas-feiras das 8h \u00e0s 12h<\/td>\n<\/tr>\n<tr class=\"row-13 odd\">\n\t<td class=\"column-1\">Rafael Lima<\/td><td class=\"column-2\">ED-I e ED-II<\/td><td class=\"column-3\">rafael.lima@uft.edu.br<\/td><td class=\"column-4\">Bloco III, sala 214 e remoto nos grupos das disciplinas no Discord (links no AVA).<\/td><td class=\"column-5\">Quartas-feiras 14h \u00e0s 18h.<\/td>\n<\/tr>\n<tr class=\"row-14 even\">\n\t<td class=\"column-1\">Claudomiro M. G. Andr\u00e9<\/td><td class=\"column-2\">Prob. e Est<\/td><td class=\"column-3\">andrecmg@uft.edu.br<\/td><td class=\"column-4\">Remoto a qualquer momento via grupo da disciplina no WhatsApp ou presencial no Observat\u00f3rio de governan\u00e7a e desenvolvimento regional (agendamento pr\u00e9vio via whats)<\/td><td class=\"column-5\">Ter\u00e7as e Quintas - 14h \u00e0s 17:00h <\/td>\n<\/tr>\n<tr class=\"row-15 odd\">\n\t<td class=\"column-1\">Edeilson Milhomem da Silva<\/td><td class=\"column-2\">Engenharia de Software e Projeto de Sistemas<\/td><td class=\"column-3\">edeilson.milhomem@uft.edu.br<\/td><td class=\"column-4\">Sala 216 do bloco III ou remoto mediante demanda<\/td><td class=\"column-5\"><\/td>\n<\/tr>\n<tr class=\"row-16 even\">\n\t<td class=\"column-1\">Eder Ahmad Charaf Eddine<\/td><td class=\"column-2\">Metodologia Cient\u00edfica<\/td><td class=\"column-3\">ederahmad@mail.uft.edu.br<\/td><td class=\"column-4\">Remoto pelo whatsapp e pelo Google Meet com agendamento pr\u00e9vio <\/td><td class=\"column-5\">Sexta-feira das 8h \u00e0s 12h.<\/td>\n<\/tr>\n<tr class=\"row-17 odd\">\n\t<td class=\"column-1\">David Prata <\/td><td class=\"column-2\">Aprendizado de m\u00e1quina e EDI<\/td><td class=\"column-3\">ddnprata@uft.edu.br <\/td><td class=\"column-4\">Remoto pelo WhatsApp e Google meet com agendamento pr\u00e9vio <\/td><td class=\"column-5\">Ter\u00e7a-feira das 14h \u00e0s 16h.<\/td>\n<\/tr>\n<tr class=\"row-18 even\">\n\t<td class=\"column-1\">Wosley da Costa Arruda<\/td><td class=\"column-2\">LP-C e GP<\/td><td class=\"column-3\">wosleyarruda@uft.edu.br<\/td><td class=\"column-4\">Sala 215 do bloco III ou remoto mediante demanda<\/td><td class=\"column-5\">Quinta- feira das 14h \u00e0s 18h<\/td>\n<\/tr>\n<tr class=\"row-19 odd\">\n\t<td class=\"column-1\">Anna Paula de S. P Rodrigues<\/td><td class=\"column-2\">PC, MD e PG1<\/td><td class=\"column-3\">anna.rodrigues@uft.edu.br<\/td><td class=\"column-4\">Remoto pelo Telegram e Google meet com agendamento pr\u00e9vio<\/td><td class=\"column-5\">Ter\u00e7as-feiras das 14h \u00e0s 18h<\/td>\n<\/tr>\n<\/tbody>\n<\/table>\n<!-- #tablepress-15 from cache -->\n","protected":false},"excerpt":{"rendered":"<p>Hor\u00e1rio de Atendimento dos Professores 2022.1<\/p>\n","protected":false},"author":1,"featured_media":0,"parent":0,"menu_order":0,"comment_status":"closed","ping_status":"closed","template":"","meta":[],"_links":{"self":[{"href":"https:\/\/palmas.uft.edu.br\/grad\/ccomp\/index.php?rest_route=\/wp\/v2\/pages\/352"}],"collection":[{"href":"https:\/\/palmas.uft.edu.br\/grad\/ccomp\/index.php?rest_route=\/wp\/v2\/pages"}],"about":[{"href":"https:\/\/palmas.uft.edu.br\/grad\/ccomp\/index.php?rest_route=\/wp\/v2\/types\/page"}],"author":[{"embeddable":true,"href":"https:\/\/palmas.uft.edu.br\/grad\/ccomp\/index.php?rest_route=\/wp\/v2\/users\/1"}],"replies":[{"embeddable":true,"href":"https:\/\/palmas.uft.edu.br\/grad\/ccomp\/index.php?rest_route=%2Fwp%2Fv2%2Fcomments&post=352"}],"version-history":[{"count":3,"href":"https:\/\/palmas.uft.edu.br\/grad\/ccomp\/index.php?rest_route=\/wp\/v2\/pages\/352\/revisions"}],"predecessor-version":[{"id":547,"href":"https:\/\/palmas.uft.edu.br\/grad\/ccomp\/index.php?rest_route=\/wp\/v2\/pages\/352\/revisions\/547"}],"wp:attachment":[{"href":"https:\/\/palmas.uft.edu.br\/grad\/ccomp\/index.php?rest_route=%2Fwp%2Fv2%2Fmedia&parent=352"}],"curies":[{"name":"wp","href":"https:\/\/api.w.org\/{rel}","templated":true}]}}