{"id":386,"date":"2021-08-18T12:17:55","date_gmt":"2021-08-18T15:17:55","guid":{"rendered":"https:\/\/palmas.uft.edu.br\/grad\/ccomp\/?page_id=386"},"modified":"2021-08-18T12:17:55","modified_gmt":"2021-08-18T15:17:55","slug":"tabela-de-pontuacao","status":"publish","type":"page","link":"https:\/\/palmas.uft.edu.br\/grad\/ccomp\/?page_id=386","title":{"rendered":"Tabela de Pontua\u00e7\u00e3o"},"content":{"rendered":"\n<table id=\"tablepress-12\" class=\"tablepress tablepress-id-12\">\n<thead>\n<tr class=\"row-1 odd\">\n\t<th class=\"column-1\">\t\tModalidade <\/th><th class=\"column-2\">Tipo <\/th><th class=\"column-3\">Cr\u00e9ditos<\/th>\n<\/tr>\n<\/thead>\n<tbody class=\"row-hover\">\n<tr class=\"row-2 even\">\n\t<td rowspan=\"5\" class=\"column-1\">Ensino<\/td><td class=\"column-2\">\t\tAprova\u00e7\u00e3o em disciplina complementares da \u00e1rea de Computa\u00e7\u00e3o n\u00e3o previstas no<br \/>\ncurr\u00edculo do curso de Ci\u00eancia da Computa\u00e7\u00e3o, Campus Palmas da UFT, cursadas em IES (por<br \/>\nhora\/atividade)<\/td><td class=\"column-3\">0.1<\/td>\n<\/tr>\n<tr class=\"row-3 odd\">\n\t<td class=\"column-2\">\t\tParticipa\u00e7\u00e3o em programas de monitoria acad\u00eamica da Universidade Federal do<br \/>\nTocantins (por hora\/atividade)<\/td><td class=\"column-3\">0.1<\/td>\n<\/tr>\n<tr class=\"row-4 even\">\n\t<td class=\"column-2\">\t\tParticipa\u00e7\u00e3o e conclus\u00e3o de minicursos, oficinas e atividades laboratoriais extra disciplinares,<br \/>\nrelacionados \u00e0 \u00e1rea de Computa\u00e7\u00e3o, oferecidos por uma IES (por<br \/>\nhora\/atividade)<\/td><td class=\"column-3\">0.1<\/td>\n<\/tr>\n<tr class=\"row-5 odd\">\n\t<td class=\"column-2\">\t\tFrequ\u00eancia e aprova\u00e7\u00e3o em cursos de extens\u00e3o, especializa\u00e7\u00e3o ou capacita\u00e7\u00e3o<br \/>\nrelacionados \u00e0\u00e1rea de Computa\u00e7\u00e3o oferecidos por umaIES (por hora\/atividade)<\/td><td class=\"column-3\">0.2<\/td>\n<\/tr>\n<tr class=\"row-6 even\">\n\t<td class=\"column-2\">  Frequ\u00eancia e aprova\u00e7\u00e3o em cursos de l\u00edngua estrangeira (por hora\/atividade) <\/td><td class=\"column-3\">0.1<\/td>\n<\/tr>\n<tr class=\"row-7 odd\">\n\t<td rowspan=\"11\" class=\"column-1\">\t\tPesquisa (exceto<br \/>\nProjeto de<br \/>\nGradua\u00e7\u00e3o)<\/td><td class=\"column-2\">\t\tPublica\u00e7\u00e3o de livro como autor ou coautor <\/td><td class=\"column-3\">50<\/td>\n<\/tr>\n<tr class=\"row-8 even\">\n\t<td class=\"column-2\">  Publica\u00e7\u00e3o de cap\u00edtulo de livro como autor ou coautor <\/td><td class=\"column-3\">20<\/td>\n<\/tr>\n<tr class=\"row-9 odd\">\n\t<td class=\"column-2\">  Participa\u00e7\u00e3o em projeto de inicia\u00e7\u00e3o cient\u00edfica (por hora\/atividade) <\/td><td class=\"column-3\">0.3<\/td>\n<\/tr>\n<tr class=\"row-10 even\">\n\t<td class=\"column-2\">  Participa\u00e7\u00e3o em projeto de pesquisa institucional (por hora\/atividade) <\/td><td class=\"column-3\">0.3<\/td>\n<\/tr>\n<tr class=\"row-11 odd\">\n\t<td class=\"column-2\">  Participa\u00e7\u00e3o em grupo\/n\u00facleo institucional de pesquisa (por hora\/atividade) <\/td><td class=\"column-3\">0.3<\/td>\n<\/tr>\n<tr class=\"row-12 even\">\n\t<td class=\"column-2\">\t\tParticipa\u00e7\u00e3oemprojetodepesquisaintegrado(gradua\u00e7\u00e3oep\u00f3s\u2013gradua\u00e7\u00e3o)oude<br \/>\npesquisa e extens\u00e3o (por hora\/atividade)<\/td><td class=\"column-3\">0.3<\/td>\n<\/tr>\n<tr class=\"row-13 odd\">\n\t<td class=\"column-2\">\t\tParticipa\u00e7\u00e3o, como ouvinte, em semin\u00e1rio, semana acad\u00eamica, simp\u00f3sio,<br \/>\ncongressos, col\u00f3quio ou encontro relacionado \u00e0 \u00e1rea de Computa\u00e7\u00e3o em \u00e2mbito local, regional,<br \/>\nnacional ou internacional (por hora\/atividade)<\/td><td class=\"column-3\">0.3<\/td>\n<\/tr>\n<tr class=\"row-14 even\">\n\t<td class=\"column-2\">\t\tPublica\u00e7\u00e3o de artigo completo ou resumido, como autor ou coautor, em anais de<br \/>\neventos acad\u00eamico\u2013cient\u00edficos<\/td><td class=\"column-3\">3<\/td>\n<\/tr>\n<tr class=\"row-15 odd\">\n\t<td class=\"column-2\">\t\tPublica\u00e7\u00e3odeartigo,como autor oucoautor, em peri\u00f3dicocient\u00edficocomconselho<br \/>\neditorial e com Qualis CAPES<\/td><td class=\"column-3\">7<\/td>\n<\/tr>\n<tr class=\"row-16 even\">\n\t<td class=\"column-2\">\t\tPublica\u00e7\u00e3odeartigo,como autor oucoautor, em peri\u00f3dicocient\u00edficocomconselho<br \/>\neditorial<\/td><td class=\"column-3\">5<\/td>\n<\/tr>\n<tr class=\"row-17 odd\">\n\t<td class=\"column-2\">  Apresenta\u00e7\u00e3o de trabalho em evento acad\u00eamico\u2013cient\u00edfico <\/td><td class=\"column-3\">5<\/td>\n<\/tr>\n<tr class=\"row-18 even\">\n\t<td rowspan=\"11\" class=\"column-1\">\t\tExtens\u00e3o<\/td><td class=\"column-2\">\t\tParticipa\u00e7\u00e3o na autoria ou execu\u00e7\u00e3o de projeto de Extens\u00e3o da Universidade Federal<br \/>\ndo Tocantins (por hora\/atividade)<\/td><td class=\"column-3\">0.2<\/td>\n<\/tr>\n<tr class=\"row-19 odd\">\n\t<td class=\"column-2\">\t\tParticipa\u00e7\u00e3o na organiza\u00e7\u00e3o de evento relacionado \u00e0 \u00e1rea de Computa\u00e7\u00e3o promovido<br \/>\npelo curso de Ci\u00eancia da Computa\u00e7\u00e3o da UFT (por hora\/atividade)<\/td><td class=\"column-3\">0.2<\/td>\n<\/tr>\n<tr class=\"row-20 even\">\n\t<td class=\"column-2\">\t\tParticipa\u00e7\u00e3o como conferencista em evento promovido na \u00e1rea de Computa\u00e7\u00e3o (por<br \/>\nhora\/atividade)<\/td><td class=\"column-3\">0.3<\/td>\n<\/tr>\n<tr class=\"row-21 odd\">\n\t<td class=\"column-2\">\t\tParticipa\u00e7\u00e3o como ouvinte em evento relacionado \u00e0 \u00e1rea de Computa\u00e7\u00e3o promovido<br \/>\npor uma IES (por hora\/atividade)<\/td><td class=\"column-3\">0.1<\/td>\n<\/tr>\n<tr class=\"row-22 even\">\n\t<td class=\"column-2\">  Apresenta\u00e7\u00e3o oral\/painel de trabalho em evento relacionado \u00e0 \u00e1rea de Computa\u00e7\u00e3o <\/td><td class=\"column-3\">5<\/td>\n<\/tr>\n<tr class=\"row-23 odd\">\n\t<td class=\"column-2\">  Participa\u00e7\u00e3o em visitas t\u00e9cnicas, feiras e dia de campo <\/td><td class=\"column-3\">3<\/td>\n<\/tr>\n<tr class=\"row-24 even\">\n\t<td class=\"column-2\">  Participa\u00e7\u00e3o e conclus\u00e3o de est\u00e1gios extracurriculares (por semestre) <\/td><td class=\"column-3\">3<\/td>\n<\/tr>\n<tr class=\"row-25 odd\">\n\t<td class=\"column-2\">  Participa\u00e7\u00e3o em oficinas (por hora\/atividade) <\/td><td class=\"column-3\">0.1<\/td>\n<\/tr>\n<tr class=\"row-26 even\">\n\t<td class=\"column-2\">  Representa\u00e7\u00e3o discente em \u00f3rg\u00e3os colegiados da UFT <\/td><td class=\"column-3\">3<\/td>\n<\/tr>\n<tr class=\"row-27 odd\">\n\t<td class=\"column-2\">  Representa\u00e7\u00e3o discente em CA, DCE, UNE, UEE (por semestre) <\/td><td class=\"column-3\">3<\/td>\n<\/tr>\n<tr class=\"row-28 even\">\n\t<td class=\"column-2\">  Execu\u00e7\u00e3o de minicursos (por hora\/atividade) <\/td><td class=\"column-3\">0.2<\/td>\n<\/tr>\n<\/tbody>\n<\/table>\n<!-- #tablepress-12 from cache -->\n","protected":false},"excerpt":{"rendered":"","protected":false},"author":1,"featured_media":0,"parent":0,"menu_order":0,"comment_status":"closed","ping_status":"closed","template":"","meta":[],"_links":{"self":[{"href":"https:\/\/palmas.uft.edu.br\/grad\/ccomp\/index.php?rest_route=\/wp\/v2\/pages\/386"}],"collection":[{"href":"https:\/\/palmas.uft.edu.br\/grad\/ccomp\/index.php?rest_route=\/wp\/v2\/pages"}],"about":[{"href":"https:\/\/palmas.uft.edu.br\/grad\/ccomp\/index.php?rest_route=\/wp\/v2\/types\/page"}],"author":[{"embeddable":true,"href":"https:\/\/palmas.uft.edu.br\/grad\/ccomp\/index.php?rest_route=\/wp\/v2\/users\/1"}],"replies":[{"embeddable":true,"href":"https:\/\/palmas.uft.edu.br\/grad\/ccomp\/index.php?rest_route=%2Fwp%2Fv2%2Fcomments&post=386"}],"version-history":[{"count":1,"href":"https:\/\/palmas.uft.edu.br\/grad\/ccomp\/index.php?rest_route=\/wp\/v2\/pages\/386\/revisions"}],"predecessor-version":[{"id":387,"href":"https:\/\/palmas.uft.edu.br\/grad\/ccomp\/index.php?rest_route=\/wp\/v2\/pages\/386\/revisions\/387"}],"wp:attachment":[{"href":"https:\/\/palmas.uft.edu.br\/grad\/ccomp\/index.php?rest_route=%2Fwp%2Fv2%2Fmedia&parent=386"}],"curies":[{"name":"wp","href":"https:\/\/api.w.org\/{rel}","templated":true}]}}