{"id":429,"date":"2021-08-25T21:37:34","date_gmt":"2021-08-26T00:37:34","guid":{"rendered":"https:\/\/palmas.uft.edu.br\/grad\/ccomp\/?page_id=429"},"modified":"2021-09-23T17:03:10","modified_gmt":"2021-09-23T20:03:10","slug":"regimento","status":"publish","type":"page","link":"https:\/\/palmas.uft.edu.br\/grad\/ccomp\/?page_id=429","title":{"rendered":"Regimento"},"content":{"rendered":"\n<p>O Trabalho de Conclus\u00e3o de Curso (TCC) \u00e9 uma atividade acad\u00eamica curricular cujo objetivo \u00e9 desenvolver e verificar as habilidades cognitivas de compreens\u00e3o, aplica\u00e7\u00e3o, an\u00e1lise, avalia\u00e7\u00e3o e cria\u00e7\u00e3o acerca dos conhecimentos cient\u00edficos, t\u00e9cnicos e culturais produzidos ao longo do curso. O objetivo \u00e9 que os estudantes apliquem os conhecimentos adquiridos nos componentes curriculares do curso para a produ\u00e7\u00e3o de aplica\u00e7\u00f5es cient\u00edficas, tecnol\u00f3gicas ou de inova\u00e7\u00f5es, para a realiza\u00e7\u00e3o de atividades que orientadas \u00e0 realiza\u00e7\u00e3o de processos ou orientadas \u00e0s transforma\u00e7\u00f5es de processos ou novas tecnologias.<\/p>\n\n\n\n<p>O Trabalho de Conclus\u00e3o de Curso \u00e9 uma atividade acad\u00eamica curricular obrigat\u00f3ria para o Curso de Ci\u00eancia da Computa\u00e7\u00e3o da Universidade Federal do Tocantins. Ele \u00e9 desenvolvido nas disciplinas de Projeto de Gradua\u00e7\u00e3o I e II, que possuem carga hor\u00e1ria de 240 horas. O TCC deve ser desenvolvido no \u00faltimo ano sob a orienta\u00e7\u00e3o de um docente do curso, em reuni\u00f5es semanais de pelo menos trinta minutos. As disciplinas de Projeto de Gradua\u00e7\u00e3o devem ser coordenadas por docentes com forma\u00e7\u00e3o na \u00e1rea de computa\u00e7\u00e3o e afins. Eles s\u00e3o respons\u00e1veis por apresentar as orienta\u00e7\u00f5es gerais das disciplinas, indicar orientadores, quando necess\u00e1rio, acompanhar o progresso do desenvolvimento dos trabalhos junto com os orientadores, organizar as atividades de defesa p\u00fablica das monografias e preencher os di\u00e1rios das disciplinas. O resultado do TCC deve ser apresentado na forma de uma monografia mediante uma defesa p\u00fablica. As diretrizes que regulam as atividades do trabalho de conclus\u00e3o de curso s\u00e3o apresentadas no regimento em anexo. As atividades das disciplinas de Projeto de Gradua\u00e7\u00e3o I e II, s\u00e3o regulamentadas e normatizadas pelo Regimento de Projeto de Gradua\u00e7\u00e3o. O Regimento especifica os crit\u00e9rios, procedimentos e mecanismos de avalia\u00e7\u00e3o, assim como as diretrizes e t\u00e9cnicas relacionadas \u00e0 sua elabora\u00e7\u00e3o.<\/p>\n\n\n\n<h2> Regimento do Trabalho de Conclus\u00e3o do Curso <\/h2>\n\n\n\n<div class=\"wp-block-file\"><object class=\"wp-block-file__embed\" data=\"https:\/\/palmas.uft.edu.br\/grad\/ccomp\/wp-content\/uploads\/2021\/08\/regimento_proj_grad_comp.pdf\" type=\"application\/pdf\" style=\"width:100%;height:600px\" aria-label=\"Incorporado de regimento_proj_grad_comp.\"><\/object><a href=\"https:\/\/palmas.uft.edu.br\/grad\/ccomp\/wp-content\/uploads\/2021\/08\/regimento_proj_grad_comp.pdf\">regimento_proj_grad_comp<\/a><a href=\"https:\/\/palmas.uft.edu.br\/grad\/ccomp\/wp-content\/uploads\/2021\/08\/regimento_proj_grad_comp.pdf\" class=\"wp-block-file__button\" download>Baixar<\/a><\/div>\n","protected":false},"excerpt":{"rendered":"<p>O Trabalho de Conclus\u00e3o de Curso (TCC) \u00e9 uma atividade acad\u00eamica curricular cujo objetivo \u00e9 desenvolver e verificar as habilidades &hellip; <\/p>\n","protected":false},"author":1,"featured_media":0,"parent":0,"menu_order":0,"comment_status":"closed","ping_status":"closed","template":"","meta":[],"_links":{"self":[{"href":"https:\/\/palmas.uft.edu.br\/grad\/ccomp\/index.php?rest_route=\/wp\/v2\/pages\/429"}],"collection":[{"href":"https:\/\/palmas.uft.edu.br\/grad\/ccomp\/index.php?rest_route=\/wp\/v2\/pages"}],"about":[{"href":"https:\/\/palmas.uft.edu.br\/grad\/ccomp\/index.php?rest_route=\/wp\/v2\/types\/page"}],"author":[{"embeddable":true,"href":"https:\/\/palmas.uft.edu.br\/grad\/ccomp\/index.php?rest_route=\/wp\/v2\/users\/1"}],"replies":[{"embeddable":true,"href":"https:\/\/palmas.uft.edu.br\/grad\/ccomp\/index.php?rest_route=%2Fwp%2Fv2%2Fcomments&post=429"}],"version-history":[{"count":2,"href":"https:\/\/palmas.uft.edu.br\/grad\/ccomp\/index.php?rest_route=\/wp\/v2\/pages\/429\/revisions"}],"predecessor-version":[{"id":481,"href":"https:\/\/palmas.uft.edu.br\/grad\/ccomp\/index.php?rest_route=\/wp\/v2\/pages\/429\/revisions\/481"}],"wp:attachment":[{"href":"https:\/\/palmas.uft.edu.br\/grad\/ccomp\/index.php?rest_route=%2Fwp%2Fv2%2Fmedia&parent=429"}],"curies":[{"name":"wp","href":"https:\/\/api.w.org\/{rel}","templated":true}]}}