{"id":432,"date":"2021-08-25T21:39:02","date_gmt":"2021-08-26T00:39:02","guid":{"rendered":"https:\/\/palmas.uft.edu.br\/grad\/ccomp\/?page_id=432"},"modified":"2021-09-23T17:07:50","modified_gmt":"2021-09-23T20:07:50","slug":"repositorio-de-tccs","status":"publish","type":"page","link":"https:\/\/palmas.uft.edu.br\/grad\/ccomp\/?page_id=432","title":{"rendered":"Reposit\u00f3rio de TCCs"},"content":{"rendered":"\n<p>Reposit\u00f3rio Institucional da UFT<\/p>\n\n\n\n<p>O Reposit\u00f3rio Institucional da UFT (RIUFT) \u00e9 um banco de dados que agrupa, armazena, organiza, preserva, recupera e dissemina a informa\u00e7\u00e3o cient\u00edfica produzida na UFT, contribuindo para a evolu\u00e7\u00e3o das atividades de ensino, pesquisa e extens\u00e3o, e potencializando a visibilidade de sua produ\u00e7\u00e3o cient\u00edfica. \u00c9 para o reposit\u00f3rio institucional que v\u00e3o todos as monografias e demais trabalhos acad\u00eamico-cient\u00edficos produzidos nos cursos de gradua\u00e7\u00e3o e p\u00f3s-gradua\u00e7\u00e3o da universidade.<\/p>\n\n\n\n<p><\/p>\n\n\n\n<p><a href=\"https:\/\/repositorio.uft.edu.br\/\">https:\/\/repositorio.uft.edu.br\/<\/a><\/p>\n\n\n\n<p><\/p>\n\n\n\n<p><a href=\"https:\/\/github.com\/almeidatiago\/uftex\">https:\/\/github.com\/almeidatiago\/uftex<\/a><\/p>\n","protected":false},"excerpt":{"rendered":"<p>Reposit\u00f3rio Institucional da UFT O Reposit\u00f3rio Institucional da UFT (RIUFT) \u00e9 um banco de dados que agrupa, armazena, organiza, preserva, &hellip; <\/p>\n","protected":false},"author":1,"featured_media":0,"parent":0,"menu_order":0,"comment_status":"closed","ping_status":"closed","template":"","meta":[],"_links":{"self":[{"href":"https:\/\/palmas.uft.edu.br\/grad\/ccomp\/index.php?rest_route=\/wp\/v2\/pages\/432"}],"collection":[{"href":"https:\/\/palmas.uft.edu.br\/grad\/ccomp\/index.php?rest_route=\/wp\/v2\/pages"}],"about":[{"href":"https:\/\/palmas.uft.edu.br\/grad\/ccomp\/index.php?rest_route=\/wp\/v2\/types\/page"}],"author":[{"embeddable":true,"href":"https:\/\/palmas.uft.edu.br\/grad\/ccomp\/index.php?rest_route=\/wp\/v2\/users\/1"}],"replies":[{"embeddable":true,"href":"https:\/\/palmas.uft.edu.br\/grad\/ccomp\/index.php?rest_route=%2Fwp%2Fv2%2Fcomments&post=432"}],"version-history":[{"count":4,"href":"https:\/\/palmas.uft.edu.br\/grad\/ccomp\/index.php?rest_route=\/wp\/v2\/pages\/432\/revisions"}],"predecessor-version":[{"id":483,"href":"https:\/\/palmas.uft.edu.br\/grad\/ccomp\/index.php?rest_route=\/wp\/v2\/pages\/432\/revisions\/483"}],"wp:attachment":[{"href":"https:\/\/palmas.uft.edu.br\/grad\/ccomp\/index.php?rest_route=%2Fwp%2Fv2%2Fmedia&parent=432"}],"curies":[{"name":"wp","href":"https:\/\/api.w.org\/{rel}","templated":true}]}}