{"id":613,"date":"2023-03-02T06:33:36","date_gmt":"2023-03-02T09:33:36","guid":{"rendered":"https:\/\/palmas.uft.edu.br\/grad\/ccomp\/?page_id=613"},"modified":"2023-03-02T06:33:36","modified_gmt":"2023-03-02T09:33:36","slug":"lhac","status":"publish","type":"page","link":"https:\/\/palmas.uft.edu.br\/grad\/ccomp\/?page_id=613","title":{"rendered":"LHAC"},"content":{"rendered":"\n<p><strong>Laborat\u00f3rio de Hardware e Arquitetura de Computadores<\/strong><\/p>\n\n\n\n<p>O laborat\u00f3rio de hardware tem por finalidade dar suporte \u00e0s atividades do curso de Ci\u00eancia da Computa\u00e7\u00e3o em \u00e2mbito pr\u00e1tico das \u00e1reas correlatas ao hardware de sistemas de computa\u00e7\u00e3o. Como \u00e1reas correlatas, entende-se: hardware (de um modo geral), Organiza\u00e7\u00e3o e Sistemas de Computadores e Redes de Computadores. Atualmente, s\u00e3o ministradas as disciplinas obrigat\u00f3rias de Sistemas Digitais, onde s\u00e3o ministrados conceitos b\u00e1sicos de projeto de hardware em estruturas l\u00f3gicas combinacionais e sequencias e aplica\u00e7\u00e3o dos conceitos em prot\u00f3tipos e em softwares de simula\u00e7\u00e3o, Redes de Computadores, onde s\u00e3o ministrados no\u00e7\u00f5es de redes de computadores e seus componentes, modelos e topologias e aplica\u00e7\u00e3o dos conceitos e pequenos modelos, Organiza\u00e7\u00e3o de Computadores \u2013 onde s\u00e3o ministrados conceitos das arquiteturas existentes, componentes utilizados em sistemas de computadores, bem como no\u00e7\u00f5es de programa\u00e7\u00e3o em n\u00edveis mais baixos de abstra\u00e7\u00e3o e a aplica\u00e7\u00e3o dos conceitos em simuladores, Sistemas Operacionais, que s\u00e3o ministrados conceitos de gerenciamento dos recursos de hardware, controle de processos, impasses, e aplica\u00e7\u00e3o dos conceitos em prot\u00f3tipos feitos por programa\u00e7\u00e3o. Al\u00e9m das atividades de ensino, o laborat\u00f3rio de hardware tamb\u00e9m fornece recurso necess\u00e1rio para execu\u00e7\u00e3o de atividades de extens\u00e3o e pesquisa em hor\u00e1rios n\u00e3o reservados para ensino. O recurso existente pode ser caracterizado como material de prototipagem (fontes chaveada, oscilosc\u00f3pio, mult\u00edmetro, protoboard, bancada el\u00e9trica, kit de did\u00e1tico de prototipagem, soldas e ferramentas diversas), material de programa\u00e7\u00e3o e simula\u00e7\u00e3o (computadores), componentes discretos (resistores, capacitores, transistores, trimpot, potenci\u00f4metros etc.) e componentes digitais (circuitos integrados de portas l\u00f3gicas, contadores, multiplexadores, ULA, mem\u00f3rias, conversores etc.).<\/p>\n\n\n\n<p>Endere\u00e7o: 109 Norte, Av. NS 15, ALCNO 14<\/p>\n","protected":false},"excerpt":{"rendered":"<p>Laborat\u00f3rio de Hardware e Arquitetura de Computadores O laborat\u00f3rio de hardware tem por finalidade dar suporte \u00e0s atividades do curso &hellip; <\/p>\n","protected":false},"author":1,"featured_media":0,"parent":0,"menu_order":0,"comment_status":"closed","ping_status":"closed","template":"","meta":[],"_links":{"self":[{"href":"https:\/\/palmas.uft.edu.br\/grad\/ccomp\/index.php?rest_route=\/wp\/v2\/pages\/613"}],"collection":[{"href":"https:\/\/palmas.uft.edu.br\/grad\/ccomp\/index.php?rest_route=\/wp\/v2\/pages"}],"about":[{"href":"https:\/\/palmas.uft.edu.br\/grad\/ccomp\/index.php?rest_route=\/wp\/v2\/types\/page"}],"author":[{"embeddable":true,"href":"https:\/\/palmas.uft.edu.br\/grad\/ccomp\/index.php?rest_route=\/wp\/v2\/users\/1"}],"replies":[{"embeddable":true,"href":"https:\/\/palmas.uft.edu.br\/grad\/ccomp\/index.php?rest_route=%2Fwp%2Fv2%2Fcomments&post=613"}],"version-history":[{"count":2,"href":"https:\/\/palmas.uft.edu.br\/grad\/ccomp\/index.php?rest_route=\/wp\/v2\/pages\/613\/revisions"}],"predecessor-version":[{"id":615,"href":"https:\/\/palmas.uft.edu.br\/grad\/ccomp\/index.php?rest_route=\/wp\/v2\/pages\/613\/revisions\/615"}],"wp:attachment":[{"href":"https:\/\/palmas.uft.edu.br\/grad\/ccomp\/index.php?rest_route=%2Fwp%2Fv2%2Fmedia&parent=613"}],"curies":[{"name":"wp","href":"https:\/\/api.w.org\/{rel}","templated":true}]}}