{"id":93,"date":"2021-06-21T20:24:04","date_gmt":"2021-06-21T23:24:04","guid":{"rendered":"https:\/\/palmas.uft.edu.br\/grad\/ccomp\/?page_id=93"},"modified":"2022-06-21T17:42:18","modified_gmt":"2022-06-21T20:42:18","slug":"historico","status":"publish","type":"page","link":"https:\/\/palmas.uft.edu.br\/grad\/ccomp\/?page_id=93","title":{"rendered":"Hist\u00f3rico do Curso"},"content":{"rendered":"\n<p>O curso de Ci\u00eancia da Computa\u00e7\u00e3o da UFT teve origem com o curso de Processamento de Dados oferecido pela Universidade do Tocantins (UNITINS), mantida pelo governo do Estado do Tocantins, ofertado na cidade de Para\u00edso do Tocantins-TO. A partir de 2000, o curso foi transferido para a capital do estado, Palmas-TO, e passou a ser oferecido em conjunto com o curso de Ci\u00eancia da Computa\u00e7\u00e3o \u00e0 medida que o curso de Processamento de Dados foi descontinuado.<\/p>\n\n\n\n<p>O Curso de Bacharelado em Ci\u00eancia da Computa\u00e7\u00e3o foi autorizado por meio da Resolu\u00e7\u00e3o n\u00ba 036\/1999 do Conselho Curador da Funda\u00e7\u00e3o Universidade do Tocantins, conforme processo 038\/SECUR\/99 e ATA 001\/99 da reuni\u00e3o extraordin\u00e1ria. Criado em janeiro de 2000, n\u00e3o se submeteu \u00e0 inspe\u00e7\u00e3o avaliativa do MEC para entrar com processo de reconhecimento. Por\u00e9m, houve um ato de reconhecimento pelo conselho estadual de educa\u00e7\u00e3o, conforme parecer n\u00ba    340\/2002, aprovado em 20\/12\/2002, tendo como processo n\u00ba 2002\/2700\/002088 e Decreto 1.772\/2003, de 16\/06\/2003. Neste ato de reconhecimento, o curso obteve o conceito \u201cC\u201d. <\/p>\n\n\n\n<p>O coordenador do primeiro semestre do curso de Ci\u00eancia da Computa\u00e7\u00e3o era o prof. Almir Joaquim de Souza, respons\u00e1vel pela estrutura\u00e7\u00e3o do curso, a partir de agosto 2000 a profa. Hellena Christina passou a coordenar o curso por dois anos. Em seguida, o prof. Adevailton, a profa. Sandra Regina Rocha, o prof. Gentil Veloso Barbosa, prof. George Lauro Ribeiro de Brito, prof. Marcelo Leineker, Profa. Thereza Patr\u00edcia Pereira Padilha, prof. Eduardo Ferreira Ribeiro, prof. Warley Gramacho da Silva, prof. Ary Henrique M. de Oliveira e o prof. Alexandre Tadeu Rossini foram coordenadores de curso.<\/p>\n\n\n\n<p>O Curso de Ci\u00eancia da Computa\u00e7\u00e3o implantou dois cursos de p\u00f3s-gradua\u00e7\u00e3o lato sensu, uma especializa\u00e7\u00e3o em Desenvolvimento de Sistemas Computacionais de alta Complexidade, no ano de 2010 e a especializa\u00e7\u00e3o em Sistemas de Apoio \u00e0 Decis\u00e3o, no ano de 2018, esta \u00faltima, ofertada gratuitamente. Foram propostas ainda duas especializa\u00e7\u00f5es em Inform\u00e1tica na Educa\u00e7\u00e3o, a primeira na modalidade presencial no ano de 2012, a qual n\u00e3o foi implantada, e a segunda no ano de 2018, na modalidade de Ensino \u00e0 Dist\u00e2ncia (EaD) junto \u00e0 Universidade Aberta do Brasil (UAB).<\/p>\n\n\n\n<p>O Curso de Ci\u00eancia da Computa\u00e7\u00e3o prop\u00f4s, no ano de 2011, o Curso de P\u00f3s-Gradua\u00e7\u00e3o Stricto Sensu Mestrado Profissional Interdisciplinar em Modelagem Computacional de Sistemas (PPGMCS), que foi submetido \u00e0 Coordena\u00e7\u00e3o de Aperfei\u00e7oamento de Pessoal de N\u00edvel Superior (CAPES). O curso foi implantado em 2013, e atualmente, conta com nomenclatura alterada para Modelagem Computacional de Sistemas, conta com o Conceito 4. Em 2017, o Curso de Ci\u00eancia da Computa\u00e7\u00e3o submeteu uma nova proposta de curso, P\u00f3s-Gradua\u00e7\u00e3o Stricto Sensu Mestrado Acad\u00eamico Interdisciplinar em Computa\u00e7\u00e3o Aplicada (PPGCA), que est\u00e1 atualmente em processo de an\u00e1lise pela CAPES.<\/p>\n\n\n\n<p>As Diretrizes Curriculares Nacionais, Projeto de Desenvolvimento Institucional e Sistema Nacional de Avalia\u00e7\u00e3o da Educa\u00e7\u00e3o Superior s\u00e3o instrumentos usados como norteadores do planejamento a\u00e7\u00f5es administrativas e pedag\u00f3gicas no Curso de Ci\u00eancia da Computa\u00e7\u00e3o. No que tange os sistemas de avalia\u00e7\u00e3o, os acad\u00eamicos do curso j\u00e1 participaram de 03 edi\u00e7\u00f5es do Exame Nacional de Desempenho de Estudantes (ENADE). O exame, realizado pelo Instituto Nacional de Estudos e Pesquisas Educacionais An\u00edsio Teixeira (INEP), busca identificar o rendimento dos concluintes dos cursos de gradua\u00e7\u00e3o, em rela\u00e7\u00e3o aos conte\u00fados program\u00e1ticos, habilidades e compet\u00eancias adquiridas em sua forma\u00e7\u00e3o. Nas tr\u00eas edi\u00e7\u00f5es, realizadas nos anos de 2008, 2011 e 2014, o Curso de Ci\u00eancia da Computa\u00e7\u00e3o obteve o conceito 3. O colegiado e o NDE do Curso de Ci\u00eancia da Computa\u00e7\u00e3o, desde 2015, v\u00eam executando a\u00e7\u00f5es para a obten\u00e7\u00e3o do conceito m\u00e1ximo junto ao exame, discutindo a\u00e7\u00f5es pedag\u00f3gicas para elevar o conceito do curso para 4 ou 5. Nesse sentido, o curso est\u00e1 aguardando o resultado do exame realizado no ano de 2017.<\/p>\n\n\n\n<p>Desde a sua implanta\u00e7\u00e3o, o Curso de Ci\u00eancia da Computa\u00e7\u00e3o vem se destacando como principal refer\u00eancia da \u00e1rea no Estado do Tocantins. Possui uma infraestrutura f\u00edsica administrativa pedag\u00f3gica completa, al\u00e9m de um corpo docente altamente qualificado. Destaca-se como um dos principais cursos da \u00e1rea de computa\u00e7\u00e3o da Regi\u00e3o Norte do Brasil recebendo e atendendo, inclusive, acad\u00eamicos oriundos de grandes regi\u00f5es dos estados circunvizinhos, tais como o leste do Mato Grosso, oeste da Bahia, sul do Piau\u00ed, Maranh\u00e3o e Par\u00e1 e o norte do estado de Goi\u00e1s.<\/p>\n\n\n\n<h2>Linha do Tempo do Curso<\/h2>\n\n\n\r\n    <!-- Timeline Meta Data -->\r\n    \r\n    <!-- Start Parent Container -->\r\n    <div id=\"btimeline-579\" >\r\n        <div class=\"timeline bp_titleline\" data-timeline='{&quot;timeline_type&quot;:&quot;horizontal&quot;,&quot;date_location&quot;:&quot;right&quot;,&quot;item_datas&quot;:[{&quot;date_label&quot;:&quot;2000&quot;,&quot;item_details&quot;:&quot;&lt;span class=\\&quot;JsGRdQ\\&quot;&gt;O Curso de Bacharelado em Ci\\u00eancia da Computa\\u00e7\\u00e3o foi autorizado por meio da Resolu\\u00e7\\u00e3o n\\u00ba 036\\\/1999 do Conselho Curador da Funda\\u00e7\\u00e3o Universidade do Tocantins.&lt;\\\/span&gt;&quot;},{&quot;date_label&quot;:&quot;2000&quot;,&quot;item_details&quot;:&quot;&lt;span class=\\&quot;JsGRdQ\\&quot;&gt;O Curso de Bacharelado em Ci\\u00eancia da Computa\\u00e7\\u00e3o foi autorizado por meio da Resolu\\u00e7\\u00e3o n\\u00ba 036\\\/1999 do Conselho Curador da Funda\\u00e7\\u00e3o Universidade do Tocantins.&lt;\\\/span&gt;&quot;},{&quot;date_label&quot;:&quot;2000&quot;,&quot;item_details&quot;:&quot;&lt;span class=\\&quot;JsGRdQ\\&quot;&gt;O Curso de Bacharelado em Ci\\u00eancia da Computa\\u00e7\\u00e3o foi autorizado por meio da Resolu\\u00e7\\u00e3o n\\u00ba 036\\\/1999 do Conselho Curador da Funda\\u00e7\\u00e3o Universidade do Tocantins.&lt;\\\/span&gt;&quot;},{&quot;date_label&quot;:&quot;2000&quot;,&quot;item_details&quot;:&quot;&lt;span class=\\&quot;JsGRdQ\\&quot;&gt;O Curso de Bacharelado em Ci\\u00eancia da Computa\\u00e7\\u00e3o foi autorizado por meio da Resolu\\u00e7\\u00e3o n\\u00ba 036\\\/1999 do Conselho Curador da Funda\\u00e7\\u00e3o Universidade do Tocantins.&lt;\\\/span&gt;&quot;},{&quot;date_label&quot;:&quot;2000&quot;,&quot;item_details&quot;:&quot;&lt;span class=\\&quot;JsGRdQ\\&quot;&gt;O coordenador do primeiro semestre do curso de Ci\\u00eancia da Computa\\u00e7\\u00e3o era o prof. Almir Joaquim de Souza, respons\\u00e1vel pela estrutura\\u00e7\\u00e3o do curso.&lt;\\\/span&gt;&quot;},{&quot;date_label&quot;:&quot;2002&quot;,&quot;item_details&quot;:&quot;&lt;span class=\\&quot;JsGRdQ\\&quot;&gt;Foi reconhecido pelo MEC e obteve o conceito \\u201cC\\u201d.&lt;\\\/span&gt;&quot;},{&quot;date_label&quot;:&quot;2010&quot;,&quot;item_details&quot;:&quot;&lt;span class=\\&quot;JsGRdQ\\&quot;&gt;Implantou o curso de p\\u00f3s-gradua\\u00e7\\u00e3o lato sensu: especializa\\u00e7\\u00e3o em Desenvolvimento de Sistemas Computacionais de alta Complexidade.&lt;\\\/span&gt;&quot;},{&quot;date_label&quot;:&quot;2010&quot;,&quot;item_details&quot;:&quot;&lt;span class=\\&quot;JsGRdQ\\&quot;&gt;O Curso foi credenciado junto ao Comit\\u00ea da \\u00c1rea de Tecnologia da Informa\\u00e7\\u00e3o (CATI).&lt;\\\/span&gt;&quot;},{&quot;date_label&quot;:&quot;2010&quot;,&quot;item_details&quot;:&quot;&lt;span class=\\&quot;JsGRdQ\\&quot;&gt;Foi implantada a Homologadora de Software da Universidade Federal do Tocantins (UFT) junto ao Conselho Nacional de Pol\\u00edtica Fazend\\u00e1ria (CONFAZ).&lt;\\\/span&gt;&quot;},{&quot;date_label&quot;:&quot;2013&quot;,&quot;item_details&quot;:&quot;&lt;span class=\\&quot;JsGRdQ\\&quot;&gt;Foi implantado Curso de P\\u00f3s-Gradua\\u00e7\\u00e3o Stricto Sensu Mestrado Profissional Interdisciplinar: Modelagem Computacional de Sistemas com o Conceito 4.&lt;\\\/span&gt;&quot;},{&quot;date_label&quot;:&quot;2016&quot;,&quot;item_details&quot;:&quot;&lt;span class=\\&quot;JsGRdQ\\&quot;&gt;Associou-se \\u00e0 Sociedade Brasileira de Computa\\u00e7\\u00e3o (SBC)&lt;\\\/span&gt;&quot;},{&quot;date_label&quot;:&quot;2017&quot;,&quot;item_details&quot;:&quot;&lt;span class=\\&quot;JsGRdQ\\&quot;&gt;Recebeu o projeto HackaTruck pela primeira vez.&lt;\\\/span&gt;&quot;},{&quot;date_label&quot;:&quot;2018&quot;,&quot;item_details&quot;:&quot;&lt;span class=\\&quot;JsGRdQ\\&quot;&gt;Implantou o curso de especializa\\u00e7\\u00e3o em Sistemas de Apoio \\u00e0 Decis\\u00e3o, ofertado de forma gratuita.&lt;\\\/span&gt;&quot;}],&quot;start_item&quot;:&quot;0&quot;,&quot;move_item&quot;:&quot;3&quot;,&quot;visible_items&quot;:&quot;3&quot;,&quot;vertica_trigger&quot;:&quot;15&quot;,&quot;rtl_mode&quot;:&quot;&quot;,&quot;bar_bg_color&quot;:&quot;#277a25&quot;,&quot;bar_dot_color&quot;:&quot;#277a25&quot;,&quot;item_bg&quot;:&quot;#ffffff&quot;,&quot;item_color&quot;:&quot;#333333&quot;,&quot;item_fontWeight&quot;:&quot;bold&quot;,&quot;item_fontStyle&quot;:&quot;normal&quot;,&quot;item_fontSize&quot;:&quot;14&quot;,&quot;item_border_size&quot;:&quot;1&quot;,&quot;item_border_color&quot;:&quot;#277a25&quot;,&quot;label_fontSize&quot;:&quot;16&quot;,&quot;lebel_fontWeight&quot;:&quot;bold&quot;,&quot;label_fontStyle&quot;:&quot;normal&quot;,&quot;label_color&quot;:&quot;#222222&quot;}'>\r\n            <div class=\"timeline__wrap\">\r\n                <div class=\"timeline__items\">\r\n\r\n                    \r\n                    <div class=\"timeline__item  fadeIn\">\r\n                        <div class=\"timeline__item__inner\">\r\n                            <div class=\"timeline__content__wrap\">\r\n                                <div class=\"timeline__content\">\r\n                                    <h2>2000 <\/h2>\r\n                                    <p><span class=\"JsGRdQ\">O Curso de Bacharelado em Ci\u00eancia da Computa\u00e7\u00e3o foi autorizado por meio da Resolu\u00e7\u00e3o n\u00ba 036\/1999 do Conselho Curador da Funda\u00e7\u00e3o Universidade do Tocantins.<\/span> <\/p>\r\n                                <\/div>\r\n                            <\/div>\r\n                        <\/div>\r\n                    <\/div>\r\n\r\n                    \r\n                    <div class=\"timeline__item  fadeIn\">\r\n                        <div class=\"timeline__item__inner\">\r\n                            <div class=\"timeline__content__wrap\">\r\n                                <div class=\"timeline__content\">\r\n                                    <h2>2000 <\/h2>\r\n                                    <p><span class=\"JsGRdQ\">O Curso de Bacharelado em Ci\u00eancia da Computa\u00e7\u00e3o foi autorizado por meio da Resolu\u00e7\u00e3o n\u00ba 036\/1999 do Conselho Curador da Funda\u00e7\u00e3o Universidade do Tocantins.<\/span> <\/p>\r\n                                <\/div>\r\n                            <\/div>\r\n                        <\/div>\r\n                    <\/div>\r\n\r\n                    \r\n                    <div class=\"timeline__item  fadeIn\">\r\n                        <div class=\"timeline__item__inner\">\r\n                            <div class=\"timeline__content__wrap\">\r\n                                <div class=\"timeline__content\">\r\n                                    <h2>2000 <\/h2>\r\n                                    <p><span class=\"JsGRdQ\">O Curso de Bacharelado em Ci\u00eancia da Computa\u00e7\u00e3o foi autorizado por meio da Resolu\u00e7\u00e3o n\u00ba 036\/1999 do Conselho Curador da Funda\u00e7\u00e3o Universidade do Tocantins.<\/span> <\/p>\r\n                                <\/div>\r\n                            <\/div>\r\n                        <\/div>\r\n                    <\/div>\r\n\r\n                    \r\n                    <div class=\"timeline__item  fadeIn\">\r\n                        <div class=\"timeline__item__inner\">\r\n                            <div class=\"timeline__content__wrap\">\r\n                                <div class=\"timeline__content\">\r\n                                    <h2>2000 <\/h2>\r\n                                    <p><span class=\"JsGRdQ\">O Curso de Bacharelado em Ci\u00eancia da Computa\u00e7\u00e3o foi autorizado por meio da Resolu\u00e7\u00e3o n\u00ba 036\/1999 do Conselho Curador da Funda\u00e7\u00e3o Universidade do Tocantins.<\/span> <\/p>\r\n                                <\/div>\r\n                            <\/div>\r\n                        <\/div>\r\n                    <\/div>\r\n\r\n                    \r\n                    <div class=\"timeline__item  fadeIn\">\r\n                        <div class=\"timeline__item__inner\">\r\n                            <div class=\"timeline__content__wrap\">\r\n                                <div class=\"timeline__content\">\r\n                                    <h2>2000 <\/h2>\r\n                                    <p><span class=\"JsGRdQ\">O coordenador do primeiro semestre do curso de Ci\u00eancia da Computa\u00e7\u00e3o era o prof. Almir Joaquim de Souza, respons\u00e1vel pela estrutura\u00e7\u00e3o do curso.<\/span> <\/p>\r\n                                <\/div>\r\n                            <\/div>\r\n                        <\/div>\r\n                    <\/div>\r\n\r\n                    \r\n                    <div class=\"timeline__item  fadeIn\">\r\n                        <div class=\"timeline__item__inner\">\r\n                            <div class=\"timeline__content__wrap\">\r\n                                <div class=\"timeline__content\">\r\n                                    <h2>2002 <\/h2>\r\n                                    <p><span class=\"JsGRdQ\">Foi reconhecido pelo MEC e obteve o conceito \u201cC\u201d.<\/span> <\/p>\r\n                                <\/div>\r\n                            <\/div>\r\n                        <\/div>\r\n                    <\/div>\r\n\r\n                    \r\n                    <div class=\"timeline__item  fadeIn\">\r\n                        <div class=\"timeline__item__inner\">\r\n                            <div class=\"timeline__content__wrap\">\r\n                                <div class=\"timeline__content\">\r\n                                    <h2>2010 <\/h2>\r\n                                    <p><span class=\"JsGRdQ\">Implantou o curso de p\u00f3s-gradua\u00e7\u00e3o lato sensu: especializa\u00e7\u00e3o em Desenvolvimento de Sistemas Computacionais de alta Complexidade.<\/span> <\/p>\r\n                                <\/div>\r\n                            <\/div>\r\n                        <\/div>\r\n                    <\/div>\r\n\r\n                    \r\n                    <div class=\"timeline__item  fadeIn\">\r\n                        <div class=\"timeline__item__inner\">\r\n                            <div class=\"timeline__content__wrap\">\r\n                                <div class=\"timeline__content\">\r\n                                    <h2>2010 <\/h2>\r\n                                    <p><span class=\"JsGRdQ\">O Curso foi credenciado junto ao Comit\u00ea da \u00c1rea de Tecnologia da Informa\u00e7\u00e3o (CATI).<\/span> <\/p>\r\n                                <\/div>\r\n                            <\/div>\r\n                        <\/div>\r\n                    <\/div>\r\n\r\n                    \r\n                    <div class=\"timeline__item  fadeIn\">\r\n                        <div class=\"timeline__item__inner\">\r\n                            <div class=\"timeline__content__wrap\">\r\n                                <div class=\"timeline__content\">\r\n                                    <h2>2010 <\/h2>\r\n                                    <p><span class=\"JsGRdQ\">Foi implantada a Homologadora de Software da Universidade Federal do Tocantins (UFT) junto ao Conselho Nacional de Pol\u00edtica Fazend\u00e1ria (CONFAZ).<\/span> <\/p>\r\n                                <\/div>\r\n                            <\/div>\r\n                        <\/div>\r\n                    <\/div>\r\n\r\n                    \r\n                    <div class=\"timeline__item  fadeIn\">\r\n                        <div class=\"timeline__item__inner\">\r\n                            <div class=\"timeline__content__wrap\">\r\n                                <div class=\"timeline__content\">\r\n                                    <h2>2013 <\/h2>\r\n                                    <p><span class=\"JsGRdQ\">Foi implantado Curso de P\u00f3s-Gradua\u00e7\u00e3o Stricto Sensu Mestrado Profissional Interdisciplinar: Modelagem Computacional de Sistemas com o Conceito 4.<\/span> <\/p>\r\n                                <\/div>\r\n                            <\/div>\r\n                        <\/div>\r\n                    <\/div>\r\n\r\n                    \r\n                    <div class=\"timeline__item  fadeIn\">\r\n                        <div class=\"timeline__item__inner\">\r\n                            <div class=\"timeline__content__wrap\">\r\n                                <div class=\"timeline__content\">\r\n                                    <h2>2016 <\/h2>\r\n                                    <p><span class=\"JsGRdQ\">Associou-se \u00e0 Sociedade Brasileira de Computa\u00e7\u00e3o (SBC)<\/span> <\/p>\r\n                                <\/div>\r\n                            <\/div>\r\n                        <\/div>\r\n                    <\/div>\r\n\r\n                    \r\n                    <div class=\"timeline__item  fadeIn\">\r\n                        <div class=\"timeline__item__inner\">\r\n                            <div class=\"timeline__content__wrap\">\r\n                                <div class=\"timeline__content\">\r\n                                    <h2>2017 <\/h2>\r\n                                    <p><span class=\"JsGRdQ\">Recebeu o projeto HackaTruck pela primeira vez.<\/span> <\/p>\r\n                                <\/div>\r\n                            <\/div>\r\n                        <\/div>\r\n                    <\/div>\r\n\r\n                    \r\n                    <div class=\"timeline__item  fadeIn\">\r\n                        <div class=\"timeline__item__inner\">\r\n                            <div class=\"timeline__content__wrap\">\r\n                                <div class=\"timeline__content\">\r\n                                    <h2>2018 <\/h2>\r\n                                    <p><span class=\"JsGRdQ\">Implantou o curso de especializa\u00e7\u00e3o em Sistemas de Apoio \u00e0 Decis\u00e3o, ofertado de forma gratuita.<\/span> <\/p>\r\n                                <\/div>\r\n                            <\/div>\r\n                        <\/div>\r\n                    <\/div>\r\n\r\n                                    <\/div>\r\n            <\/div>\r\n        <\/div>\r\n    <\/div> <!-- End Parent Container -->\r\n    <style>\r\n        #btimeline-579 .timeline__content {\r\n            background: #ffffff;\r\n            border: 1px solid #277a25;\r\n    \r\n        }\r\n        #btimeline-579 .timeline__content p{\r\n            font-size: 14px;\r\n            color: #333333;\r\n            font-style: normal;\r\n            font-weight: bold        }\r\n        #btimeline-579 .timeline__content h2{\r\n            font-size: 16px;\r\n            color: #222222;\r\n            font-style: normal;\r\n            font-weight: bold        }\r\n        \/* Timeline Dot *\/\r\n        #btimeline-579 .timeline__item::after {\r\n        background-color: '#fff';\r\n        border: 5px solid #277a25;\r\n        }\r\n        #btimeline-579 .timeline--horizontal .timeline-divider,\r\n        579 .timeline:not(.timeline--horizontal)::before  {\r\n        background-color: #277a25;}\r\n\r\n        579 .timeline__item--left .timeline__content::before {\r\n        border-left: 11px solid #277a25;}\r\n\r\n        579 .timeline__item--right .timeline__content::before {\r\n            border-right: 12px solid #277a25;\r\n        }\r\n        #btimeline-579 .timeline__item--left .timeline__content::after {\r\n        border-left: 11px solid #ffffff;}\r\n\r\n        #btimeline-579 .timeline__item--right .timeline__content::after {\r\n            border-right: 12px solid #ffffff;\r\n        }\r\n\r\n        #btimeline-579 .timeline__item.timeline__item--top .timeline__content::before {\r\n        border-top: 14px solid #277a25 !important;}\r\n\r\n        #btimeline-579 .timeline__item.timeline__item--bottom .timeline__content::before {\r\n            border-bottom: 14px solid #277a25!important;\r\n            border-top: none;\r\n        }\r\n\r\n        \/* Horizontal view *\/\r\n        #btimeline-579 .timeline__item.timeline__item--top .timeline__content::after {\r\n        border-top: 12px solid #ffffff;\r\n        }\r\n\r\n        #btimeline-579 .timeline__item.timeline__item--bottom .timeline__content::after {\r\n            border-bottom: 12px solid #ffffff;\r\n            border-top: none;\r\n        }\r\n\r\n        \/* Mobaile view *\/\r\n        #btimeline-579 .timeline--mobile .timeline__item .timeline__content::before {\r\n            border-left: none;\r\n            border-right: 12px solid #277a25;\r\n        }\r\n        #btimeline-579 .timeline--mobile .timeline__item .timeline__content::after {\r\n            border-left: none;\r\n            border-right: 12px solid #ffffff;\r\n        }\r\n        #btimeline-579 .timeline-nav-button {\r\n            background-color: #fff;\r\n            border: 2px solid #277a25;\r\n        }\r\n    \r\n    <\/style>\r\n  \r\n\n","protected":false},"excerpt":{"rendered":"<p>O curso de Ci\u00eancia da Computa\u00e7\u00e3o da UFT teve origem com o curso de Processamento de Dados oferecido pela Universidade &hellip; <\/p>\n","protected":false},"author":1,"featured_media":0,"parent":0,"menu_order":0,"comment_status":"closed","ping_status":"closed","template":"","meta":[],"_links":{"self":[{"href":"https:\/\/palmas.uft.edu.br\/grad\/ccomp\/index.php?rest_route=\/wp\/v2\/pages\/93"}],"collection":[{"href":"https:\/\/palmas.uft.edu.br\/grad\/ccomp\/index.php?rest_route=\/wp\/v2\/pages"}],"about":[{"href":"https:\/\/palmas.uft.edu.br\/grad\/ccomp\/index.php?rest_route=\/wp\/v2\/types\/page"}],"author":[{"embeddable":true,"href":"https:\/\/palmas.uft.edu.br\/grad\/ccomp\/index.php?rest_route=\/wp\/v2\/users\/1"}],"replies":[{"embeddable":true,"href":"https:\/\/palmas.uft.edu.br\/grad\/ccomp\/index.php?rest_route=%2Fwp%2Fv2%2Fcomments&post=93"}],"version-history":[{"count":10,"href":"https:\/\/palmas.uft.edu.br\/grad\/ccomp\/index.php?rest_route=\/wp\/v2\/pages\/93\/revisions"}],"predecessor-version":[{"id":585,"href":"https:\/\/palmas.uft.edu.br\/grad\/ccomp\/index.php?rest_route=\/wp\/v2\/pages\/93\/revisions\/585"}],"wp:attachment":[{"href":"https:\/\/palmas.uft.edu.br\/grad\/ccomp\/index.php?rest_route=%2Fwp%2Fv2%2Fmedia&parent=93"}],"curies":[{"name":"wp","href":"https:\/\/api.w.org\/{rel}","templated":true}]}}